{"id":2,"date":"2024-05-03T10:20:49","date_gmt":"2024-05-03T10:20:49","guid":{"rendered":"https:\/\/galland-sas.com\/?page_id=2"},"modified":"2026-01-08T09:19:50","modified_gmt":"2026-01-08T09:19:50","slug":"produits","status":"publish","type":"page","link":"https:\/\/galland-sas.com\/en\/produits\/","title":{"rendered":"Products"},"content":{"rendered":"<div class=\"wp-block-uagb-container uagb-block-235866a2 alignwide uagb-is-root-container\">\n<h2 class=\"wp-block-heading\"><strong>List of products<\/strong><\/h2>\n\n\n\n<p>GALLAND's mission is to manufacture components for overhead contact lines, whether conventional, high-speed, or for urban transport. The experience GALLAND has accumulated for 80 years in the railway sector positions us as a specialist in the market. This expertise is the result of countless hours of research and development, conducted in close collaboration with and attentive to our clients' needs. Today, the technical nature of the railway and tramway markets demands a high level of commitment, which GALLAND continues to provide through its daily investment in quality, innovation, and service.<\/p>\n<\/div>","protected":false},"excerpt":{"rendered":"<p>Liste de produits La vocation de la soci\u00e9t\u00e9 GALLAND est de r\u00e9aliser des pi\u00e8ces pour les cat\u00e9naires, qu\u2019elles soient conventionnelles, grandes vitesses ou pour les transports urbains. L\u2019exp\u00e9rience accumul\u00e9e depuis 80 ans par la soci\u00e9t\u00e9 GALLAND dans le secteur ferroviaire nous positionne sur le march\u00e9 au titre de sp\u00e9cialiste. Cette sp\u00e9cialit\u00e9 est le fruit de longues heures de recherches et&hellip;<\/p>","protected":false},"author":1,"featured_media":142,"parent":0,"menu_order":2,"comment_status":"closed","ping_status":"closed","template":"templates\/template-page-produits.php","meta":{"_acf_changed":false,"_uag_custom_page_level_css":"","footnotes":""},"class_list":["post-2","page","type-page","status-publish","has-post-thumbnail","hentry","entry"],"acf":[],"uagb_featured_image_src":{"full":["https:\/\/galland-sas.com\/wp-content\/uploads\/2024\/05\/coverProduit.jpg",1920,600,false],"thumbnail":["https:\/\/galland-sas.com\/wp-content\/uploads\/2024\/05\/coverProduit-150x150.jpg",150,150,true],"medium":["https:\/\/galland-sas.com\/wp-content\/uploads\/2024\/05\/coverProduit-300x94.jpg",300,94,true],"medium_large":["https:\/\/galland-sas.com\/wp-content\/uploads\/2024\/05\/coverProduit-768x240.jpg",768,240,true],"large":["https:\/\/galland-sas.com\/wp-content\/uploads\/2024\/05\/coverProduit-1024x320.jpg",1024,320,true],"1536x1536":["https:\/\/galland-sas.com\/wp-content\/uploads\/2024\/05\/coverProduit-1536x480.jpg",1536,480,true],"2048x2048":["https:\/\/galland-sas.com\/wp-content\/uploads\/2024\/05\/coverProduit.jpg",1920,600,false],"trp-custom-language-flag":["https:\/\/galland-sas.com\/wp-content\/uploads\/2024\/05\/coverProduit.jpg",18,6,false],"largexl":["https:\/\/galland-sas.com\/wp-content\/uploads\/2024\/05\/coverProduit-1220x381.jpg",1220,381,true],"post-thumbnail":["https:\/\/galland-sas.com\/wp-content\/uploads\/2024\/05\/coverProduit-1568x490.jpg",1568,490,true]},"uagb_author_info":{"display_name":"dfuzionadmin","author_link":"https:\/\/galland-sas.com\/en\/author\/dfuzionadmin\/"},"uagb_comment_info":0,"uagb_excerpt":"Liste de produits La vocation de la soci\u00e9t\u00e9 GALLAND est de r\u00e9aliser des pi\u00e8ces pour les cat\u00e9naires, qu\u2019elles soient conventionnelles, grandes vitesses ou pour les transports urbains. L\u2019exp\u00e9rience accumul\u00e9e depuis 80 ans par la soci\u00e9t\u00e9 GALLAND dans le secteur ferroviaire nous positionne sur le march\u00e9 au titre de sp\u00e9cialiste. Cette sp\u00e9cialit\u00e9 est le fruit de&hellip;","_links":{"self":[{"href":"https:\/\/galland-sas.com\/en\/wp-json\/wp\/v2\/pages\/2","targetHints":{"allow":["GET"]}}],"collection":[{"href":"https:\/\/galland-sas.com\/en\/wp-json\/wp\/v2\/pages"}],"about":[{"href":"https:\/\/galland-sas.com\/en\/wp-json\/wp\/v2\/types\/page"}],"author":[{"embeddable":true,"href":"https:\/\/galland-sas.com\/en\/wp-json\/wp\/v2\/users\/1"}],"replies":[{"embeddable":true,"href":"https:\/\/galland-sas.com\/en\/wp-json\/wp\/v2\/comments?post=2"}],"version-history":[{"count":13,"href":"https:\/\/galland-sas.com\/en\/wp-json\/wp\/v2\/pages\/2\/revisions"}],"predecessor-version":[{"id":59765,"href":"https:\/\/galland-sas.com\/en\/wp-json\/wp\/v2\/pages\/2\/revisions\/59765"}],"wp:featuredmedia":[{"embeddable":true,"href":"https:\/\/galland-sas.com\/en\/wp-json\/wp\/v2\/media\/142"}],"wp:attachment":[{"href":"https:\/\/galland-sas.com\/en\/wp-json\/wp\/v2\/media?parent=2"}],"curies":[{"name":"wp","href":"https:\/\/api.w.org\/{rel}","templated":true}]}}