{"id":254,"date":"2024-07-19T12:31:41","date_gmt":"2024-07-19T12:31:41","guid":{"rendered":"https:\/\/galland-sas.com\/?page_id=254"},"modified":"2025-02-25T15:30:31","modified_gmt":"2025-02-25T15:30:31","slug":"contact","status":"publish","type":"page","link":"https:\/\/galland-sas.com\/en\/contact\/","title":{"rendered":"Contact"},"content":{"rendered":"<div class=\"wp-block-uagb-container uagb-block-da4043b0 alignfull uagb-is-root-container\"><div class=\"uagb-container-inner-blocks-wrap\">\n<div class=\"wp-block-uagb-container uagb-block-fdfef3f5\">\n<p class=\"has-color-2-color has-text-color has-link-color wp-elements-60ce920c0c446cab7852ad3836a4d4f4\">Contact us now<\/p>\n\n\n\n<h2 class=\"wp-block-heading tw-mb-6\">We will be happy to answer all your questions!<\/h2>\n\n\n\n<div class=\"wp-block-uagb-container uagb-block-d55f050b alignfull uagb-is-root-container\"><div class=\"uagb-container-inner-blocks-wrap\">\n<div class=\"wp-block-uagb-container uagb-block-f07b59d2\">\n<p class=\"tw-mb-0\"><strong>Galland SAS<\/strong><\/p>\n\n\n\n<p>255 Z.A. de l\u2019illot<br>33240 La Lande-de-Fronsac<br>France<\/p>\n<\/div>\n\n\n\n<div class=\"wp-block-uagb-container uagb-block-0aa355ce\">\n<p class=\"tw-mb-0\"><strong>Phone<\/strong><\/p>\n\n\n\n<p>+33 (0)5 57 94 07 20<\/p>\n<\/div>\n\n\n\n<div class=\"wp-block-uagb-container uagb-block-00810285\">\n<p class=\"tw-mb-0\"><strong>Follow us<\/strong><\/p>\n\n\n\n<figure class=\"wp-block-image size-full is-resized tw-mt-0\"><a href=\"https:\/\/galland-sas.com\/wp-content\/uploads\/2024\/07\/PICTO-LINKEDIN.svg\" target=\"_blank\" rel=\"noreferrer noopener\"><img loading=\"lazy\" decoding=\"async\" width=\"600\" height=\"600\" src=\"https:\/\/galland-sas.com\/wp-content\/uploads\/2025\/02\/linkedin.png\" alt=\"linkedin\" class=\"wp-image-59605\" style=\"object-fit:cover;width:40px;height:40px\" srcset=\"https:\/\/galland-sas.com\/wp-content\/uploads\/2025\/02\/linkedin.png 600w, https:\/\/galland-sas.com\/wp-content\/uploads\/2025\/02\/linkedin-300x300.png 300w, https:\/\/galland-sas.com\/wp-content\/uploads\/2025\/02\/linkedin-150x150.png 150w, https:\/\/galland-sas.com\/wp-content\/uploads\/2025\/02\/linkedin-12x12.png 12w\" sizes=\"auto, (max-width: 600px) 100vw, 600px\" \/><\/a><\/figure>\n<\/div>\n\n\n\n<div class=\"wp-block-uagb-container uagb-block-0f5e3a3f\">\n<p class=\"tw-mb-0\"><strong>E-mail<\/strong><\/p>\n\n\n\n<p><a href=\"mailto:webcontact@galland-sas.com\"><span style=\"text-decoration: underline;\">Write to us by email<\/span><\/a><\/p>\n<\/div>\n\n\n\n<h2 class=\"wp-block-heading tw-mt-7 text-effect text-effect-1\">since 1946<\/h2>\n<\/div><\/div>\n<\/div>\n\n\n\n<div class=\"wp-block-uagb-container uagb-block-c3ed13e6\"><div class=\"forminator-ui forminator-custom-form forminator-custom-form-141 forminator-design--material  forminator_ajax\" data-forminator-render=\"0\" data-form=\"forminator-module-141\" data-uid=\"69dbbafb6745c\"><br\/><\/div><form\n\t\t\t\tid=\"forminator-module-141\"\n\t\t\t\tclass=\"forminator-ui forminator-custom-form forminator-custom-form-141 forminator-design--material  forminator_ajax\"\n\t\t\t\tmethod=\"post\"\n\t\t\t\tdata-forminator-render=\"0\"\n\t\t\t\tdata-form-id=\"141\"\n\t\t\t\tenctype=\"multipart\/form-data\" data-color-option=\"default\" data-design=\"material\" data-grid=\"open\" style=\"display: none;\"\n\t\t\t\tdata-uid=\"69dbbafb6745c\" action=\"\"\n\t\t\t><div role=\"alert\" aria-live=\"polite\" class=\"forminator-response-message forminator-error\" aria-hidden=\"true\"><\/div><div class=\"forminator-row\"><div id=\"name-2\" class=\"forminator-field-name forminator-col forminator-col-6\"><div class=\"forminator-field\"><label for=\"forminator-field-name-2_69dbbafb6745c\" id=\"forminator-field-name-2_69dbbafb6745c-label\" class=\"forminator-label\">Name <span class=\"forminator-required\">*<\/span><\/label><input type=\"text\" name=\"name-2\" value=\"\" placeholder=\"For example: Jean\" id=\"forminator-field-name-2_69dbbafb6745c\" class=\"forminator-input forminator-name--field\" aria-required=\"true\" autocomplete=\"name\" \/><\/div><\/div><div id=\"name-1\" class=\"forminator-field-name forminator-col forminator-col-6\"><div class=\"forminator-field\"><label for=\"forminator-field-name-1_69dbbafb6745c\" id=\"forminator-field-name-1_69dbbafb6745c-label\" class=\"forminator-label\">First name <span class=\"forminator-required\">*<\/span><\/label><input type=\"text\" name=\"name-1\" value=\"\" placeholder=\"For example: Jean\" id=\"forminator-field-name-1_69dbbafb6745c\" class=\"forminator-input forminator-name--field\" aria-required=\"true\" autocomplete=\"name\" \/><\/div><\/div><\/div><div class=\"forminator-row\"><div id=\"email-1\" class=\"forminator-field-email forminator-col forminator-col-6\"><div class=\"forminator-field\"><label for=\"forminator-field-email-1_69dbbafb6745c\" id=\"forminator-field-email-1_69dbbafb6745c-label\" class=\"forminator-label\">E-mail <span class=\"forminator-required\">*<\/span><\/label><input type=\"email\" name=\"email-1\" value=\"\" placeholder=\"For example: jacques@martin.com\" id=\"forminator-field-email-1_69dbbafb6745c\" class=\"forminator-input forminator-email--field\" data-required=\"true\" aria-required=\"true\" autocomplete=\"email\" \/><\/div><\/div><div id=\"phone-1\" class=\"forminator-field-phone forminator-col forminator-col-6\"><div class=\"forminator-field\"><label for=\"forminator-field-phone-1_69dbbafb6745c\" id=\"forminator-field-phone-1_69dbbafb6745c-label\" class=\"forminator-label\">Phone number<\/label><input type=\"text\" name=\"phone-1\" value=\"\" placeholder=\"For example: +1 02 03 04 05\" id=\"forminator-field-phone-1_69dbbafb6745c\" class=\"forminator-input forminator-field--phone\" data-required=\"\" aria-required=\"false\" autocomplete=\"off\" \/><\/div><\/div><\/div><div class=\"forminator-row\"><div id=\"text-3\" class=\"forminator-field-text forminator-col forminator-col-6\"><div class=\"forminator-field\"><label for=\"forminator-field-text-3_69dbbafb6745c\" id=\"forminator-field-text-3_69dbbafb6745c-label\" class=\"forminator-label\">Company <span class=\"forminator-required\">*<\/span><\/label><input type=\"text\" name=\"text-3\" value=\"\" placeholder=\"For example: indicative text\" id=\"forminator-field-text-3_69dbbafb6745c\" class=\"forminator-input forminator-name--field\" data-required=\"1\" \/><\/div><\/div><div id=\"text-2\" class=\"forminator-field-text forminator-col forminator-col-6\"><div class=\"forminator-field\"><label for=\"forminator-field-text-2_69dbbafb6745c\" id=\"forminator-field-text-2_69dbbafb6745c-label\" class=\"forminator-label\">Country <span class=\"forminator-required\">*<\/span><\/label><input type=\"text\" name=\"text-2\" value=\"\" placeholder=\"For example: indicative text\" id=\"forminator-field-text-2_69dbbafb6745c\" class=\"forminator-input forminator-name--field\" data-required=\"1\" \/><\/div><\/div><\/div><div class=\"forminator-row\"><div id=\"select-1\" class=\"forminator-field-select forminator-col forminator-col-6\"><div class=\"forminator-field\"><label for=\"forminator-form-141__field--select-1_69dbbafb6745c\" id=\"forminator-form-141__field--select-1_69dbbafb6745c-label\" class=\"forminator-label\">Subject of the request<\/label><select  id=\"forminator-form-141__field--select-1_69dbbafb6745c\" class=\"forminator-select--field forminator-select2 forminator-select2-multiple\" data-required=\"\" name=\"select-1\" data-default-value=\"\" data-hidden-behavior=\"zero\" data-placeholder=\"\" data-search=\"false\" data-search-placeholder=\"\" data-checkbox=\"false\" data-allow-clear=\"false\" aria-labelledby=\"forminator-form-141__field--select-1_69dbbafb6745c-label\"><option value=\"produit\"  data-calculation=\"0\">Technical\/commercial question<\/option><option value=\"repr\u00e9sentation\"  data-calculation=\"0\">Represent us<\/option><option value=\"recrutement\"  data-calculation=\"0\">Application \/ We are recruiting<\/option><option value=\"Autres\"  data-calculation=\"0\">Others<\/option><\/select><\/div><\/div><div id=\"text-1\" class=\"forminator-field-text forminator-col forminator-col-6\"><div class=\"forminator-field\"><label for=\"forminator-field-text-1_69dbbafb6745c\" id=\"forminator-field-text-1_69dbbafb6745c-label\" class=\"forminator-label\">Product reference<\/label><input type=\"text\" name=\"text-1\" value=\"\" placeholder=\"For example: indicative text\" id=\"forminator-field-text-1_69dbbafb6745c\" class=\"forminator-input forminator-name--field\" data-required=\"\" \/><\/div><\/div><\/div><div class=\"forminator-row\"><div id=\"upload-1\" class=\"forminator-field-upload forminator-col forminator-col-12\"><div class=\"forminator-field\"><label for=\"forminator-field-upload-1_69dbbafb6745c\" id=\"forminator-field-upload-1_69dbbafb6745c-label\" class=\"forminator-label\">Add your CV <span class=\"forminator-required\">*<\/span><\/label><div class=\"forminator-file-upload\" data-element=\"upload-1_69dbbafb6745c\" aria-describedby=\"forminator-field-upload-1_69dbbafb6745c-description\"><input type=\"file\" name=\"upload-1\" id=\"forminator-field-upload-1_69dbbafb6745c\" class=\"forminator-input-file-required do-validate\" accept=\".avif,.svgz,.jpg,.jpeg,.jpe,.doc,.docx,.pdf\" tabindex=\"-1\"><button id=\"forminator-field-upload-1_69dbbafb6745c_button\" class=\"forminator-button forminator-button-upload\" data-id=\"forminator-field-upload-1_69dbbafb6745c\">Choose File<\/button><span data-empty-text=\"No file chosen\">No file chosen<\/span><button class=\"forminator-button-delete\" style=\"display: none;\"><i class=\"forminator-icon-close\" aria-hidden=\"true\"><\/i><span class=\"forminator-screen-reader-only\">Delete uploaded file<\/span><\/button><\/div><span id=\"forminator-field-upload-1_69dbbafb6745c-description\" class=\"forminator-description\">Your document must not exceed 10MB and be in pdf, jpg, doc or docx format<\/span><\/div><\/div><\/div><div class=\"forminator-row\"><div id=\"upload-2\" class=\"forminator-field-upload forminator-col forminator-col-12\"><div class=\"forminator-field\"><label for=\"forminator-field-upload-2_69dbbafb6745c\" id=\"forminator-field-upload-2_69dbbafb6745c-label\" class=\"forminator-label\">Add a document<\/label><div class=\"forminator-file-upload\" data-element=\"upload-2_69dbbafb6745c\" aria-describedby=\"forminator-field-upload-2_69dbbafb6745c-description\"><input type=\"file\" name=\"upload-2\" id=\"forminator-field-upload-2_69dbbafb6745c\" class=\"forminator-input-file\" accept=\".avif,.svgz,.jpg,.jpeg,.jpe,.doc,.docx,.pdf\" tabindex=\"-1\"><button id=\"forminator-field-upload-2_69dbbafb6745c_button\" class=\"forminator-button forminator-button-upload\" data-id=\"forminator-field-upload-2_69dbbafb6745c\">Choose File<\/button><span data-empty-text=\"No file chosen\">No file chosen<\/span><button class=\"forminator-button-delete\" style=\"display: none;\"><i class=\"forminator-icon-close\" aria-hidden=\"true\"><\/i><span class=\"forminator-screen-reader-only\">Delete uploaded file<\/span><\/button><\/div><span id=\"forminator-field-upload-2_69dbbafb6745c-description\" class=\"forminator-description\">Your document must not exceed 10MB and be in pdf, jpg, doc or docx format<\/span><\/div><\/div><\/div><div class=\"forminator-row\"><div id=\"textarea-1\" class=\"forminator-field-textarea forminator-col forminator-col-12\"><div class=\"forminator-field\"><label for=\"forminator-field-textarea-1_69dbbafb6745c\" id=\"forminator-field-textarea-1_69dbbafb6745c-label\" class=\"forminator-label\">Message<\/label><textarea name=\"textarea-1\" placeholder=\"Enter your message\u2026\" id=\"forminator-field-textarea-1_69dbbafb6745c\" class=\"forminator-textarea\" rows=\"6\" style=\"min-height:140px;\" maxlength=\"180\" ><\/textarea><span id=\"forminator-field-textarea-1_69dbbafb6745c-description\" class=\"forminator-description\"><span data-limit=\"180\" data-type=\"characters\" data-editor=\"\">0 \/ 180<\/span><\/span><\/div><\/div><\/div><div class=\"forminator-row\"><div id=\"consent-1\" class=\"forminator-field-consent forminator-col forminator-col-12\"><div class=\"forminator-field\"><div class=\"forminator-checkbox__wrapper\"><label id=\"forminator-field-consent-1_69dbbafb6745c__label\" class=\"forminator-checkbox forminator-consent\" aria-labelledby=\"forminator-field-consent-1_69dbbafb6745c-label\"><input type=\"checkbox\" name=\"consent-1\" id=\"forminator-field-consent-1_69dbbafb6745c\" value=\"checked\" aria-labelledby=\"forminator-field-consent-1_69dbbafb6745c-label\" aria-describedby=\"forminator-field-consent-1_69dbbafb6745c__description\" data-required=\"true\" aria-required=\"true\" \/><span class=\"forminator-checkbox-box\" aria-hidden=\"true\"><\/span><\/label><div id=\"forminator-field-consent-1_69dbbafb6745c__description\" class=\"forminator-checkbox__label forminator-consent__label\"><p>I accept the <a rel=\"noopener\" target=\"_blank\" href=\"\/en\/politique-de-confidentialite\/\">Privacy Policy<\/a> of Galland SAS<\/p><\/div><\/div><\/div><\/div><\/div><div class=\"forminator-row\"><div id=\"checkbox-1\" class=\"forminator-field-checkbox forminator-col forminator-col-12\"><div role=\"group\" class=\"forminator-field\" aria-labelledby=\"forminator-checkbox-group-forminator-field-checkbox-1-69dbbafb6745c-label\"><label id=\"forminator-field-checkbox-1-1-69dbbafb6745c-label\" for=\"forminator-field-checkbox-1-1-69dbbafb6745c\" class=\"forminator-checkbox\" title=\"I subscribe to the newsletter\"><input type=\"checkbox\" name=\"checkbox-1[]\" value=\"newsletter\" id=\"forminator-field-checkbox-1-1-69dbbafb6745c\" aria-labelledby=\"forminator-field-checkbox-1-1-69dbbafb6745c-label\" data-calculation=\"0\"   data-hidden-behavior=\"zero\"\/><span class=\"forminator-checkbox-box\" aria-hidden=\"true\"><\/span><span class=\"forminator-checkbox-label\">I subscribe to the newsletter<\/span><\/label><\/div><\/div><\/div><div class=\"forminator-row\" style=\"margin: 0;\"><div id=\"captcha-1\" class=\"forminator-field-captcha  forminator-col-12\"><div class=\"forminator-captcha-left forminator-g-recaptcha recaptcha-invisible\" data-theme=\"light\" data-badge=\"bottomright\" data-sitekey=\"6LdyOoIkAAAAADCSWNrlZ8MfiLsPF8Yl2FgBagy2\" data-size=\"invisible\"><\/div> <\/div><\/div><input type=\"hidden\" name=\"referer_url\" value=\"\" \/><div class=\"forminator-row forminator-row-last\"><div class=\"forminator-col\"><div class=\"forminator-field\"><button class=\"forminator-button forminator-button-submit\"><span>Send the message<\/span><span aria-hidden=\"true\"><\/span><\/button><\/div><\/div><\/div><input type=\"hidden\" id=\"forminator_nonce\" name=\"forminator_nonce\" value=\"ee5be4616d\" \/><input type=\"hidden\" name=\"_wp_http_referer\" value=\"\/en\/wp-json\/wp\/v2\/pages\/254\" \/><input type=\"hidden\" name=\"form_id\" value=\"141\"><input type=\"hidden\" name=\"page_id\" value=\"254\"><input type=\"hidden\" name=\"form_type\" value=\"default\"><input type=\"hidden\" name=\"current_url\" value=\"https:\/\/galland-sas.com\/en\/contact\/\"><input type=\"hidden\" name=\"render_id\" value=\"0\"><input type=\"hidden\" name=\"action\" value=\"forminator_submit_form_custom-forms\"><input type=\"hidden\" name=\"trp-form-language\" value=\"en\"\/><\/form>\n<\/div>\n<\/div><\/div>\n\n\n\n<div data-aos= \"fade\" data-aos-duration=\"400\" data-aos-delay=\"0\" data-aos-easing=\"ease\" data-aos-once=\"true\" class=\"wp-block-uagb-container contact_projet uagb-layout-flex uagb-block-86b693dc alignfull uagb-is-root-container\"><div class=\"uagb-container-inner-blocks-wrap\">\n<div class=\"wp-block-uagb-container uagb-layout-grid uagb-block-6ed6d423\">\n<div class=\"wp-block-uagb-image uagb-block-ee37d242 wp-block-uagb-image--layout-default wp-block-uagb-image--effect-static wp-block-uagb-image--align-none\"><figure class=\"wp-block-uagb-image__figure\"><img decoding=\"async\" srcset=\"https:\/\/galland-sas.com\/wp-content\/uploads\/2024\/07\/PICTO-VOUSAVEZUNPROJET.svg ,https:\/\/galland-sas.com\/wp-content\/uploads\/2024\/07\/PICTO-VOUSAVEZUNPROJET.svg 780w, https:\/\/galland-sas.com\/wp-content\/uploads\/2024\/07\/PICTO-VOUSAVEZUNPROJET.svg 360w\" sizes=\"auto, (max-width: 480px) 150px\" src=\"https:\/\/galland-sas.com\/wp-content\/uploads\/2024\/07\/PICTO-VOUSAVEZUNPROJET.svg\" alt=\"Vous avez un projet ?\" class=\"uag-image-278\" width=\"77\" height=\"65\" title=\"PICTO-YOUHAVEAPROJECT\" loading=\"lazy\" role=\"img\"\/><\/figure><\/div>\n\n\n\n<h4 class=\"wp-block-heading has-blanc-color has-text-color has-link-color has-large-font-size wp-elements-f32f6bbb149ce63cc293cdc2e145ffb5\"><strong>A project?<br>Let&#039;s talk about it together <\/strong> !<\/h4>\n<\/div>\n\n\n\n<div class=\"wp-block-uagb-container uagb-block-53679ddf\">\n<p class=\"btn_white\"><a href=\"https:\/\/galland-sas.com\/en\/contact\/\" data-type=\"page\" data-id=\"254\">Contact Galland<\/a><\/p>\n<\/div>\n<\/div><\/div>\n\n\n\n<div class=\"wp-block-group alignfull has-color-1-background-color has-background tw-block-animation tw-animation-fade-in tw-duration-2\" style=\"--tw-animation-delay:0.5s;padding-top:0px;padding-bottom:0px\"><div class=\"wp-block-group__inner-container is-layout-constrained wp-block-group-is-layout-constrained\">\n<div class=\"wp-block-uagb-container uagb-block-4d3884c2 alignfull uagb-is-root-container\"><div class=\"uagb-container-inner-blocks-wrap\">\n<div class=\"wp-block-uagb-container linkedin uagb-block-610bc166\">\n<div style=\"height:10px\" aria-hidden=\"true\" class=\"wp-block-spacer\"><\/div>\n\n\n\n<div class=\"wp-block-group is-content-justification-center is-nowrap is-layout-flex wp-container-core-group-is-layout-9817af40 wp-block-group-is-layout-flex\" style=\"padding-right:0;padding-left:0\">\n<h4 class=\"wp-block-heading followus has-blanc-color has-text-color has-link-color wp-elements-407b78a7a9adec098a2897643306795e\"><a href=\"https:\/\/fr.linkedin.com\/company\/galland-sas\" target=\"_blank\" rel=\"noreferrer noopener\"><strong>Follow us on<\/strong><\/a><\/h4>\n\n\n\n<div class=\"wp-block-uagb-image uagb-block-5091212c wp-block-uagb-image--layout-default wp-block-uagb-image--effect-static wp-block-uagb-image--align-none\"><figure class=\"wp-block-uagb-image__figure\"><a class=\"\" href=\"https:\/\/fr.linkedin.com\/company\/galland-sas\" target=\"_blank\" rel=\"noreferrer noopener\"><img decoding=\"async\" srcset=\"https:\/\/galland-sas.com\/wp-content\/uploads\/2024\/07\/PICTO-LINKEDIN.svg ,https:\/\/galland-sas.com\/wp-content\/uploads\/2024\/07\/PICTO-LINKEDIN.svg 780w, https:\/\/galland-sas.com\/wp-content\/uploads\/2024\/07\/PICTO-LINKEDIN.svg 360w\" sizes=\"auto, (max-width: 480px) 150px\" src=\"https:\/\/galland-sas.com\/wp-content\/uploads\/2024\/07\/PICTO-LINKEDIN.svg\" alt=\"LinkedIn Galland\" class=\"uag-image-273\" width=\"36\" height=\"52\" title=\"PICTO-LINKEDIN\" loading=\"lazy\" role=\"img\"\/><\/a><\/figure><\/div>\n<\/div>\n<\/div>\n\n\n\n<div class=\"wp-block-uagb-container uagb-block-2bbef7e0\">\n<h4 class=\"wp-block-heading has-blanc-color has-text-color has-link-color has-large-font-size wp-elements-2288765ab25da10ccf634d63ad81c221\"><strong>Be the first to know<br>the latest news from Galland.<\/strong><br><strong>Subscribe to our newsletter!<\/strong><\/h4>\n\n\n<form id=\"forminator-module-140\" class=\"forminator-custom-form forminator-custom-form-140\" method=\"post\" data-forminator-render=\"0\" data-uid=\"69dbbafb6a253\" action=\"\"><div role=\"alert\" aria-live=\"polite\" class=\"forminator-response-message forminator-error\" aria-hidden=\"true\"><\/div><input type=\"hidden\" name=\"trp-form-language\" value=\"en\"\/><\/form>\n<\/div>\n<\/div><\/div>\n<\/div><\/div>\n\n\n\n<div style=\"height:0px\" aria-hidden=\"true\" class=\"wp-block-spacer\"><\/div>","protected":false},"excerpt":{"rendered":"<p>Contact us now We will be happy to answer all your questions! Galland SAS 255 Z.A. de l\u2019illot33240 La Lande-de-FronsacFrance Phone +33 (0)5 57 94 07 20 Follow us Email Write to us by email since 1946<\/p>","protected":false},"author":1,"featured_media":142,"parent":0,"menu_order":5,"comment_status":"closed","ping_status":"closed","template":"","meta":{"_acf_changed":false,"_uag_custom_page_level_css":"","footnotes":""},"class_list":["post-254","page","type-page","status-publish","has-post-thumbnail","hentry","entry"],"acf":[],"uagb_featured_image_src":{"full":["https:\/\/galland-sas.com\/wp-content\/uploads\/2024\/05\/coverProduit.jpg",1920,600,false],"thumbnail":["https:\/\/galland-sas.com\/wp-content\/uploads\/2024\/05\/coverProduit-150x150.jpg",150,150,true],"medium":["https:\/\/galland-sas.com\/wp-content\/uploads\/2024\/05\/coverProduit-300x94.jpg",300,94,true],"medium_large":["https:\/\/galland-sas.com\/wp-content\/uploads\/2024\/05\/coverProduit-768x240.jpg",768,240,true],"large":["https:\/\/galland-sas.com\/wp-content\/uploads\/2024\/05\/coverProduit-1024x320.jpg",1024,320,true],"1536x1536":["https:\/\/galland-sas.com\/wp-content\/uploads\/2024\/05\/coverProduit-1536x480.jpg",1536,480,true],"2048x2048":["https:\/\/galland-sas.com\/wp-content\/uploads\/2024\/05\/coverProduit.jpg",1920,600,false],"trp-custom-language-flag":["https:\/\/galland-sas.com\/wp-content\/uploads\/2024\/05\/coverProduit.jpg",18,6,false],"largexl":["https:\/\/galland-sas.com\/wp-content\/uploads\/2024\/05\/coverProduit-1220x381.jpg",1220,381,true],"post-thumbnail":["https:\/\/galland-sas.com\/wp-content\/uploads\/2024\/05\/coverProduit-1568x490.jpg",1568,490,true]},"uagb_author_info":{"display_name":"dfuzionadmin","author_link":"https:\/\/galland-sas.com\/en\/author\/dfuzionadmin\/"},"uagb_comment_info":0,"uagb_excerpt":"Contactez-nous d\u00e8s maintenant Nous serons heureux de r\u00e9pondre \u00e0 toutes vos questions ! Galland SAS 255 Z.A. de l\u2019illot33240 La Lande-de-FronsacFrance T\u00e9l\u00e9phone +33 (0)5 57 94 07 20 Suivez-nous Email \u00c9crivez-nous par mail depuis 1946","_links":{"self":[{"href":"https:\/\/galland-sas.com\/en\/wp-json\/wp\/v2\/pages\/254","targetHints":{"allow":["GET"]}}],"collection":[{"href":"https:\/\/galland-sas.com\/en\/wp-json\/wp\/v2\/pages"}],"about":[{"href":"https:\/\/galland-sas.com\/en\/wp-json\/wp\/v2\/types\/page"}],"author":[{"embeddable":true,"href":"https:\/\/galland-sas.com\/en\/wp-json\/wp\/v2\/users\/1"}],"replies":[{"embeddable":true,"href":"https:\/\/galland-sas.com\/en\/wp-json\/wp\/v2\/comments?post=254"}],"version-history":[{"count":45,"href":"https:\/\/galland-sas.com\/en\/wp-json\/wp\/v2\/pages\/254\/revisions"}],"predecessor-version":[{"id":59611,"href":"https:\/\/galland-sas.com\/en\/wp-json\/wp\/v2\/pages\/254\/revisions\/59611"}],"wp:featuredmedia":[{"embeddable":true,"href":"https:\/\/galland-sas.com\/en\/wp-json\/wp\/v2\/media\/142"}],"wp:attachment":[{"href":"https:\/\/galland-sas.com\/en\/wp-json\/wp\/v2\/media?parent=254"}],"curies":[{"name":"wp","href":"https:\/\/api.w.org\/{rel}","templated":true}]}}