{"id":58577,"date":"2024-07-26T09:59:48","date_gmt":"2024-07-26T09:59:48","guid":{"rendered":"https:\/\/galland-sas.com\/?page_id=58577"},"modified":"2026-01-08T09:33:23","modified_gmt":"2026-01-08T09:33:23","slug":"projets","status":"publish","type":"page","link":"https:\/\/galland-sas.com\/en\/projets\/","title":{"rendered":"Projects"},"content":{"rendered":"<div class=\"wp-block-uagb-container uagb-block-18a79411 alignfull uagb-is-root-container\"><div class=\"uagb-container-inner-blocks-wrap\">\n<div class=\"wp-block-uagb-container uagb-block-aa27a023\">\n<p class=\"has-color-2-color has-text-color has-link-color wp-elements-699f37d9a4ccd1251a41f09bc78aba0f\">Presence of the company<\/p>\n\n\n\n<h2 class=\"wp-block-heading has-color-1-color has-text-color has-link-color wp-elements-43a7c0f4d2d4f22430bd66d54ffb0837\">Galland, present on 5 continents!<\/h2>\n<\/div>\n\n\n\n<div class=\"wp-block-uagb-container uagb-block-2a12bef5\">\n<div class=\"wp-block-uagb-image uagb-block-027bce56 wp-block-uagb-image--layout-default wp-block-uagb-image--effect-static wp-block-uagb-image--align-none\"><figure class=\"wp-block-uagb-image__figure\"><img decoding=\"async\" srcset=\"https:\/\/galland-sas.com\/wp-content\/uploads\/2024\/12\/GALLAND-ELEMENT-TEXTE-SITE_40-850x372-EN.png 3542w, https:\/\/galland-sas.com\/wp-content\/uploads\/2024\/12\/GALLAND-ELEMENT-TEXTE-SITE_40-850x372-EN-300x131.png 300w, https:\/\/galland-sas.com\/wp-content\/uploads\/2024\/12\/GALLAND-ELEMENT-TEXTE-SITE_40-850x372-EN-1024x448.png 1024w, https:\/\/galland-sas.com\/wp-content\/uploads\/2024\/12\/GALLAND-ELEMENT-TEXTE-SITE_40-850x372-EN-768x336.png 768w, https:\/\/galland-sas.com\/wp-content\/uploads\/2024\/12\/GALLAND-ELEMENT-TEXTE-SITE_40-850x372-EN-1536x672.png 1536w, https:\/\/galland-sas.com\/wp-content\/uploads\/2024\/12\/GALLAND-ELEMENT-TEXTE-SITE_40-850x372-EN-2048x896.png 2048w, https:\/\/galland-sas.com\/wp-content\/uploads\/2024\/12\/GALLAND-ELEMENT-TEXTE-SITE_40-850x372-EN-18x8.png 18w, https:\/\/galland-sas.com\/wp-content\/uploads\/2024\/12\/GALLAND-ELEMENT-TEXTE-SITE_40-850x372-EN-1220x534.png 1220w, https:\/\/galland-sas.com\/wp-content\/uploads\/2024\/12\/GALLAND-ELEMENT-TEXTE-SITE_40-850x372-EN-1568x686.png 1568w\" sizes=\"auto, (max-width: 480px) 150px\" src=\"https:\/\/galland-sas.com\/wp-content\/uploads\/2024\/12\/GALLAND-ELEMENT-TEXTE-SITE_40-850x372-EN.png\" alt=\"Plus de 40 pays\" class=\"uag-image-58899\" width=\"407\" height=\"150\" title=\"coutries-present\" loading=\"lazy\" role=\"img\"\/><\/figure><\/div>\n<\/div>\n<\/div><\/div>\n\n\n\n<div class=\"wp-block-uagb-container uagb-block-7c98dbc4 alignfull uagb-is-root-container\"><div class=\"uagb-container-inner-blocks-wrap\">\n<div class=\"wp-block-uagb-image uagb-block-edd14c79 wp-block-uagb-image--layout-default wp-block-uagb-image--effect-static wp-block-uagb-image--align-none\"><figure class=\"wp-block-uagb-image__figure\"><img decoding=\"async\" srcset=\"https:\/\/galland-sas.com\/wp-content\/uploads\/2024\/07\/CARTE-GALLAND-plaquette.svg ,https:\/\/galland-sas.com\/wp-content\/uploads\/2024\/07\/CARTE-GALLAND-plaquette.svg 780w, https:\/\/galland-sas.com\/wp-content\/uploads\/2024\/07\/CARTE-GALLAND-plaquette.svg 360w\" sizes=\"auto, (max-width: 480px) 150px\" src=\"https:\/\/galland-sas.com\/wp-content\/uploads\/2024\/07\/CARTE-GALLAND-plaquette.svg\" alt=\"\" class=\"uag-image-58579\" width=\"1214\" height=\"846\" title=\"CARTE-GALLAND-brochure\" loading=\"lazy\" role=\"img\"\/><\/figure><\/div>\n<\/div><\/div>\n\n\n\n<div class=\"wp-block-uagb-container uagb-block-8cdbda4f alignfull uagb-is-root-container\"><div class=\"uagb-container-inner-blocks-wrap\">\n<div class=\"wp-block-uagb-container uagb-block-c6229ecd\">\n<h2 class=\"wp-block-heading\">Custom projects<\/h2>\n<\/div>\n\n\n\n<div class=\"wp-block-uagb-container uagb-block-16890117\">\n<div class=\"wp-block-uagb-container uagb-block-648db033\">\n<p>Specializing in the design, manufacture and marketing of catenary electrical power supply equipment for railways, whether conventional, high-speed or for urban transport, the GALLAND company is one of the pillars of the French railway sector.<br>With 80 years of expertise, research and development to meet the demands of its customers, GALLAND is now turning towards new strategic horizons, which are part of the technological evolution of the railway sector.<\/p>\n<\/div>\n\n\n\n<div class=\"wp-block-uagb-container uagb-block-27963f38\">\n<p>Through eco-design, consideration of environmental impact, growing internationalization and technological advances, our experts and specialists are committed every day to meeting the new challenges of our society and the railway sector beyond borders, for more sustainable mobility.<br>GALLAND is a constant commitment to quality, innovation and service alongside its partners and customers.<\/p>\n<\/div>\n<\/div>\n<\/div><\/div>","protected":false},"excerpt":{"rendered":"<p>Pr\u00e9sence de la soci\u00e9t\u00e9 Galland, pr\u00e9sent sur les 5 continents ! Des projets sur mesure Sp\u00e9cialis\u00e9e dans la conception, la fabrication et la commercialisation de mat\u00e9riel d\u2019alimentation \u00e9lectrique cat\u00e9naires pour le ferroviaire, qu\u2019elles soient conventionnelles, grandes vitesses ou pour les transports urbains, l\u2019entreprise GALLAND est l\u2019un des piliers du secteur ferroviaire fran\u00e7ais.Forte de 80 ann\u00e9es d\u2019expertise, de recherche et d\u00e9veloppement&hellip;<\/p>","protected":false},"author":1,"featured_media":58685,"parent":0,"menu_order":3,"comment_status":"closed","ping_status":"closed","template":"templates\/template-page-projets.php","meta":{"_acf_changed":false,"_uag_custom_page_level_css":"","footnotes":""},"class_list":["post-58577","page","type-page","status-publish","has-post-thumbnail","hentry","entry"],"acf":[],"uagb_featured_image_src":{"full":["https:\/\/galland-sas.com\/wp-content\/uploads\/2024\/07\/header-projets.jpg",1600,629,false],"thumbnail":["https:\/\/galland-sas.com\/wp-content\/uploads\/2024\/07\/header-projets-150x150.jpg",150,150,true],"medium":["https:\/\/galland-sas.com\/wp-content\/uploads\/2024\/07\/header-projets-300x118.jpg",300,118,true],"medium_large":["https:\/\/galland-sas.com\/wp-content\/uploads\/2024\/07\/header-projets-768x302.jpg",768,302,true],"large":["https:\/\/galland-sas.com\/wp-content\/uploads\/2024\/07\/header-projets-1024x403.jpg",1024,403,true],"1536x1536":["https:\/\/galland-sas.com\/wp-content\/uploads\/2024\/07\/header-projets-1536x604.jpg",1536,604,true],"2048x2048":["https:\/\/galland-sas.com\/wp-content\/uploads\/2024\/07\/header-projets.jpg",1600,629,false],"trp-custom-language-flag":["https:\/\/galland-sas.com\/wp-content\/uploads\/2024\/07\/header-projets-18x7.jpg",18,7,true],"largexl":["https:\/\/galland-sas.com\/wp-content\/uploads\/2024\/07\/header-projets-1220x480.jpg",1220,480,true],"post-thumbnail":["https:\/\/galland-sas.com\/wp-content\/uploads\/2024\/07\/header-projets-1568x616.jpg",1568,616,true]},"uagb_author_info":{"display_name":"dfuzionadmin","author_link":"https:\/\/galland-sas.com\/en\/author\/dfuzionadmin\/"},"uagb_comment_info":0,"uagb_excerpt":"Pr\u00e9sence de la soci\u00e9t\u00e9 Galland, pr\u00e9sent sur les 5 continents ! Des projets sur mesure Sp\u00e9cialis\u00e9e dans la conception, la fabrication et la commercialisation de mat\u00e9riel d\u2019alimentation \u00e9lectrique cat\u00e9naires pour le ferroviaire, qu\u2019elles soient conventionnelles, grandes vitesses ou pour les transports urbains, l\u2019entreprise GALLAND est l\u2019un des piliers du secteur ferroviaire fran\u00e7ais.Forte de 80 ann\u00e9es&hellip;","_links":{"self":[{"href":"https:\/\/galland-sas.com\/en\/wp-json\/wp\/v2\/pages\/58577","targetHints":{"allow":["GET"]}}],"collection":[{"href":"https:\/\/galland-sas.com\/en\/wp-json\/wp\/v2\/pages"}],"about":[{"href":"https:\/\/galland-sas.com\/en\/wp-json\/wp\/v2\/types\/page"}],"author":[{"embeddable":true,"href":"https:\/\/galland-sas.com\/en\/wp-json\/wp\/v2\/users\/1"}],"replies":[{"embeddable":true,"href":"https:\/\/galland-sas.com\/en\/wp-json\/wp\/v2\/comments?post=58577"}],"version-history":[{"count":15,"href":"https:\/\/galland-sas.com\/en\/wp-json\/wp\/v2\/pages\/58577\/revisions"}],"predecessor-version":[{"id":59767,"href":"https:\/\/galland-sas.com\/en\/wp-json\/wp\/v2\/pages\/58577\/revisions\/59767"}],"wp:featuredmedia":[{"embeddable":true,"href":"https:\/\/galland-sas.com\/en\/wp-json\/wp\/v2\/media\/58685"}],"wp:attachment":[{"href":"https:\/\/galland-sas.com\/en\/wp-json\/wp\/v2\/media?parent=58577"}],"curies":[{"name":"wp","href":"https:\/\/api.w.org\/{rel}","templated":true}]}}