{"id":58639,"date":"2024-07-29T17:01:43","date_gmt":"2024-07-29T17:01:43","guid":{"rendered":"https:\/\/galland-sas.com\/?page_id=58639"},"modified":"2025-05-19T15:51:49","modified_gmt":"2025-05-19T15:51:49","slug":"presentation-2","status":"publish","type":"page","link":"https:\/\/galland-sas.com\/en\/presentation-2\/","title":{"rendered":"Presentation"},"content":{"rendered":"<div class=\"wp-block-uagb-container uagb-block-9ec98b0c alignfull uagb-is-root-container\"><div class=\"uagb-container-inner-blocks-wrap\">\n<div class=\"wp-block-uagb-container uagb-block-b741de21\">\n<div class=\"wp-block-uagb-container uagb-block-8dcb4918\">\n<div class=\"wp-block-uagb-image uagb-block-8b563ddf wp-block-uagb-image--layout-default wp-block-uagb-image--effect-static wp-block-uagb-image--align-none\"><figure class=\"wp-block-uagb-image__figure\"><img decoding=\"async\" sizes=\"auto, (max-width: 480px) 150px\" src=\"https:\/\/galland-sas.com\/wp-content\/uploads\/2024\/10\/GALLAND-ELEMENT-TEXTE_1030x200-EN.svg\" alt=\"depuis 1948\" class=\"uag-image-59220\" width=\"516\" height=\"90\" title=\"since-1946\" loading=\"lazy\" role=\"img\"\/><\/figure><\/div>\n<\/div>\n<\/div>\n\n\n\n<div class=\"wp-block-uagb-container uagb-block-aef9453c\">\n<div class=\"wp-block-uagb-container uag-hide-mob uagb-block-a225b04c\">\n<div class=\"wp-block-uagb-image uagb-block-f4413559 wp-block-uagb-image--layout-default wp-block-uagb-image--effect-static wp-block-uagb-image--align-none\"><figure class=\"wp-block-uagb-image__figure\"><img decoding=\"async\" srcset=\"https:\/\/galland-sas.com\/wp-content\/uploads\/2024\/07\/FLECHE-GRANDE.svg ,https:\/\/galland-sas.com\/wp-content\/uploads\/2024\/07\/FLECHE-GRANDE.svg 780w, https:\/\/galland-sas.com\/wp-content\/uploads\/2024\/07\/FLECHE-GRANDE.svg 360w\" sizes=\"auto, (max-width: 480px) 150px\" src=\"https:\/\/galland-sas.com\/wp-content\/uploads\/2024\/07\/FLECHE-GRANDE.svg\" alt=\"\" class=\"uag-image-58691\" width=\"201\" height=\"201\" title=\"BIG ARROW\" loading=\"lazy\" role=\"img\"\/><\/figure><\/div>\n<\/div>\n\n\n\n<div class=\"wp-block-uagb-container uagb-block-01eb71f9\">\n<p class=\"tw-mt-0 tw-mb-0 has-color-2-color has-text-color has-link-color wp-elements-ce63f72b5a1042714af5dad3671b3bd2\">About Galland<\/p>\n\n\n\n<h2 class=\"wp-block-heading tw-mb-0 has-color-1-color has-text-color has-link-color wp-elements-84bdfd4b70aa79f3c14f25b500141352\">Your partner in catenary solutions<\/h2>\n\n\n\n<p>GALLAND&#039;s mission is to provide solutions for catenaries, whether conventional, high-speed or intended for urban transport. Since 1946, our expertise accumulated in the railway sector has positioned us as specialists on the market. This specialization is the result of many hours of research and study, carried out in close collaboration with our customers. Today, the technical complexity of the railway and tramway markets requires a strong commitment. GALLAND continues to meet this requirement thanks to its daily investment in quality, innovation and service.<\/p>\n<\/div>\n<\/div>\n<\/div><\/div>\n\n\n\n<div class=\"wp-block-group has-color-1-background-color has-background\"><div class=\"wp-block-group__inner-container is-layout-constrained wp-block-group-is-layout-constrained\">\n<div class=\"wp-block-uagb-container uagb-block-521ec8eb alignfull uagb-is-root-container\"><div class=\"uagb-container-inner-blocks-wrap\">\n<h2 class=\"wp-block-heading tw-mb-0 has-blanc-color has-text-color has-link-color wp-elements-3b341675191adea1279c114a3e9d40e3\">Our reason for being<\/h2>\n<\/div><\/div>\n\n\n\n<div class=\"wp-block-uagb-container edito uagb-block-52d657fa alignfull uagb-is-root-container\"><div class=\"uagb-container-inner-blocks-wrap\">\n<div class=\"wp-block-uagb-container uagb-block-0362d549\">\n<p class=\"has-blanc-color has-text-color has-link-color wp-elements-5202a0c80fc2db9350316da61cba1ab9\" style=\"line-height:1.4\">Created at the end of the war to free the French Railways from coal, Galland SAS is now expanding its purpose: helping to decarbonize transport worldwide. To this end, our teams are constantly innovating to design and manufacture catenary systems:<\/p>\n\n\n\n<ul class=\"wp-block-list has-blanc-color has-text-color has-link-color wp-elements-f6591cfae5e87380687761f7a8aef5f5\">\n<li style=\"line-height:1.4\">of quality and therefore durable&nbsp;<\/li>\n\n\n\n<li style=\"line-height:1.4\">lightweight, therefore easy to install&nbsp;<\/li>\n\n\n\n<li style=\"line-height:1.4\">limiting the time and cost of construction sites&nbsp;<\/li>\n\n\n\n<li style=\"line-height:1.4\">of a simple design avoiding visual pollution and allowing insertion into the urban landscape&nbsp;<\/li>\n<\/ul>\n<\/div>\n\n\n\n<div class=\"wp-block-uagb-container uagb-block-40df3a8c\">\n<p class=\"has-blanc-color has-text-color has-link-color wp-elements-b5d497d3d39f180128085f84b780280d\" style=\"line-height:1.4\">In large parts of the world, our sales teams are helping to develop more space- and environmentally friendly modes of urban and interurban transport.&nbsp;<\/p>\n\n\n\n<p class=\"signature has-blanc-color has-text-color has-link-color wp-elements-01e855037d63176075addedd5b27b403\" style=\"line-height:1.4\">Philippe Galland,<br>Chairman<\/p>\n<\/div>\n<\/div><\/div>\n<\/div><\/div>\n\n\n\n<div id=\"histoire\" class=\"wp-block-uagb-container histoire uagb-block-4b26250a alignfull uagb-is-root-container\">\n<p class=\"has-text-align-center tw-mb-0 has-color-2-color has-text-color has-link-color wp-elements-ed61003388aed24d25f9dd04d9bd77ba\">History<\/p>\n\n\n\n<h2 class=\"wp-block-heading has-text-align-center tw-mb-6 tw-mt-0 has-color-1-color has-text-color has-link-color wp-elements-2723e9b2590eda16fb1bfdfdf7bd52f7\">History of the company Galland<\/h2>\n\n\n\n\t\t\t<div class=\"wp-block-uagb-post-carousel uagb-post-grid car_hist uagb-post__image-position-top uagb-post__image-disabled uagb-block-bed25f1d     uagb-post__arrow-outside uagb-slick-carousel uagb-post__items uagb-post__columns-4 is-carousel uagb-post__columns-tablet-2 uagb-post__columns-mobile-1\" data-total=\"1\" style=\"\">\n\n\t\t\t\t\t\t\t\t\t\t\t\t<article class=\"uagb-post__inner-wrap\">\t\t\t\t\t\t\t\t<h3 class=\"uagb-post__title uagb-post__text\">\n\t\t\t\t<a href=\"https:\/\/galland-sas.com\/en\/histoire\/1946\/\" target=\"_self\" rel=\"bookmark noopener noreferrer\">1946<\/a>\n\t\t\t<\/h3>\n\t\t\t\t\t\t<div class='uagb-post__text uagb-post-grid-byline'>\n\t\t\t\t\t\t\t<\/div>\n\t\t\t\t\t\t\t<div class='uagb-post__text uagb-post__excerpt'>\n\t\t\t\t\t<!-- wp:paragraph -->\n<p>Creation by Jacques Galland and Maurice Tr\u00eave of the original company \u201cJacques Galland SARL\u201d, initially located in Paris rue Daumesnil in an SNCF hangar, then at Choisy-le-Roi in a former suburban villa<\/p>\n<!-- \/wp:paragraph -->\t\t\t\t<\/div>\n\t\t\t\n\t\t\t\t\t\t\t\t\t<\/article>\n\t\t\t\t\t\t\t\t\t\t\t\t\t\t\t\t<article class=\"uagb-post__inner-wrap\">\t\t\t\t\t\t\t\t<h3 class=\"uagb-post__title uagb-post__text\">\n\t\t\t\t<a href=\"https:\/\/galland-sas.com\/en\/histoire\/1947\/\" target=\"_self\" rel=\"bookmark noopener noreferrer\">1947<\/a>\n\t\t\t<\/h3>\n\t\t\t\t\t\t<div class='uagb-post__text uagb-post-grid-byline'>\n\t\t\t\t\t\t\t<\/div>\n\t\t\t\t\t\t\t<div class='uagb-post__text uagb-post__excerpt'>\n\t\t\t\t\t<!-- wp:paragraph -->\n<p>Design by Maurice Tr\u00eave and patent filing of the principle of the first catenary section insulator.<\/p>\n<!-- \/wp:paragraph -->\t\t\t\t<\/div>\n\t\t\t\n\t\t\t\t\t\t\t\t\t<\/article>\n\t\t\t\t\t\t\t\t\t\t\t\t\t\t\t\t<article class=\"uagb-post__inner-wrap\">\t\t\t\t\t\t\t\t<h3 class=\"uagb-post__title uagb-post__text\">\n\t\t\t\t<a href=\"https:\/\/galland-sas.com\/en\/histoire\/1952\/\" target=\"_self\" rel=\"bookmark noopener noreferrer\">1952<\/a>\n\t\t\t<\/h3>\n\t\t\t\t\t\t<div class='uagb-post__text uagb-post-grid-byline'>\n\t\t\t\t\t\t\t<\/div>\n\t\t\t\t\t\t\t<div class='uagb-post__text uagb-post__excerpt'>\n\t\t\t\t\t<!-- wp:paragraph -->\n<p>Electrification of the Paris-Lyon line with Galland section insulators.<\/p>\n<!-- \/wp:paragraph -->\t\t\t\t<\/div>\n\t\t\t\n\t\t\t\t\t\t\t\t\t<\/article>\n\t\t\t\t\t\t\t\t\t\t\t\t\t\t\t\t<article class=\"uagb-post__inner-wrap\">\t\t\t\t\t\t\t\t<h3 class=\"uagb-post__title uagb-post__text\">\n\t\t\t\t<a href=\"https:\/\/galland-sas.com\/en\/histoire\/1955\/\" target=\"_self\" rel=\"bookmark noopener noreferrer\">1955<\/a>\n\t\t\t<\/h3>\n\t\t\t\t\t\t<div class='uagb-post__text uagb-post-grid-byline'>\n\t\t\t\t\t\t\t<\/div>\n\t\t\t\t\t\t\t<div class='uagb-post__text uagb-post__excerpt'>\n\t\t\t\t\t<!-- wp:paragraph -->\n<p>Speed record of 331 km\/h in the Landes with Galland equipment.<\/p>\n<!-- \/wp:paragraph -->\t\t\t\t<\/div>\n\t\t\t\n\t\t\t\t\t\t\t\t\t<\/article>\n\t\t\t\t\t\t\t\t\t\t\t\t\t\t\t\t<article class=\"uagb-post__inner-wrap\">\t\t\t\t\t\t\t\t<h3 class=\"uagb-post__title uagb-post__text\">\n\t\t\t\t<a href=\"https:\/\/galland-sas.com\/en\/histoire\/1961\/\" target=\"_self\" rel=\"bookmark noopener noreferrer\">1961<\/a>\n\t\t\t<\/h3>\n\t\t\t\t\t\t<div class='uagb-post__text uagb-post-grid-byline'>\n\t\t\t\t\t\t\t<\/div>\n\t\t\t\t\t\t\t<div class='uagb-post__text uagb-post__excerpt'>\n\t\t\t\t\t<!-- wp:paragraph -->\n<p>Creation of Fonderies et Ateliers du B\u00e9lier in V\u00e9rac for the manufacture of catenary foundry parts. Joint venture in India for the local production of SNCF catenaries.<\/p>\n<!-- \/wp:paragraph -->\t\t\t\t<\/div>\n\t\t\t\n\t\t\t\t\t\t\t\t\t<\/article>\n\t\t\t\t\t\t\t\t\t\t\t\t\t\t\t\t<article class=\"uagb-post__inner-wrap\">\t\t\t\t\t\t\t\t<h3 class=\"uagb-post__title uagb-post__text\">\n\t\t\t\t<a href=\"https:\/\/galland-sas.com\/en\/histoire\/1975\/\" target=\"_self\" rel=\"bookmark noopener noreferrer\">1975<\/a>\n\t\t\t<\/h3>\n\t\t\t\t\t\t<div class='uagb-post__text uagb-post-grid-byline'>\n\t\t\t\t\t\t\t<\/div>\n\t\t\t\t\t\t\t<div class='uagb-post__text uagb-post__excerpt'>\n\t\t\t\t\t<!-- wp:paragraph -->\n<p>Introduction of the IS 211625, the first lightweight and compact fiberglass section insulator for the new TGV lines.<\/p>\n<!-- \/wp:paragraph -->\t\t\t\t<\/div>\n\t\t\t\n\t\t\t\t\t\t\t\t\t<\/article>\n\t\t\t\t\t\t\t\t\t\t\t\t\t\t\t\t<article class=\"uagb-post__inner-wrap\">\t\t\t\t\t\t\t\t<h3 class=\"uagb-post__title uagb-post__text\">\n\t\t\t\t<a href=\"https:\/\/galland-sas.com\/en\/histoire\/1981\/\" target=\"_self\" rel=\"bookmark noopener noreferrer\">1981<\/a>\n\t\t\t<\/h3>\n\t\t\t\t\t\t<div class='uagb-post__text uagb-post-grid-byline'>\n\t\t\t\t\t\t\t<\/div>\n\t\t\t\t\t\t\t<div class='uagb-post__text uagb-post__excerpt'>\n\t\t\t\t\t<!-- wp:paragraph -->\n<p>Speed record of 380 km\/h on the TGV South-East with Galland equipment.<\/p>\n<!-- \/wp:paragraph -->\t\t\t\t<\/div>\n\t\t\t\n\t\t\t\t\t\t\t\t\t<\/article>\n\t\t\t\t\t\t\t\t\t\t\t\t\t\t\t\t<article class=\"uagb-post__inner-wrap\">\t\t\t\t\t\t\t\t<h3 class=\"uagb-post__title uagb-post__text\">\n\t\t\t\t<a href=\"https:\/\/galland-sas.com\/en\/histoire\/1990\/\" target=\"_self\" rel=\"bookmark noopener noreferrer\">1990<\/a>\n\t\t\t<\/h3>\n\t\t\t\t\t\t<div class='uagb-post__text uagb-post-grid-byline'>\n\t\t\t\t\t\t\t<\/div>\n\t\t\t\t\t\t\t<div class='uagb-post__text uagb-post__excerpt'>\n\t\t\t\t\t<!-- wp:paragraph -->\n<p>Speed record of 513.5 km\/h for the 325 train of the TGV Atlantique with Galland equipment.<\/p>\n<!-- \/wp:paragraph -->\t\t\t\t<\/div>\n\t\t\t\n\t\t\t\t\t\t\t\t\t<\/article>\n\t\t\t\t\t\t\t\t\t\t\t\t\t\t\t\t<article class=\"uagb-post__inner-wrap\">\t\t\t\t\t\t\t\t<h3 class=\"uagb-post__title uagb-post__text\">\n\t\t\t\t<a href=\"https:\/\/galland-sas.com\/en\/histoire\/1994\/\" target=\"_self\" rel=\"bookmark noopener noreferrer\">1994<\/a>\n\t\t\t<\/h3>\n\t\t\t\t\t\t<div class='uagb-post__text uagb-post-grid-byline'>\n\t\t\t\t\t\t\t<\/div>\n\t\t\t\t\t\t\t<div class='uagb-post__text uagb-post__excerpt'>\n\t\t\t\t\t<!-- wp:paragraph -->\n<p>Inauguration of the tunnel under the Manche, equipped with equipment specially designed by Galland (compact and resistant to marine corrosion). First Chinese high-speed line equipped with Galland equipment: section insulators, anchor parts, specific return arms.<\/p>\n<!-- \/wp:paragraph -->\t\t\t\t<\/div>\n\t\t\t\n\t\t\t\t\t\t\t\t\t<\/article>\n\t\t\t\t\t\t\t\t\t\t\t\t\t\t\t\t<article class=\"uagb-post__inner-wrap\">\t\t\t\t\t\t\t\t<h3 class=\"uagb-post__title uagb-post__text\">\n\t\t\t\t<a href=\"https:\/\/galland-sas.com\/en\/histoire\/2003\/\" target=\"_self\" rel=\"bookmark noopener noreferrer\">2003<\/a>\n\t\t\t<\/h3>\n\t\t\t\t\t\t<div class='uagb-post__text uagb-post-grid-byline'>\n\t\t\t\t\t\t\t<\/div>\n\t\t\t\t\t\t\t<div class='uagb-post__text uagb-post__excerpt'>\n\t\t\t\t\t<!-- wp:paragraph -->\n<p>Transfer of activity from the Choisy-le-Roi site to La Lande-de-Fronsac, development of our industrial tool.<\/p>\n<!-- \/wp:paragraph -->\t\t\t\t<\/div>\n\t\t\t\n\t\t\t\t\t\t\t\t\t<\/article>\n\t\t\t\t\t\t\t\t\t\t\t\t\t\t\t\t<article class=\"uagb-post__inner-wrap\">\t\t\t\t\t\t\t\t<h3 class=\"uagb-post__title uagb-post__text\">\n\t\t\t\t<a href=\"https:\/\/galland-sas.com\/en\/histoire\/2007\/\" target=\"_self\" rel=\"bookmark noopener noreferrer\">2007<\/a>\n\t\t\t<\/h3>\n\t\t\t\t\t\t<div class='uagb-post__text uagb-post-grid-byline'>\n\t\t\t\t\t\t\t<\/div>\n\t\t\t\t\t\t\t<div class='uagb-post__text uagb-post__excerpt'>\n\t\t\t\t\t<!-- wp:paragraph -->\n<p>Speed record of 574.8 km\/h on the TGV Grand Est line with Galland equipment.<\/p>\n<!-- \/wp:paragraph -->\t\t\t\t<\/div>\n\t\t\t\n\t\t\t\t\t\t\t\t\t<\/article>\n\t\t\t\t\t\t\t\t\t\t\t\t\t\t\t\t<article class=\"uagb-post__inner-wrap\">\t\t\t\t\t\t\t\t<h3 class=\"uagb-post__title uagb-post__text\">\n\t\t\t\t<a href=\"https:\/\/galland-sas.com\/en\/histoire\/2016\/\" target=\"_self\" rel=\"bookmark noopener noreferrer\">2016<\/a>\n\t\t\t<\/h3>\n\t\t\t\t\t\t<div class='uagb-post__text uagb-post-grid-byline'>\n\t\t\t\t\t\t\t<\/div>\n\t\t\t\t\t\t\t<div class='uagb-post__text uagb-post__excerpt'>\n\t\t\t\t\t<!-- wp:paragraph -->\n<p>Creation of a distribution subsidiary in China: Galland Catenay Suzhou Co. Ltd.<\/p>\n<!-- \/wp:paragraph -->\t\t\t\t<\/div>\n\t\t\t\n\t\t\t\t\t\t\t\t\t<\/article>\n\t\t\t\t\t\t\t\t\t\t\t<\/div>\n\t\t\t<\/div>\n\n\n\n<div class=\"wp-block-uagb-container uagb-block-9fe654b9 alignfull uagb-is-root-container\"><div class=\"uagb-container-inner-blocks-wrap\">\n<div class=\"wp-block-uagb-container uagb-block-77dfd91f\">\n<h3 class=\"wp-block-heading has-blanc-color has-text-color has-link-color has-medium-font-size wp-elements-6420ef8cf1b94452f1f617e5e5418329\"><strong>The values of Galland<\/strong><\/h3>\n<\/div>\n\n\n\n<div class=\"wp-block-uagb-container uag-hide-tab uag-hide-mob uagb-block-1573b592\"><\/div>\n\n\n\n<div class=\"wp-block-uagb-container uag-hide-mob uagb-block-f8c6a22d\"><\/div>\n<\/div><\/div>\n\n\n\n<div class=\"wp-block-uagb-container valeurs uagb-block-b9b77653 alignfull uagb-is-root-container\"><div class=\"uagb-container-inner-blocks-wrap\">\n<div class=\"wp-block-uagb-container uagb-block-b50d6f80\">\n<p class=\"has-text-align-right text-effect text-effect-1 has-huge-font-size\">01<\/p>\n\n\n\n<h4 class=\"wp-block-heading tw-mb-0 has-color-1-color has-text-color has-link-color has-medium-font-size wp-elements-f0ebabbf05e72bdc7d55bcba55a1cdc0\">Quality<\/h4>\n\n\n\n<p class=\"has-extra-small-font-size\" style=\"line-height:1.4\">Trained and specialized operators, a suitable machine park, optimized production lines, as well as rigorous and permanent controls constitute our industrial process. This system guarantees the control of our production and allows us to provide a high level of quality, meeting the requirements of our customers.<\/p>\n<\/div>\n\n\n\n<div class=\"wp-block-uagb-container uagb-block-7a600811\">\n<p class=\"has-text-align-right has-huge-font-size\" style=\"font-style:normal;font-weight:800\">02<\/p>\n\n\n\n<h4 class=\"wp-block-heading tw-mb-0 has-color-1-color has-text-color has-link-color has-medium-font-size wp-elements-04c5a7ecb34cd82aea55451409b4f058\">Innovation<\/h4>\n\n\n\n<p class=\"has-extra-small-font-size\" style=\"line-height:1.4\">Innovation: at the heart of our business. Our design office is constantly developing and designing innovative solutions to meet the expectations of our customers and the requirements of railway networks: reliability, safety and speed. Our commitment focuses on customer proximity, fundamental and breakthrough research. Catenary connectivity for better knowledge and control of networks, eco-design to meet environmental challenges and innovation to offer ever more efficient products. Committed since always, we are players in the catenary of tomorrow.<\/p>\n<\/div>\n\n\n\n<div class=\"wp-block-uagb-container uagb-block-26b43b6b\">\n<p class=\"has-text-align-right text-effect text-effect-1 has-huge-font-size\">03<\/p>\n\n\n\n<h4 class=\"wp-block-heading tw-mb-0 has-color-1-color has-text-color has-link-color has-medium-font-size wp-elements-fe938e97d8ebf9939c7e8593930915c3\">Service<\/h4>\n\n\n\n<p class=\"has-extra-small-font-size\" style=\"line-height:1.4\">Present in more than 40 countries, our structure allows us to offer our customers support and a presence on 5 continents. Armed with our network of agents and distributors, supported by the women and men of the company, we train and assist our customers in the installation of our catenary solutions. For any specific request concerning a development, a particular implementation, or a new design, contact our design office. We are at your disposal to meet your needs.<\/p>\n<\/div>\n<\/div><\/div>\n\n\n\n<div data-aos= \"fade\" data-aos-duration=\"400\" data-aos-delay=\"0\" data-aos-easing=\"ease\" data-aos-once=\"true\" class=\"wp-block-uagb-container contact_projet uagb-layout-flex uagb-block-86b693dc alignfull uagb-is-root-container\"><div class=\"uagb-container-inner-blocks-wrap\">\n<div class=\"wp-block-uagb-container uagb-layout-grid uagb-block-6ed6d423\">\n<div class=\"wp-block-uagb-image uagb-block-ee37d242 wp-block-uagb-image--layout-default wp-block-uagb-image--effect-static wp-block-uagb-image--align-none\"><figure class=\"wp-block-uagb-image__figure\"><img decoding=\"async\" srcset=\"https:\/\/galland-sas.com\/wp-content\/uploads\/2024\/07\/PICTO-VOUSAVEZUNPROJET.svg ,https:\/\/galland-sas.com\/wp-content\/uploads\/2024\/07\/PICTO-VOUSAVEZUNPROJET.svg 780w, https:\/\/galland-sas.com\/wp-content\/uploads\/2024\/07\/PICTO-VOUSAVEZUNPROJET.svg 360w\" sizes=\"auto, (max-width: 480px) 150px\" src=\"https:\/\/galland-sas.com\/wp-content\/uploads\/2024\/07\/PICTO-VOUSAVEZUNPROJET.svg\" alt=\"Vous avez un projet ?\" class=\"uag-image-278\" width=\"77\" height=\"65\" title=\"PICTO-YOUHAVEAPROJECT\" loading=\"lazy\" role=\"img\"\/><\/figure><\/div>\n\n\n\n<h4 class=\"wp-block-heading has-blanc-color has-text-color has-link-color has-large-font-size wp-elements-f32f6bbb149ce63cc293cdc2e145ffb5\"><strong>A project?<br>Let&#039;s talk about it together <\/strong> !<\/h4>\n<\/div>\n\n\n\n<div class=\"wp-block-uagb-container uagb-block-53679ddf\">\n<p class=\"btn_white\"><a href=\"https:\/\/galland-sas.com\/en\/contact\/\" data-type=\"page\" data-id=\"254\">Contact Galland<\/a><\/p>\n<\/div>\n<\/div><\/div>\n\n\n\n<div class=\"wp-block-group alignfull has-color-1-background-color has-background tw-block-animation tw-animation-fade-in tw-duration-2\" style=\"--tw-animation-delay:0.5s;padding-top:0px;padding-bottom:0px\"><div class=\"wp-block-group__inner-container is-layout-constrained wp-block-group-is-layout-constrained\">\n<div class=\"wp-block-uagb-container uagb-block-4d3884c2 alignfull uagb-is-root-container\"><div class=\"uagb-container-inner-blocks-wrap\">\n<div class=\"wp-block-uagb-container linkedin uagb-block-610bc166\">\n<div style=\"height:10px\" aria-hidden=\"true\" class=\"wp-block-spacer\"><\/div>\n\n\n\n<div class=\"wp-block-group is-content-justification-center is-nowrap is-layout-flex wp-container-core-group-is-layout-9817af40 wp-block-group-is-layout-flex\" style=\"padding-right:0;padding-left:0\">\n<h4 class=\"wp-block-heading followus has-blanc-color has-text-color has-link-color wp-elements-407b78a7a9adec098a2897643306795e\"><a href=\"https:\/\/fr.linkedin.com\/company\/galland-sas\" target=\"_blank\" rel=\"noreferrer noopener\"><strong>Follow us on<\/strong><\/a><\/h4>\n\n\n\n<div class=\"wp-block-uagb-image uagb-block-5091212c wp-block-uagb-image--layout-default wp-block-uagb-image--effect-static wp-block-uagb-image--align-none\"><figure class=\"wp-block-uagb-image__figure\"><a class=\"\" href=\"https:\/\/fr.linkedin.com\/company\/galland-sas\" target=\"_blank\" rel=\"noreferrer noopener\"><img decoding=\"async\" srcset=\"https:\/\/galland-sas.com\/wp-content\/uploads\/2024\/07\/PICTO-LINKEDIN.svg ,https:\/\/galland-sas.com\/wp-content\/uploads\/2024\/07\/PICTO-LINKEDIN.svg 780w, https:\/\/galland-sas.com\/wp-content\/uploads\/2024\/07\/PICTO-LINKEDIN.svg 360w\" sizes=\"auto, (max-width: 480px) 150px\" src=\"https:\/\/galland-sas.com\/wp-content\/uploads\/2024\/07\/PICTO-LINKEDIN.svg\" alt=\"LinkedIn Galland\" class=\"uag-image-273\" width=\"36\" height=\"52\" title=\"PICTO-LINKEDIN\" loading=\"lazy\" role=\"img\"\/><\/a><\/figure><\/div>\n<\/div>\n<\/div>\n\n\n\n<div class=\"wp-block-uagb-container uagb-block-2bbef7e0\">\n<h4 class=\"wp-block-heading has-blanc-color has-text-color has-link-color has-large-font-size wp-elements-2288765ab25da10ccf634d63ad81c221\"><strong>Be the first to know<br>the latest news from Galland.<\/strong><br><strong>Subscribe to our newsletter!<\/strong><\/h4>\n\n\n<form id=\"forminator-module-140\" class=\"forminator-custom-form forminator-custom-form-140\" method=\"post\" data-forminator-render=\"0\" data-uid=\"69dbce9b9f104\" action=\"\"><div role=\"alert\" aria-live=\"polite\" class=\"forminator-response-message forminator-error\" aria-hidden=\"true\"><\/div><input type=\"hidden\" name=\"trp-form-language\" value=\"en\"\/><\/form>\n<\/div>\n<\/div><\/div>\n<\/div><\/div>\n\n\n\n<div style=\"height:0px\" aria-hidden=\"true\" class=\"wp-block-spacer\"><\/div>","protected":false},"excerpt":{"rendered":"<p>About Galland Your partner in catenary solutions GALLAND&#039;s mission is to offer solutions for catenaries, whether conventional, high-speed or intended for urban transport. Since 1946, our expertise accumulated in the railway sector positions us as specialists on the market. This specialization is the result of many hours of research and\u2026<\/p>","protected":false},"author":1,"featured_media":58684,"parent":0,"menu_order":1,"comment_status":"closed","ping_status":"closed","template":"","meta":{"_acf_changed":false,"_uag_custom_page_level_css":"","footnotes":""},"class_list":["post-58639","page","type-page","status-publish","has-post-thumbnail","hentry","entry"],"acf":[],"uagb_featured_image_src":{"full":["https:\/\/galland-sas.com\/wp-content\/uploads\/2024\/07\/presentation.jpg",1600,629,false],"thumbnail":["https:\/\/galland-sas.com\/wp-content\/uploads\/2024\/07\/presentation-150x150.jpg",150,150,true],"medium":["https:\/\/galland-sas.com\/wp-content\/uploads\/2024\/07\/presentation-300x118.jpg",300,118,true],"medium_large":["https:\/\/galland-sas.com\/wp-content\/uploads\/2024\/07\/presentation-768x302.jpg",768,302,true],"large":["https:\/\/galland-sas.com\/wp-content\/uploads\/2024\/07\/presentation-1024x403.jpg",1024,403,true],"1536x1536":["https:\/\/galland-sas.com\/wp-content\/uploads\/2024\/07\/presentation-1536x604.jpg",1536,604,true],"2048x2048":["https:\/\/galland-sas.com\/wp-content\/uploads\/2024\/07\/presentation.jpg",1600,629,false],"trp-custom-language-flag":["https:\/\/galland-sas.com\/wp-content\/uploads\/2024\/07\/presentation-18x7.jpg",18,7,true],"largexl":["https:\/\/galland-sas.com\/wp-content\/uploads\/2024\/07\/presentation-1220x480.jpg",1220,480,true],"post-thumbnail":["https:\/\/galland-sas.com\/wp-content\/uploads\/2024\/07\/presentation-1568x616.jpg",1568,616,true]},"uagb_author_info":{"display_name":"dfuzionadmin","author_link":"https:\/\/galland-sas.com\/en\/author\/dfuzionadmin\/"},"uagb_comment_info":0,"uagb_excerpt":"\u00c0 propos de Galland Votre partenaire en solutions cat\u00e9naires La soci\u00e9t\u00e9 GALLAND a pour vocation de proposer des solutions pour les cat\u00e9naires, qu&rsquo;elles soient conventionnelles, \u00e0 grande vitesse ou destin\u00e9es aux transports urbains. Depuis 1946, notre expertise accumul\u00e9e dans le secteur ferroviaire nous positionne en tant que sp\u00e9cialistes sur le march\u00e9. Cette sp\u00e9cialisation r\u00e9sulte de&hellip;","_links":{"self":[{"href":"https:\/\/galland-sas.com\/en\/wp-json\/wp\/v2\/pages\/58639","targetHints":{"allow":["GET"]}}],"collection":[{"href":"https:\/\/galland-sas.com\/en\/wp-json\/wp\/v2\/pages"}],"about":[{"href":"https:\/\/galland-sas.com\/en\/wp-json\/wp\/v2\/types\/page"}],"author":[{"embeddable":true,"href":"https:\/\/galland-sas.com\/en\/wp-json\/wp\/v2\/users\/1"}],"replies":[{"embeddable":true,"href":"https:\/\/galland-sas.com\/en\/wp-json\/wp\/v2\/comments?post=58639"}],"version-history":[{"count":145,"href":"https:\/\/galland-sas.com\/en\/wp-json\/wp\/v2\/pages\/58639\/revisions"}],"predecessor-version":[{"id":59665,"href":"https:\/\/galland-sas.com\/en\/wp-json\/wp\/v2\/pages\/58639\/revisions\/59665"}],"wp:featuredmedia":[{"embeddable":true,"href":"https:\/\/galland-sas.com\/en\/wp-json\/wp\/v2\/media\/58684"}],"wp:attachment":[{"href":"https:\/\/galland-sas.com\/en\/wp-json\/wp\/v2\/media?parent=58639"}],"curies":[{"name":"wp","href":"https:\/\/api.w.org\/{rel}","templated":true}]}}