{"id":58889,"date":"2024-08-15T07:28:58","date_gmt":"2024-08-15T07:28:58","guid":{"rendered":"https:\/\/galland-sas.com\/?page_id=58889"},"modified":"2024-08-27T12:10:09","modified_gmt":"2024-08-27T12:10:09","slug":"politique-sur-les-cookies","status":"publish","type":"page","link":"https:\/\/galland-sas.com\/en\/politique-sur-les-cookies\/","title":{"rendered":"Cookie Policy"},"content":{"rendered":"\n<p><em>Derni\u00e8re mise \u00e0 jour : 10 ao\u00fbt 2024<\/em><\/p>\n\n\n\n<p>Lors de votre premi\u00e8re connexion sur le site web de Galland SAS, vous \u00eates avertis par un bandeau en bas de votre \u00e9cran que des informations relatives \u00e0 votre navigation sont susceptibles d\u2019\u00eatre enregistr\u00e9es dans des fichiers d\u00e9nomm\u00e9s \u00ab cookies \u00bb. Notre politique d\u2019utilisation des cookies vous permet de mieux comprendre les dispositions que nous mettons en \u0153uvre en mati\u00e8re de navigation sur notre site web. Elle vous informe notamment sur l\u2019ensemble des cookies pr\u00e9sents sur notre site web, leur finalit\u00e9 (partie I.) et vous donne la marche \u00e0 suivre pour les param\u00e9trer (partie II.)<\/p>\n\n\n\n<h2 class=\"wp-block-heading\">Informations g\u00e9n\u00e9rales sur les cookies pr\u00e9sents sur le site Galland SAS<\/h2>\n\n\n\n<p>Galland SAS, en tant qu\u2019\u00e9diteur du pr\u00e9sent site web, pourra proc\u00e9der \u00e0 l\u2019implantation d\u2019un cookie sur le disque dur de votre terminal (ordinateur, tablette, mobile etc.) afin de vous garantir une navigation fluide et optimale sur notre site Internet. Les \u00ab cookies \u00bb (ou t\u00e9moins de connexion) sont des petits fichiers texte de taille limit\u00e9e qui nous permettent de reconna\u00eetre votre ordinateur, votre tablette ou votre mobile aux fins de personnaliser les services que nous vous proposons. Les informations recueillies par le biais des cookies ne permettent en aucune mani\u00e8re de vous identifier nominativement. Elles sont utilis\u00e9es exclusivement pour nos besoins propres afin d\u2019am\u00e9liorer l\u2019interactivit\u00e9 et la performance de notre site web et de vous adresser des contenus adapt\u00e9s \u00e0 vos centres d\u2019int\u00e9r\u00eats. Aucune de ces informations ne fait l\u2019objet d\u2019une communication aupr\u00e8s de tiers sauf lorsque Galland SAS a obtenu au pr\u00e9alable votre consentement ou bien lorsque la divulgation de ces informations est requise par la loi, sur ordre d\u2019un tribunal ou toute autorit\u00e9 administrative ou judiciaire habilit\u00e9e \u00e0 en conna\u00eetre.<\/p>\n\n\n\n<h2 class=\"wp-block-heading\">Configuration de vos pr\u00e9f\u00e9rences sur les cookies<\/h2>\n\n\n\n<p>Pour mieux vous \u00e9clairer sur les informations que les cookies identifient, vous trouverez ci-dessous la liste des diff\u00e9rents types de cookies susceptibles d\u2019\u00eatre utilis\u00e9s sur le site web de Galland SAS, leur nom, leur finalit\u00e9 ainsi que leur dur\u00e9e de conservation. En cliquant sur \u00ab Configurer \u00bb sur le bandeau de bas de page vous pouvez accepter ou non l\u2019utilisation de certains cookies.<\/p>\n\n\n\n<h3 class=\"wp-block-heading\">a. Les cookies exempt\u00e9s de consentement<\/h3>\n\n\n\n<p>Conform\u00e9ment aux recommandations de la Commission Nationale de l\u2019Informatique et des Libert\u00e9s (CNIL), certains cookies sont dispens\u00e9s du recueil pr\u00e9alable de votre consentement dans la mesure o\u00f9 ils sont strictement n\u00e9cessaires au fonctionnement du site internet ou ont pour finalit\u00e9 exclusive de permettre ou faciliter la communication par voie \u00e9lectronique. Il s\u2019agit notamment des cookies d\u2019identifiant de session, d\u2019authentification, de session d\u2019\u00e9quilibrage de charge ainsi que des cookies de personnalisation de votre interface. Ces cookies sont int\u00e9gralement soumis \u00e0 la pr\u00e9sente politique dans la mesure o\u00f9 ils sont \u00e9mis et g\u00e9r\u00e9s par Galland SAS. Le site internet galland-sas.com utilise des cookies (traceurs). Ce sont de petits fichiers informatiques d\u00e9pos\u00e9s sur votre terminal lors de votre visite sur le site. La plupart des cookies utilis\u00e9s sur ce site web sont n\u00e9cessaires \u00e0 la navigation et au bon affichage du pr\u00e9sent site, tandis que quelques autres recueillent des statistiques de visites anonymes. Des cookies ont pour finalit\u00e9s de permettre une navigation et un affichage des pages optimaux sur notre site ainsi que de contr\u00f4ler le respect de la vie priv\u00e9e des utilisateurs. L\u2019utilisation de ces traceurs ne requiert pas votre consentement selon l\u2019article 32 II de la loi n\u00b0 78-17 du 6 janvier 1978.<\/p>\n\n\n\n<figure class=\"wp-block-table\"><table class=\"has-fixed-layout\"><tbody><tr><td><strong>Nom du cookie<\/strong><\/td><td><strong>Finalit\u00e9 du cookie<\/strong><\/td><\/tr><tr><td>PHPSESSID<\/td><td>Cookie de stockage des donn\u00e9es de navigation permettant le passage d\u2019une page \u00e0 l\u2019autre sans perte d\u2019information. Il ne sert qu\u2019au bon fonctionnement du site.<\/td><\/tr><tr><td>wfwaf-authcookie<\/td><td>Cookie de protection du site. Il ne sert qu\u2019au bon fonctionnement du site.<\/td><\/tr><\/tbody><\/table><\/figure>\n\n\n\n<h3 class=\"wp-block-heading\">b. Les cookies n\u00e9cessitant le recueil pr\u00e9alable de votre consentement<\/h3>\n\n\n\n<p>Cette exigence concerne les cookies \u00e9mis par des tiers et qui sont qualifi\u00e9s de \u00ab persistants \u00bb dans la mesure o\u00f9 ils demeurent dans votre terminal jusqu\u2019\u00e0 leur effacement ou leur date d\u2019expiration. De tels cookies \u00e9tant \u00e9mis par des tiers, leur utilisation et leur d\u00e9p\u00f4t sont soumis \u00e0 leurs propres politiques de confidentialit\u00e9 dont vous trouverez un lien ci-dessous. Cette famille de cookie regroupe les cookies publicitaires (auxquels Galland SAS n\u2019a pas recours) ainsi que les cookies de partage de r\u00e9seaux sociaux (notamment de Facebook, Pinterest, Twitter et Instagram). Les cookies de partage des r\u00e9seaux sociaux sont \u00e9mis et g\u00e9r\u00e9s par l\u2019\u00e9diteur du r\u00e9seau social concern\u00e9. Sous r\u00e9serve de votre consentement, ces cookies vous permettent de partager facilement une partie du contenu publi\u00e9 sur le site de Galland SAS, notamment par l\u2019interm\u00e9diaire d\u2019un \u00ab bouton \u00bb applicatif de partage selon le r\u00e9seau social concern\u00e9. Parmi les types de cookies de partage des r\u00e9seaux sociaux pr\u00e9sents sur le site de Galland SAS, vous trouverez :<\/p>\n\n\n\n<p>Facebook, dont vous pouvez consulter la politique en mati\u00e8re de cookies en cliquant sur le lien suivant : https:\/\/fr-fr.facebook.com\/policies\/cookies\/<\/p>\n\n\n\n<p>Pinterest, dont vous pouvez consulter la politique en mati\u00e8re de cookies en cliquant sur le lien suivant : https:\/\/policy.pinterest.com\/fr\/cookies.<\/p>\n\n\n\n<p>Galland SAS ne stocke en aucun cas ces cookies. Cette action est effectu\u00e9e par les site tiers.<\/p>\n\n\n\n<p>Vous trouverez l\u2019aide n\u00e9cessaire pour supprimer les cookies \u00e0 partir du navigateur Google Chrome en cliquant sur le lien suivant : Youtube : https:\/\/support.google.com\/youtube\/answer\/32050?hl=fr mais \u00e9galement la politique compl\u00e8te en mati\u00e8re de cookies \u00e0 partir du lien suivant : https:\/\/www.google.fr\/intl\/fr\/policies\/technologies\/cookies\/<\/p>\n\n\n\n<p>Twitter, dont vous trouverez les options d\u00e9di\u00e9es au contr\u00f4le ou \u00e0 la restriction de l\u2019utilisation des cookies ainsi que la politique d\u2019utilisation des cookies : https:\/\/support.twitter.com\/articles\/20170518#<\/p>\n\n\n\n<figure class=\"wp-block-table\"><table class=\"has-fixed-layout\"><tbody><tr><td><strong>Nom du cookie<\/strong><\/td><td><strong>Finalit\u00e9 du cookie<\/strong><\/td><\/tr><tr><td>moove_gdpr_popup<\/td><td>Cookie d\u2019aide \u00e0 la conformit\u00e9 au R\u00e8glement europ\u00e9en sur la protection des donn\u00e9es (RGPD).<\/td><\/tr><tr><td>gdprcompliance<\/td><td>Cookie de gestion des tags. Il permet le contr\u00f4le de l\u2019utilisateur du consentement \u00e0 voir ses donn\u00e9es anonymes de visite r\u00e9utilis\u00e9es par le responsable du site.<\/td><\/tr><tr><td>gdpr[consent_types]<\/td><td>Cookie d\u2019aide \u00e0 la conformit\u00e9 au R\u00e8glement europ\u00e9en sur la protection des donn\u00e9es (RGPD).<\/td><\/tr><tr><td>gdpr[allowed_cookies]<\/td><td>Cookie d\u2019aide \u00e0 la conformit\u00e9 au R\u00e8glement europ\u00e9en sur la protection des donn\u00e9es (RGPD).<\/td><\/tr><tr><td>_ga,&nbsp;_gat_gtag,&nbsp;_gid, collect<\/td><td>Cookies de Google Analytics recueillant des statistiques de visites anonymes pour am\u00e9liorer l\u2019accessibilit\u00e9 des contenus, la navigation et l\u2019exp\u00e9rience utilisateur sur le site. Le d\u00e9p\u00f4t de ces cookies ne n\u00e9cessite pas votre consentement car les informations sont anonymis\u00e9es et ne permettent en aucun cas de vous identifier. Nous vous proposons quand m\u00eame la possibilit\u00e9 de les d\u00e9sactiver.<\/td><\/tr><\/tbody><\/table><\/figure>\n\n\n\n<h3 class=\"wp-block-heading\">c. Vous disposez de divers outils de configuration des cookies<\/h3>\n\n\n\n<p>La plupart des navigateurs Internet sont configur\u00e9s par d\u00e9faut de fa\u00e7on \u00e0 ce que le d\u00e9p\u00f4t de cookies soit autoris\u00e9. en plus de l\u2019outil de gestion des cookies que nous avons mis en place sur notre site, votre navigateur vous offre l\u2019opportunit\u00e9 de modifier ces param\u00e8tres standards de mani\u00e8re \u00e0 ce que l\u2019ensemble des cookies soit rejet\u00e9 syst\u00e9matiquement ou bien \u00e0 ce qu\u2019une partie seulement des cookies soit accept\u00e9e ou refus\u00e9e en fonction de leur \u00e9metteur. ATTENTION : Nous attirons votre attention sur le fait que le refus du d\u00e9p\u00f4t de cookies sur votre terminal est n\u00e9anmoins susceptible d\u2019alt\u00e9rer votre exp\u00e9rience d\u2019utilisateur ainsi que votre acc\u00e8s \u00e0 certains services ou fonctionnalit\u00e9s du pr\u00e9sent site web. Le cas \u00e9ch\u00e9ant, Galland SAS d\u00e9cline toute responsabilit\u00e9 concernant les cons\u00e9quences li\u00e9es \u00e0 la d\u00e9gradation de vos conditions de navigation qui interviennent en raison de votre choix de refuser, supprimer ou bloquer les cookies n\u00e9cessaires au fonctionnement du site. Ces cons\u00e9quences ne sauraient constituer un dommage et vous ne pourrez pr\u00e9tendre \u00e0 aucune indemnit\u00e9 de ce fait. Votre navigateur vous permet \u00e9galement de supprimer les cookies existants sur votre terminal ou encore de vous signaler lorsque de nouveaux cookies sont susceptibles d\u2019\u00eatre d\u00e9pos\u00e9s sur votre terminal. Ces param\u00e9trages n\u2019ont pas d\u2019incidence sur votre navigation mais vous font perdre tout le b\u00e9n\u00e9fice apport\u00e9 par le cookie. Veuillez ci-dessous prendre connaissance des multiples outils mis \u00e0 votre disposition afin que vous puissiez param\u00e9trer les cookies d\u00e9pos\u00e9s sur votre terminal.<\/p>\n\n\n\n<h3 class=\"wp-block-heading\">d. Le param\u00e9trage de votre navigateur Internet<\/h3>\n\n\n\n<p>Chaque navigateur Internet propose ses propres param\u00e8tres de gestion des cookies. Pour savoir de quelle mani\u00e8re modifier vos pr\u00e9f\u00e9rences en mati\u00e8re de cookies, vous trouverez ci-dessous les liens vers l\u2019aide n\u00e9cessaire pour acc\u00e9der au menu de votre navigateur pr\u00e9vu \u00e0 cet effet :<\/p>\n\n\n\n<p>Chrome : <a href=\"https:\/\/support.google.com\/chrome\/answer\/95647?hl=fr\" target=\"_blank\" rel=\"noreferrer noopener\">https:\/\/support.google.com\/chrome\/answer\/95647?hl=fr<\/a><br>Firefox : <a href=\"https:\/\/support.mozilla.org\/fr\/kb\/activer-desactiver-cookies\" target=\"_blank\" rel=\"noreferrer noopener\">https:\/\/support.mozilla.org\/fr\/kb\/activer-desactiver-cookies<\/a><br>Microsoft Edge : <a href=\"https:\/\/support.microsoft.com\/fr-fr\/windows\/g%C3%A9rer-les-cookies-dans-microsoft-edge-afficher-autoriser-bloquer-supprimer-et-utiliser-168dab11-0753-043d-7c16-ede5947fc64d\" target=\"_blank\" rel=\"noreferrer noopener\">https:\/\/support.microsoft.com\/fr-fr\/windows\/g%C3%A9rer-les-cookies-dans-microsoft-edge-afficher-autoriser-bloquer-supprimer-et-utiliser-168dab11-0753-043d-7c16-ede5947fc64d<\/a><br>Opera : <a href=\"http:\/\/help.opera.com\/Windows\/10.20\/fr\/cookies.html\" target=\"_blank\" rel=\"noreferrer noopener\">http:\/\/help.opera.com\/Windows\/10.20\/fr\/cookies.html<\/a><br>Safari : <a href=\"https:\/\/support.apple.com\/kb\/PH21411?viewlocale=fr_FR&amp;locale=fr_FR\" target=\"_blank\" rel=\"noreferrer noopener\">https:\/\/support.apple.com\/kb\/PH21411?viewlocale=fr_FR&amp;locale=fr_FR<\/a><\/p>\n\n\n\n<p>Pour de plus amples informations concernant les outils de ma\u00eetrise des cookies, vous pouvez consulter le site internet de la CNIL : https:\/\/www.cnil.fr\/fr\/cookies-les-outils-pour-les-maitriser. A moins qu\u2019un consentement expr\u00e8s ne soit requis par les lois de votre pays en mati\u00e8re de protection des donn\u00e9es personnelles, en utilisant les pr\u00e9sents Supports (tels qu\u2019ils sont d\u00e9finis ci-dessus), vous consentez \u00e0 ce que nous collections et utilisions vos donn\u00e9es personnelles de la mani\u00e8re d\u00e9crite dans la pr\u00e9sente Politique et au transfert de vos donn\u00e9es personnelles vers d\u2019autres pays que le v\u00f4tre (y compris vers des pays situ\u00e9s en dehors de l\u2019Union Europ\u00e9enne).<\/p>\n\n\n\n<h2 class=\"wp-block-heading\">Outils de gestion de vos donn\u00e9es<\/h2>\n\n\n\n\n    <h3>\n        Please identify yourself via e-mail    <\/h3>\n    <form>\n        <label for=\"gdpr_email\">Enter your email address<\/label>\n        <input type=\"hidden\" name=\"gdpr_action\" value=\"identify\" \/>\n        <input type=\"hidden\" name=\"gdpr_nonce\" value=\"22619019f6\" \/>\n        <input type=\"email\" id=\"gdpr_email\" name=\"email\" placeholder=\"Enter your email address\" \/>\n        \n        <input type=\"submit\" value=\"Send email\" id=\"gdpr-submit\"\/>\n    <\/form>\n\n\n\n","protected":false},"excerpt":{"rendered":"<p>Last updated: August 10, 2024 When you first connect to the Galland SAS website, you are warned by a banner at the bottom of your screen that information relating to your browsing may be recorded in files called &quot;cookies&quot;. Our cookie policy allows you to better understand the\u2026<\/p>","protected":false},"author":1,"featured_media":58685,"parent":0,"menu_order":21,"comment_status":"closed","ping_status":"closed","template":"","meta":{"_acf_changed":false,"_uag_custom_page_level_css":"","footnotes":""},"class_list":["post-58889","page","type-page","status-publish","has-post-thumbnail","hentry","entry"],"acf":[],"uagb_featured_image_src":{"full":["https:\/\/galland-sas.com\/wp-content\/uploads\/2024\/07\/header-projets.jpg",1600,629,false],"thumbnail":["https:\/\/galland-sas.com\/wp-content\/uploads\/2024\/07\/header-projets-150x150.jpg",150,150,true],"medium":["https:\/\/galland-sas.com\/wp-content\/uploads\/2024\/07\/header-projets-300x118.jpg",300,118,true],"medium_large":["https:\/\/galland-sas.com\/wp-content\/uploads\/2024\/07\/header-projets-768x302.jpg",768,302,true],"large":["https:\/\/galland-sas.com\/wp-content\/uploads\/2024\/07\/header-projets-1024x403.jpg",1024,403,true],"1536x1536":["https:\/\/galland-sas.com\/wp-content\/uploads\/2024\/07\/header-projets-1536x604.jpg",1536,604,true],"2048x2048":["https:\/\/galland-sas.com\/wp-content\/uploads\/2024\/07\/header-projets.jpg",1600,629,false],"trp-custom-language-flag":["https:\/\/galland-sas.com\/wp-content\/uploads\/2024\/07\/header-projets-18x7.jpg",18,7,true],"largexl":["https:\/\/galland-sas.com\/wp-content\/uploads\/2024\/07\/header-projets-1220x480.jpg",1220,480,true],"post-thumbnail":["https:\/\/galland-sas.com\/wp-content\/uploads\/2024\/07\/header-projets-1568x616.jpg",1568,616,true]},"uagb_author_info":{"display_name":"dfuzionadmin","author_link":"https:\/\/galland-sas.com\/en\/author\/dfuzionadmin\/"},"uagb_comment_info":0,"uagb_excerpt":"Derni\u00e8re mise \u00e0 jour : 10 ao\u00fbt 2024 Lors de votre premi\u00e8re connexion sur le site web de Galland SAS, vous \u00eates avertis par un bandeau en bas de votre \u00e9cran que des informations relatives \u00e0 votre navigation sont susceptibles d\u2019\u00eatre enregistr\u00e9es dans des fichiers d\u00e9nomm\u00e9s \u00ab cookies \u00bb. Notre politique d\u2019utilisation des cookies vous&hellip;","_links":{"self":[{"href":"https:\/\/galland-sas.com\/en\/wp-json\/wp\/v2\/pages\/58889","targetHints":{"allow":["GET"]}}],"collection":[{"href":"https:\/\/galland-sas.com\/en\/wp-json\/wp\/v2\/pages"}],"about":[{"href":"https:\/\/galland-sas.com\/en\/wp-json\/wp\/v2\/types\/page"}],"author":[{"embeddable":true,"href":"https:\/\/galland-sas.com\/en\/wp-json\/wp\/v2\/users\/1"}],"replies":[{"embeddable":true,"href":"https:\/\/galland-sas.com\/en\/wp-json\/wp\/v2\/comments?post=58889"}],"version-history":[{"count":3,"href":"https:\/\/galland-sas.com\/en\/wp-json\/wp\/v2\/pages\/58889\/revisions"}],"predecessor-version":[{"id":59148,"href":"https:\/\/galland-sas.com\/en\/wp-json\/wp\/v2\/pages\/58889\/revisions\/59148"}],"wp:featuredmedia":[{"embeddable":true,"href":"https:\/\/galland-sas.com\/en\/wp-json\/wp\/v2\/media\/58685"}],"wp:attachment":[{"href":"https:\/\/galland-sas.com\/en\/wp-json\/wp\/v2\/media?parent=58889"}],"curies":[{"name":"wp","href":"https:\/\/api.w.org\/{rel}","templated":true}]}}