{"id":58577,"date":"2024-07-26T09:59:48","date_gmt":"2024-07-26T09:59:48","guid":{"rendered":"https:\/\/galland-sas.com\/?page_id=58577"},"modified":"2026-01-08T09:33:23","modified_gmt":"2026-01-08T09:33:23","slug":"projets","status":"publish","type":"page","link":"https:\/\/galland-sas.com\/es\/projets\/","title":{"rendered":"Proyectos"},"content":{"rendered":"<div class=\"wp-block-uagb-container uagb-block-18a79411 alignfull uagb-is-root-container\"><div class=\"uagb-container-inner-blocks-wrap\">\n<div class=\"wp-block-uagb-container uagb-block-aa27a023\">\n<p class=\"has-color-2-color has-text-color has-link-color wp-elements-699f37d9a4ccd1251a41f09bc78aba0f\">Presencia de la empresa<\/p>\n\n\n\n<h2 class=\"wp-block-heading has-color-1-color has-text-color has-link-color wp-elements-43a7c0f4d2d4f22430bd66d54ffb0837\">Galland, \u00a1presente en los 5 continentes!<\/h2>\n<\/div>\n\n\n\n<div class=\"wp-block-uagb-container uagb-block-2a12bef5\">\n<div class=\"wp-block-uagb-image uagb-block-027bce56 wp-block-uagb-image--layout-default wp-block-uagb-image--effect-static wp-block-uagb-image--align-none\"><figure class=\"wp-block-uagb-image__figure\"><img decoding=\"async\" srcset=\"https:\/\/galland-sas.com\/wp-content\/uploads\/2024\/12\/GALLAND-ELEMENT-TEXTE-SITE_40-850x372-ESP.png 3542w, https:\/\/galland-sas.com\/wp-content\/uploads\/2024\/12\/GALLAND-ELEMENT-TEXTE-SITE_40-850x372-ESP-300x131.png 300w, https:\/\/galland-sas.com\/wp-content\/uploads\/2024\/12\/GALLAND-ELEMENT-TEXTE-SITE_40-850x372-ESP-1024x448.png 1024w, https:\/\/galland-sas.com\/wp-content\/uploads\/2024\/12\/GALLAND-ELEMENT-TEXTE-SITE_40-850x372-ESP-768x336.png 768w, https:\/\/galland-sas.com\/wp-content\/uploads\/2024\/12\/GALLAND-ELEMENT-TEXTE-SITE_40-850x372-ESP-1536x672.png 1536w, https:\/\/galland-sas.com\/wp-content\/uploads\/2024\/12\/GALLAND-ELEMENT-TEXTE-SITE_40-850x372-ESP-2048x896.png 2048w, https:\/\/galland-sas.com\/wp-content\/uploads\/2024\/12\/GALLAND-ELEMENT-TEXTE-SITE_40-850x372-ESP-18x8.png 18w, https:\/\/galland-sas.com\/wp-content\/uploads\/2024\/12\/GALLAND-ELEMENT-TEXTE-SITE_40-850x372-ESP-1220x534.png 1220w, https:\/\/galland-sas.com\/wp-content\/uploads\/2024\/12\/GALLAND-ELEMENT-TEXTE-SITE_40-850x372-ESP-1568x686.png 1568w\" sizes=\"auto, (max-width: 480px) 150px\" src=\"https:\/\/galland-sas.com\/wp-content\/uploads\/2024\/12\/GALLAND-ELEMENT-TEXTE-SITE_40-850x372-ESP.png\" alt=\"Plus de 40 pays\" class=\"uag-image-58899\" width=\"407\" height=\"150\" title=\"Captura de pantalla 2024-08-16 a las 16.58.35\" loading=\"lazy\" role=\"img\"\/><\/figure><\/div>\n<\/div>\n<\/div><\/div>\n\n\n\n<div class=\"wp-block-uagb-container uagb-block-7c98dbc4 alignfull uagb-is-root-container\"><div class=\"uagb-container-inner-blocks-wrap\">\n<div class=\"wp-block-uagb-image uagb-block-edd14c79 wp-block-uagb-image--layout-default wp-block-uagb-image--effect-static wp-block-uagb-image--align-none\"><figure class=\"wp-block-uagb-image__figure\"><img decoding=\"async\" srcset=\"https:\/\/galland-sas.com\/wp-content\/uploads\/2024\/07\/CARTE-GALLAND-plaquette.svg ,https:\/\/galland-sas.com\/wp-content\/uploads\/2024\/07\/CARTE-GALLAND-plaquette.svg 780w, https:\/\/galland-sas.com\/wp-content\/uploads\/2024\/07\/CARTE-GALLAND-plaquette.svg 360w\" sizes=\"auto, (max-width: 480px) 150px\" src=\"https:\/\/galland-sas.com\/wp-content\/uploads\/2024\/07\/CARTE-GALLAND-plaquette.svg\" alt=\"\" class=\"uag-image-58579\" width=\"1214\" height=\"846\" title=\"CARD-GALLAND-folleto\" loading=\"lazy\" role=\"img\"\/><\/figure><\/div>\n<\/div><\/div>\n\n\n\n<div class=\"wp-block-uagb-container uagb-block-8cdbda4f alignfull uagb-is-root-container\"><div class=\"uagb-container-inner-blocks-wrap\">\n<div class=\"wp-block-uagb-container uagb-block-c6229ecd\">\n<h2 class=\"wp-block-heading\">Proyectos a medida<\/h2>\n<\/div>\n\n\n\n<div class=\"wp-block-uagb-container uagb-block-16890117\">\n<div class=\"wp-block-uagb-container uagb-block-648db033\">\n<p>Especializada en el dise\u00f1o, fabricaci\u00f3n y comercializaci\u00f3n de equipos de catenaria el\u00e9ctrica para ferrocarriles, ya sean convencionales, de alta velocidad o para el transporte urbano, la empresa GALLAND es uno de los pilares del sector ferroviario franc\u00e9s.<br>Con 80 a\u00f1os de experiencia, investigaci\u00f3n y desarrollo al servicio de las demandas de sus clientes, GALLAND se orienta ahora hacia nuevos horizontes estrat\u00e9gicos, que se inscriben en la evoluci\u00f3n tecnol\u00f3gica del sector ferroviario.<\/p>\n<\/div>\n\n\n\n<div class=\"wp-block-uagb-container uagb-block-27963f38\">\n<p>A trav\u00e9s del ecodise\u00f1o, la consideraci\u00f3n del impacto ambiental, la creciente internacionalizaci\u00f3n y los avances tecnol\u00f3gicos, nuestros expertos y especialistas se comprometen cada d\u00eda a dar respuesta a los nuevos retos de nuestra sociedad y del sector ferroviario m\u00e1s all\u00e1 de las fronteras, por una movilidad m\u00e1s sostenible.<br>GALLAND apuesta constantemente por la calidad, la innovaci\u00f3n y el servicio junto a sus socios y clientes.<\/p>\n<\/div>\n<\/div>\n<\/div><\/div>","protected":false},"excerpt":{"rendered":"<p>Pr\u00e9sence de la soci\u00e9t\u00e9 Galland, pr\u00e9sent sur les 5 continents ! Des projets sur mesure Sp\u00e9cialis\u00e9e dans la conception, la fabrication et la commercialisation de mat\u00e9riel d\u2019alimentation \u00e9lectrique cat\u00e9naires pour le ferroviaire, qu\u2019elles soient conventionnelles, grandes vitesses ou pour les transports urbains, l\u2019entreprise GALLAND est l\u2019un des piliers du secteur ferroviaire fran\u00e7ais.Forte de 80 ann\u00e9es d\u2019expertise, de recherche et d\u00e9veloppement&hellip;<\/p>","protected":false},"author":1,"featured_media":58685,"parent":0,"menu_order":3,"comment_status":"closed","ping_status":"closed","template":"templates\/template-page-projets.php","meta":{"_acf_changed":false,"_uag_custom_page_level_css":"","footnotes":""},"class_list":["post-58577","page","type-page","status-publish","has-post-thumbnail","hentry","entry"],"acf":[],"uagb_featured_image_src":{"full":["https:\/\/galland-sas.com\/wp-content\/uploads\/2024\/07\/header-projets.jpg",1600,629,false],"thumbnail":["https:\/\/galland-sas.com\/wp-content\/uploads\/2024\/07\/header-projets-150x150.jpg",150,150,true],"medium":["https:\/\/galland-sas.com\/wp-content\/uploads\/2024\/07\/header-projets-300x118.jpg",300,118,true],"medium_large":["https:\/\/galland-sas.com\/wp-content\/uploads\/2024\/07\/header-projets-768x302.jpg",768,302,true],"large":["https:\/\/galland-sas.com\/wp-content\/uploads\/2024\/07\/header-projets-1024x403.jpg",1024,403,true],"1536x1536":["https:\/\/galland-sas.com\/wp-content\/uploads\/2024\/07\/header-projets-1536x604.jpg",1536,604,true],"2048x2048":["https:\/\/galland-sas.com\/wp-content\/uploads\/2024\/07\/header-projets.jpg",1600,629,false],"trp-custom-language-flag":["https:\/\/galland-sas.com\/wp-content\/uploads\/2024\/07\/header-projets-18x7.jpg",18,7,true],"largexl":["https:\/\/galland-sas.com\/wp-content\/uploads\/2024\/07\/header-projets-1220x480.jpg",1220,480,true],"post-thumbnail":["https:\/\/galland-sas.com\/wp-content\/uploads\/2024\/07\/header-projets-1568x616.jpg",1568,616,true]},"uagb_author_info":{"display_name":"dfuzionadmin","author_link":"https:\/\/galland-sas.com\/es\/author\/dfuzionadmin\/"},"uagb_comment_info":0,"uagb_excerpt":"Pr\u00e9sence de la soci\u00e9t\u00e9 Galland, pr\u00e9sent sur les 5 continents ! Des projets sur mesure Sp\u00e9cialis\u00e9e dans la conception, la fabrication et la commercialisation de mat\u00e9riel d\u2019alimentation \u00e9lectrique cat\u00e9naires pour le ferroviaire, qu\u2019elles soient conventionnelles, grandes vitesses ou pour les transports urbains, l\u2019entreprise GALLAND est l\u2019un des piliers du secteur ferroviaire fran\u00e7ais.Forte de 80 ann\u00e9es&hellip;","_links":{"self":[{"href":"https:\/\/galland-sas.com\/es\/wp-json\/wp\/v2\/pages\/58577","targetHints":{"allow":["GET"]}}],"collection":[{"href":"https:\/\/galland-sas.com\/es\/wp-json\/wp\/v2\/pages"}],"about":[{"href":"https:\/\/galland-sas.com\/es\/wp-json\/wp\/v2\/types\/page"}],"author":[{"embeddable":true,"href":"https:\/\/galland-sas.com\/es\/wp-json\/wp\/v2\/users\/1"}],"replies":[{"embeddable":true,"href":"https:\/\/galland-sas.com\/es\/wp-json\/wp\/v2\/comments?post=58577"}],"version-history":[{"count":15,"href":"https:\/\/galland-sas.com\/es\/wp-json\/wp\/v2\/pages\/58577\/revisions"}],"predecessor-version":[{"id":59767,"href":"https:\/\/galland-sas.com\/es\/wp-json\/wp\/v2\/pages\/58577\/revisions\/59767"}],"wp:featuredmedia":[{"embeddable":true,"href":"https:\/\/galland-sas.com\/es\/wp-json\/wp\/v2\/media\/58685"}],"wp:attachment":[{"href":"https:\/\/galland-sas.com\/es\/wp-json\/wp\/v2\/media?parent=58577"}],"curies":[{"name":"wp","href":"https:\/\/api.w.org\/{rel}","templated":true}]}}