{"id":58639,"date":"2024-07-29T17:01:43","date_gmt":"2024-07-29T17:01:43","guid":{"rendered":"https:\/\/galland-sas.com\/?page_id=58639"},"modified":"2025-05-19T15:51:49","modified_gmt":"2025-05-19T15:51:49","slug":"presentation-2","status":"publish","type":"page","link":"https:\/\/galland-sas.com\/es\/presentation-2\/","title":{"rendered":"Presentaci\u00f3n"},"content":{"rendered":"<div class=\"wp-block-uagb-container uagb-block-9ec98b0c alignfull uagb-is-root-container\"><div class=\"uagb-container-inner-blocks-wrap\">\n<div class=\"wp-block-uagb-container uagb-block-b741de21\">\n<div class=\"wp-block-uagb-container uagb-block-8dcb4918\">\n<div class=\"wp-block-uagb-image uagb-block-8b563ddf wp-block-uagb-image--layout-default wp-block-uagb-image--effect-static wp-block-uagb-image--align-none\"><figure class=\"wp-block-uagb-image__figure\"><img decoding=\"async\" sizes=\"auto, (max-width: 480px) 150px\" src=\"https:\/\/galland-sas.com\/wp-content\/uploads\/2024\/10\/GALLAND-ELEMENT-TEXTE_1030x200-ESP.svg\" alt=\"depuis 1948\" class=\"uag-image-59220\" width=\"516\" height=\"90\" title=\"desde-1946\" loading=\"lazy\" role=\"img\"\/><\/figure><\/div>\n<\/div>\n<\/div>\n\n\n\n<div class=\"wp-block-uagb-container uagb-block-aef9453c\">\n<div class=\"wp-block-uagb-container uag-hide-mob uagb-block-a225b04c\">\n<div class=\"wp-block-uagb-image uagb-block-f4413559 wp-block-uagb-image--layout-default wp-block-uagb-image--effect-static wp-block-uagb-image--align-none\"><figure class=\"wp-block-uagb-image__figure\"><img decoding=\"async\" srcset=\"https:\/\/galland-sas.com\/wp-content\/uploads\/2024\/07\/FLECHE-GRANDE.svg ,https:\/\/galland-sas.com\/wp-content\/uploads\/2024\/07\/FLECHE-GRANDE.svg 780w, https:\/\/galland-sas.com\/wp-content\/uploads\/2024\/07\/FLECHE-GRANDE.svg 360w\" sizes=\"auto, (max-width: 480px) 150px\" src=\"https:\/\/galland-sas.com\/wp-content\/uploads\/2024\/07\/FLECHE-GRANDE.svg\" alt=\"\" class=\"uag-image-58691\" width=\"201\" height=\"201\" title=\"FLECHE-GRANDE\" loading=\"lazy\" role=\"img\"\/><\/figure><\/div>\n<\/div>\n\n\n\n<div class=\"wp-block-uagb-container uagb-block-01eb71f9\">\n<p class=\"tw-mt-0 tw-mb-0 has-color-2-color has-text-color has-link-color wp-elements-ce63f72b5a1042714af5dad3671b3bd2\">Acerca de Galland<\/p>\n\n\n\n<h2 class=\"wp-block-heading tw-mb-0 has-color-1-color has-text-color has-link-color wp-elements-84bdfd4b70aa79f3c14f25b500141352\">Su socio en soluciones de catenaria<\/h2>\n\n\n\n<p>La empresa GALLAND tiene como objetivo ofrecer soluciones para catenarias, ya sean convencionales, de alta velocidad o destinadas al transporte urbano. Desde 1946, nuestra experiencia acumulada en el sector ferroviario nos posiciona como especialistas en el mercado. Esta especializaci\u00f3n es el resultado de muchas horas de investigaci\u00f3n y estudio, realizadas en estrecha colaboraci\u00f3n con nuestros clientes. Hoy en d\u00eda, la complejidad t\u00e9cnica de los mercados ferroviario y tranv\u00eda requiere un fuerte compromiso. La empresa GALLAND sigue cumpliendo con esta exigencia gracias a su inversi\u00f3n diaria en calidad, innovaci\u00f3n y servicio.<\/p>\n<\/div>\n<\/div>\n<\/div><\/div>\n\n\n\n<div class=\"wp-block-group has-color-1-background-color has-background\"><div class=\"wp-block-group__inner-container is-layout-constrained wp-block-group-is-layout-constrained\">\n<div class=\"wp-block-uagb-container uagb-block-521ec8eb alignfull uagb-is-root-container\"><div class=\"uagb-container-inner-blocks-wrap\">\n<h2 class=\"wp-block-heading tw-mb-0 has-blanc-color has-text-color has-link-color wp-elements-3b341675191adea1279c114a3e9d40e3\">Nuestra raz\u00f3n de ser<\/h2>\n<\/div><\/div>\n\n\n\n<div class=\"wp-block-uagb-container edito uagb-block-52d657fa alignfull uagb-is-root-container\"><div class=\"uagb-container-inner-blocks-wrap\">\n<div class=\"wp-block-uagb-container uagb-block-0362d549\">\n<p class=\"has-blanc-color has-text-color has-link-color wp-elements-5202a0c80fc2db9350316da61cba1ab9\" style=\"line-height:1.4\">Creado al final de la guerra para liberar del carb\u00f3n a los ferrocarriles franceses, el Galland SAS ampl\u00eda hoy su objetivo: contribuir a descarbonizar el transporte en todo el mundo. Para ello, nuestros equipos est\u00e1n en constante innovaci\u00f3n para dise\u00f1ar y fabricar sistemas de catenaria:<\/p>\n\n\n\n<ul class=\"wp-block-list has-blanc-color has-text-color has-link-color wp-elements-f6591cfae5e87380687761f7a8aef5f5\">\n<li style=\"line-height:1.4\">calidad y por lo tanto duradero&nbsp;<\/li>\n\n\n\n<li style=\"line-height:1.4\">ligero, por lo tanto f\u00e1cil de instalar&nbsp;<\/li>\n\n\n\n<li style=\"line-height:1.4\">limitar el tiempo y el coste de las obras&nbsp;<\/li>\n\n\n\n<li style=\"line-height:1.4\">un dise\u00f1o sencillo que evita la contaminaci\u00f3n visual y permite la integraci\u00f3n en el paisaje urbano&nbsp;<\/li>\n<\/ul>\n<\/div>\n\n\n\n<div class=\"wp-block-uagb-container uagb-block-40df3a8c\">\n<p class=\"has-blanc-color has-text-color has-link-color wp-elements-b5d497d3d39f180128085f84b780280d\" style=\"line-height:1.4\">En gran parte del mundo, nuestros equipos comerciales contribuyen a desarrollar modos de transporte urbanos e interurbanos m\u00e1s respetuosos con el espacio y el medio ambiente.&nbsp;<\/p>\n\n\n\n<p class=\"signature has-blanc-color has-text-color has-link-color wp-elements-01e855037d63176075addedd5b27b403\" style=\"line-height:1.4\">Philippe Galland,<br>Presidente<\/p>\n<\/div>\n<\/div><\/div>\n<\/div><\/div>\n\n\n\n<div id=\"histoire\" class=\"wp-block-uagb-container histoire uagb-block-4b26250a alignfull uagb-is-root-container\">\n<p class=\"has-text-align-center tw-mb-0 has-color-2-color has-text-color has-link-color wp-elements-ed61003388aed24d25f9dd04d9bd77ba\">Historia<\/p>\n\n\n\n<h2 class=\"wp-block-heading has-text-align-center tw-mb-6 tw-mt-0 has-color-1-color has-text-color has-link-color wp-elements-2723e9b2590eda16fb1bfdfdf7bd52f7\">Historia de la empresa Galland<\/h2>\n\n\n\n\t\t\t<div class=\"wp-block-uagb-post-carousel uagb-post-grid car_hist uagb-post__image-position-top uagb-post__image-disabled uagb-block-bed25f1d     uagb-post__arrow-outside uagb-slick-carousel uagb-post__items uagb-post__columns-4 is-carousel uagb-post__columns-tablet-2 uagb-post__columns-mobile-1\" data-total=\"1\" style=\"\">\n\n\t\t\t\t\t\t\t\t\t\t\t\t<article class=\"uagb-post__inner-wrap\">\t\t\t\t\t\t\t\t<h3 class=\"uagb-post__title uagb-post__text\">\n\t\t\t\t<a href=\"https:\/\/galland-sas.com\/es\/histoire\/1946\/\" target=\"_self\" rel=\"bookmark noopener noreferrer\">1946<\/a>\n\t\t\t<\/h3>\n\t\t\t\t\t\t<div class='uagb-post__text uagb-post-grid-byline'>\n\t\t\t\t\t\t\t<\/div>\n\t\t\t\t\t\t\t<div class='uagb-post__text uagb-post__excerpt'>\n\t\t\t\t\t<!-- wp:paragraph -->\n<p>Creaci\u00f3n por Jacques Galland y Maurice Tr\u00eave de la empresa original &quot;Jacques Galland SARL&quot;, inicialmente ubicada en Par\u00eds, en la rue Daumesnil, en un hangar de la SNCF, luego en Choisy-le-Roi, en una antigua villa suburbana.<\/p>\n<!-- \/wp:paragraph -->\t\t\t\t<\/div>\n\t\t\t\n\t\t\t\t\t\t\t\t\t<\/article>\n\t\t\t\t\t\t\t\t\t\t\t\t\t\t\t\t<article class=\"uagb-post__inner-wrap\">\t\t\t\t\t\t\t\t<h3 class=\"uagb-post__title uagb-post__text\">\n\t\t\t\t<a href=\"https:\/\/galland-sas.com\/es\/histoire\/1947\/\" target=\"_self\" rel=\"bookmark noopener noreferrer\">1947<\/a>\n\t\t\t<\/h3>\n\t\t\t\t\t\t<div class='uagb-post__text uagb-post-grid-byline'>\n\t\t\t\t\t\t\t<\/div>\n\t\t\t\t\t\t\t<div class='uagb-post__text uagb-post__excerpt'>\n\t\t\t\t\t<!-- wp:paragraph -->\n<p>Dise\u00f1o de Maurice Tr\u00eave y solicitud de patente del principio del aislante del primer tramo de catenaria.<\/p>\n<!-- \/wp:paragraph -->\t\t\t\t<\/div>\n\t\t\t\n\t\t\t\t\t\t\t\t\t<\/article>\n\t\t\t\t\t\t\t\t\t\t\t\t\t\t\t\t<article class=\"uagb-post__inner-wrap\">\t\t\t\t\t\t\t\t<h3 class=\"uagb-post__title uagb-post__text\">\n\t\t\t\t<a href=\"https:\/\/galland-sas.com\/es\/histoire\/1952\/\" target=\"_self\" rel=\"bookmark noopener noreferrer\">1952<\/a>\n\t\t\t<\/h3>\n\t\t\t\t\t\t<div class='uagb-post__text uagb-post-grid-byline'>\n\t\t\t\t\t\t\t<\/div>\n\t\t\t\t\t\t\t<div class='uagb-post__text uagb-post__excerpt'>\n\t\t\t\t\t<!-- wp:paragraph -->\n<p>Electrificaci\u00f3n de la l\u00ednea Par\u00eds-Lyon con aisladores de tramo Galland.<\/p>\n<!-- \/wp:paragraph -->\t\t\t\t<\/div>\n\t\t\t\n\t\t\t\t\t\t\t\t\t<\/article>\n\t\t\t\t\t\t\t\t\t\t\t\t\t\t\t\t<article class=\"uagb-post__inner-wrap\">\t\t\t\t\t\t\t\t<h3 class=\"uagb-post__title uagb-post__text\">\n\t\t\t\t<a href=\"https:\/\/galland-sas.com\/es\/histoire\/1955\/\" target=\"_self\" rel=\"bookmark noopener noreferrer\">1955<\/a>\n\t\t\t<\/h3>\n\t\t\t\t\t\t<div class='uagb-post__text uagb-post-grid-byline'>\n\t\t\t\t\t\t\t<\/div>\n\t\t\t\t\t\t\t<div class='uagb-post__text uagb-post__excerpt'>\n\t\t\t\t\t<!-- wp:paragraph -->\n<p>R\u00e9cord de velocidad de 331 km\/h en Les Landes con equipamiento Galland.<\/p>\n<!-- \/wp:paragraph -->\t\t\t\t<\/div>\n\t\t\t\n\t\t\t\t\t\t\t\t\t<\/article>\n\t\t\t\t\t\t\t\t\t\t\t\t\t\t\t\t<article class=\"uagb-post__inner-wrap\">\t\t\t\t\t\t\t\t<h3 class=\"uagb-post__title uagb-post__text\">\n\t\t\t\t<a href=\"https:\/\/galland-sas.com\/es\/histoire\/1961\/\" target=\"_self\" rel=\"bookmark noopener noreferrer\">1961<\/a>\n\t\t\t<\/h3>\n\t\t\t\t\t\t<div class='uagb-post__text uagb-post-grid-byline'>\n\t\t\t\t\t\t\t<\/div>\n\t\t\t\t\t\t\t<div class='uagb-post__text uagb-post__excerpt'>\n\t\t\t\t\t<!-- wp:paragraph -->\n<p>Creaci\u00f3n de Fonderies et Ateliers du B\u00e9lier en V\u00e9rac para la fabricaci\u00f3n de piezas de fundici\u00f3n de catenaria. Empresa conjunta en India para la producci\u00f3n local de catenarias SNCF.<\/p>\n<!-- \/wp:paragraph -->\t\t\t\t<\/div>\n\t\t\t\n\t\t\t\t\t\t\t\t\t<\/article>\n\t\t\t\t\t\t\t\t\t\t\t\t\t\t\t\t<article class=\"uagb-post__inner-wrap\">\t\t\t\t\t\t\t\t<h3 class=\"uagb-post__title uagb-post__text\">\n\t\t\t\t<a href=\"https:\/\/galland-sas.com\/es\/histoire\/1975\/\" target=\"_self\" rel=\"bookmark noopener noreferrer\">1975<\/a>\n\t\t\t<\/h3>\n\t\t\t\t\t\t<div class='uagb-post__text uagb-post-grid-byline'>\n\t\t\t\t\t\t\t<\/div>\n\t\t\t\t\t\t\t<div class='uagb-post__text uagb-post__excerpt'>\n\t\t\t\t\t<!-- wp:paragraph -->\n<p>Presentaci\u00f3n del IS 211625, el primer aislador de secci\u00f3n de fibra de vidrio liviano y compacto para las nuevas l\u00edneas TGV.<\/p>\n<!-- \/wp:paragraph -->\t\t\t\t<\/div>\n\t\t\t\n\t\t\t\t\t\t\t\t\t<\/article>\n\t\t\t\t\t\t\t\t\t\t\t\t\t\t\t\t<article class=\"uagb-post__inner-wrap\">\t\t\t\t\t\t\t\t<h3 class=\"uagb-post__title uagb-post__text\">\n\t\t\t\t<a href=\"https:\/\/galland-sas.com\/es\/histoire\/1981\/\" target=\"_self\" rel=\"bookmark noopener noreferrer\">1981<\/a>\n\t\t\t<\/h3>\n\t\t\t\t\t\t<div class='uagb-post__text uagb-post-grid-byline'>\n\t\t\t\t\t\t\t<\/div>\n\t\t\t\t\t\t\t<div class='uagb-post__text uagb-post__excerpt'>\n\t\t\t\t\t<!-- wp:paragraph -->\n<p>R\u00e9cord de velocidad de 380 km\/h en el TGV Sud-Est con equipamiento Galland.<\/p>\n<!-- \/wp:paragraph -->\t\t\t\t<\/div>\n\t\t\t\n\t\t\t\t\t\t\t\t\t<\/article>\n\t\t\t\t\t\t\t\t\t\t\t\t\t\t\t\t<article class=\"uagb-post__inner-wrap\">\t\t\t\t\t\t\t\t<h3 class=\"uagb-post__title uagb-post__text\">\n\t\t\t\t<a href=\"https:\/\/galland-sas.com\/es\/histoire\/1990\/\" target=\"_self\" rel=\"bookmark noopener noreferrer\">1990<\/a>\n\t\t\t<\/h3>\n\t\t\t\t\t\t<div class='uagb-post__text uagb-post-grid-byline'>\n\t\t\t\t\t\t\t<\/div>\n\t\t\t\t\t\t\t<div class='uagb-post__text uagb-post__excerpt'>\n\t\t\t\t\t<!-- wp:paragraph -->\n<p>R\u00e9cord de velocidad de 513,5 km\/h para el tren 325 del TGV Atlantique con equipamiento Galland.<\/p>\n<!-- \/wp:paragraph -->\t\t\t\t<\/div>\n\t\t\t\n\t\t\t\t\t\t\t\t\t<\/article>\n\t\t\t\t\t\t\t\t\t\t\t\t\t\t\t\t<article class=\"uagb-post__inner-wrap\">\t\t\t\t\t\t\t\t<h3 class=\"uagb-post__title uagb-post__text\">\n\t\t\t\t<a href=\"https:\/\/galland-sas.com\/es\/histoire\/1994\/\" target=\"_self\" rel=\"bookmark noopener noreferrer\">1994<\/a>\n\t\t\t<\/h3>\n\t\t\t\t\t\t<div class='uagb-post__text uagb-post-grid-byline'>\n\t\t\t\t\t\t\t<\/div>\n\t\t\t\t\t\t\t<div class='uagb-post__text uagb-post__excerpt'>\n\t\t\t\t\t<!-- wp:paragraph -->\n<p>Inauguraci\u00f3n del t\u00fanel bajo el Manche, equipado con equipos especialmente dise\u00f1ados por el Galland (compactos y resistentes a la corrosi\u00f3n marina). Primera l\u00ednea china de alta velocidad equipada con equipos Galland: aisladores de tramo, piezas de anclaje, brazos de retorno espec\u00edficos.<\/p>\n<!-- \/wp:paragraph -->\t\t\t\t<\/div>\n\t\t\t\n\t\t\t\t\t\t\t\t\t<\/article>\n\t\t\t\t\t\t\t\t\t\t\t\t\t\t\t\t<article class=\"uagb-post__inner-wrap\">\t\t\t\t\t\t\t\t<h3 class=\"uagb-post__title uagb-post__text\">\n\t\t\t\t<a href=\"https:\/\/galland-sas.com\/es\/histoire\/2003\/\" target=\"_self\" rel=\"bookmark noopener noreferrer\">2003<\/a>\n\t\t\t<\/h3>\n\t\t\t\t\t\t<div class='uagb-post__text uagb-post-grid-byline'>\n\t\t\t\t\t\t\t<\/div>\n\t\t\t\t\t\t\t<div class='uagb-post__text uagb-post__excerpt'>\n\t\t\t\t\t<!-- wp:paragraph -->\n<p>Transferencia de actividad del sitio Choisy-le-Roi a La Lande-de-Fronsac, evoluci\u00f3n de nuestra herramienta industrial.<\/p>\n<!-- \/wp:paragraph -->\t\t\t\t<\/div>\n\t\t\t\n\t\t\t\t\t\t\t\t\t<\/article>\n\t\t\t\t\t\t\t\t\t\t\t\t\t\t\t\t<article class=\"uagb-post__inner-wrap\">\t\t\t\t\t\t\t\t<h3 class=\"uagb-post__title uagb-post__text\">\n\t\t\t\t<a href=\"https:\/\/galland-sas.com\/es\/histoire\/2007\/\" target=\"_self\" rel=\"bookmark noopener noreferrer\">2007<\/a>\n\t\t\t<\/h3>\n\t\t\t\t\t\t<div class='uagb-post__text uagb-post-grid-byline'>\n\t\t\t\t\t\t\t<\/div>\n\t\t\t\t\t\t\t<div class='uagb-post__text uagb-post__excerpt'>\n\t\t\t\t\t<!-- wp:paragraph -->\n<p>R\u00e9cord de velocidad de 574,8 km\/h en la l\u00ednea TGV Grand Est con equipamiento Galland.<\/p>\n<!-- \/wp:paragraph -->\t\t\t\t<\/div>\n\t\t\t\n\t\t\t\t\t\t\t\t\t<\/article>\n\t\t\t\t\t\t\t\t\t\t\t\t\t\t\t\t<article class=\"uagb-post__inner-wrap\">\t\t\t\t\t\t\t\t<h3 class=\"uagb-post__title uagb-post__text\">\n\t\t\t\t<a href=\"https:\/\/galland-sas.com\/es\/histoire\/2016\/\" target=\"_self\" rel=\"bookmark noopener noreferrer\">2016<\/a>\n\t\t\t<\/h3>\n\t\t\t\t\t\t<div class='uagb-post__text uagb-post-grid-byline'>\n\t\t\t\t\t\t\t<\/div>\n\t\t\t\t\t\t\t<div class='uagb-post__text uagb-post__excerpt'>\n\t\t\t\t\t<!-- wp:paragraph -->\n<p>Creaci\u00f3n de una filial de distribuci\u00f3n en China: Galland Catenay Suzhou Co. Ltd.<\/p>\n<!-- \/wp:paragraph -->\t\t\t\t<\/div>\n\t\t\t\n\t\t\t\t\t\t\t\t\t<\/article>\n\t\t\t\t\t\t\t\t\t\t\t<\/div>\n\t\t\t<\/div>\n\n\n\n<div class=\"wp-block-uagb-container uagb-block-9fe654b9 alignfull uagb-is-root-container\"><div class=\"uagb-container-inner-blocks-wrap\">\n<div class=\"wp-block-uagb-container uagb-block-77dfd91f\">\n<h3 class=\"wp-block-heading has-blanc-color has-text-color has-link-color has-medium-font-size wp-elements-6420ef8cf1b94452f1f617e5e5418329\"><strong>Los valores del Galland<\/strong><\/h3>\n<\/div>\n\n\n\n<div class=\"wp-block-uagb-container uag-hide-tab uag-hide-mob uagb-block-1573b592\"><\/div>\n\n\n\n<div class=\"wp-block-uagb-container uag-hide-mob uagb-block-f8c6a22d\"><\/div>\n<\/div><\/div>\n\n\n\n<div class=\"wp-block-uagb-container valeurs uagb-block-b9b77653 alignfull uagb-is-root-container\"><div class=\"uagb-container-inner-blocks-wrap\">\n<div class=\"wp-block-uagb-container uagb-block-b50d6f80\">\n<p class=\"has-text-align-right text-effect text-effect-1 has-huge-font-size\">01<\/p>\n\n\n\n<h4 class=\"wp-block-heading tw-mb-0 has-color-1-color has-text-color has-link-color has-medium-font-size wp-elements-f0ebabbf05e72bdc7d55bcba55a1cdc0\">Calidad<\/h4>\n\n\n\n<p class=\"has-extra-small-font-size\" style=\"line-height:1.4\">Operadores capacitados y especializados, un parque de m\u00e1quinas adecuado, l\u00edneas de producci\u00f3n optimizadas, as\u00ed como controles rigurosos y permanentes constituyen nuestro proceso industrial. Este sistema garantiza el control de nuestra producci\u00f3n y permite ofrecer un alto nivel de calidad, cumpliendo con los requisitos de nuestros clientes.<\/p>\n<\/div>\n\n\n\n<div class=\"wp-block-uagb-container uagb-block-7a600811\">\n<p class=\"has-text-align-right has-huge-font-size\" style=\"font-style:normal;font-weight:800\">02<\/p>\n\n\n\n<h4 class=\"wp-block-heading tw-mb-0 has-color-1-color has-text-color has-link-color has-medium-font-size wp-elements-04c5a7ecb34cd82aea55451409b4f058\">Innovaci\u00f3n<\/h4>\n\n\n\n<p class=\"has-extra-small-font-size\" style=\"line-height:1.4\">Innovaci\u00f3n: en el centro de nuestra actividad. Nuestra oficina de dise\u00f1o desarrolla y dise\u00f1a constantemente soluciones innovadoras para satisfacer las expectativas de nuestros clientes y los requisitos de las redes ferroviarias: fiabilidad, seguridad y velocidad. Nuestro compromiso se centra en la proximidad al cliente y la investigaci\u00f3n fundamental y de vanguardia. Conectividad de catenaria para un mejor conocimiento y control de las redes, ecodise\u00f1o para afrontar los retos medioambientales e innovaci\u00f3n para ofrecer productos cada vez m\u00e1s eficientes. Siempre comprometidos, somos actores de la catenaria del ma\u00f1ana.<\/p>\n<\/div>\n\n\n\n<div class=\"wp-block-uagb-container uagb-block-26b43b6b\">\n<p class=\"has-text-align-right text-effect text-effect-1 has-huge-font-size\">03<\/p>\n\n\n\n<h4 class=\"wp-block-heading tw-mb-0 has-color-1-color has-text-color has-link-color has-medium-font-size wp-elements-fe938e97d8ebf9939c7e8593930915c3\">Servicio<\/h4>\n\n\n\n<p class=\"has-extra-small-font-size\" style=\"line-height:1.4\">Presente en m\u00e1s de 40 pa\u00edses, nuestra estructura nos permite ofrecer a nuestros clientes soporte y presencia en los 5 continentes. Armados con nuestra red de agentes y distribuidores, apoyados por las mujeres y hombres de la empresa, capacitamos y ayudamos a nuestros clientes en la instalaci\u00f3n de nuestras soluciones de catenaria. Para cualquier solicitud espec\u00edfica sobre un desarrollo, una distribuci\u00f3n particular o un nuevo dise\u00f1o, comun\u00edquese con nuestra oficina de dise\u00f1o. Estamos aqu\u00ed para escucharte y satisfacer tus necesidades.<\/p>\n<\/div>\n<\/div><\/div>\n\n\n\n<div data-aos= \"fade\" data-aos-duration=\"400\" data-aos-delay=\"0\" data-aos-easing=\"ease\" data-aos-once=\"true\" class=\"wp-block-uagb-container contact_projet uagb-layout-flex uagb-block-86b693dc alignfull uagb-is-root-container\"><div class=\"uagb-container-inner-blocks-wrap\">\n<div class=\"wp-block-uagb-container uagb-layout-grid uagb-block-6ed6d423\">\n<div class=\"wp-block-uagb-image uagb-block-ee37d242 wp-block-uagb-image--layout-default wp-block-uagb-image--effect-static wp-block-uagb-image--align-none\"><figure class=\"wp-block-uagb-image__figure\"><img decoding=\"async\" srcset=\"https:\/\/galland-sas.com\/wp-content\/uploads\/2024\/07\/PICTO-VOUSAVEZUNPROJET.svg ,https:\/\/galland-sas.com\/wp-content\/uploads\/2024\/07\/PICTO-VOUSAVEZUNPROJET.svg 780w, https:\/\/galland-sas.com\/wp-content\/uploads\/2024\/07\/PICTO-VOUSAVEZUNPROJET.svg 360w\" sizes=\"auto, (max-width: 480px) 150px\" src=\"https:\/\/galland-sas.com\/wp-content\/uploads\/2024\/07\/PICTO-VOUSAVEZUNPROJET.svg\" alt=\"Vous avez un projet ?\" class=\"uag-image-278\" width=\"77\" height=\"65\" title=\"PICTO-TIENES UN PROYECTO\" loading=\"lazy\" role=\"img\"\/><\/figure><\/div>\n\n\n\n<h4 class=\"wp-block-heading has-blanc-color has-text-color has-link-color has-large-font-size wp-elements-f32f6bbb149ce63cc293cdc2e145ffb5\"><strong>\u00bfUn proyecto?<br>hablemos de ello juntos <\/strong> !<\/h4>\n<\/div>\n\n\n\n<div class=\"wp-block-uagb-container uagb-block-53679ddf\">\n<p class=\"btn_white\"><a href=\"https:\/\/galland-sas.com\/es\/contact\/\" data-type=\"page\" data-id=\"254\">Contacto Galland<\/a><\/p>\n<\/div>\n<\/div><\/div>\n\n\n\n<div class=\"wp-block-group alignfull has-color-1-background-color has-background tw-block-animation tw-animation-fade-in tw-duration-2\" style=\"--tw-animation-delay:0.5s;padding-top:0px;padding-bottom:0px\"><div class=\"wp-block-group__inner-container is-layout-constrained wp-block-group-is-layout-constrained\">\n<div class=\"wp-block-uagb-container uagb-block-4d3884c2 alignfull uagb-is-root-container\"><div class=\"uagb-container-inner-blocks-wrap\">\n<div class=\"wp-block-uagb-container linkedin uagb-block-610bc166\">\n<div style=\"height:10px\" aria-hidden=\"true\" class=\"wp-block-spacer\"><\/div>\n\n\n\n<div class=\"wp-block-group is-content-justification-center is-nowrap is-layout-flex wp-container-core-group-is-layout-9817af40 wp-block-group-is-layout-flex\" style=\"padding-right:0;padding-left:0\">\n<h4 class=\"wp-block-heading followus has-blanc-color has-text-color has-link-color wp-elements-407b78a7a9adec098a2897643306795e\"><a href=\"https:\/\/fr.linkedin.com\/company\/galland-sas\" target=\"_blank\" rel=\"noreferrer noopener\"><strong>S\u00edguenos en<\/strong><\/a><\/h4>\n\n\n\n<div class=\"wp-block-uagb-image uagb-block-5091212c wp-block-uagb-image--layout-default wp-block-uagb-image--effect-static wp-block-uagb-image--align-none\"><figure class=\"wp-block-uagb-image__figure\"><a class=\"\" href=\"https:\/\/fr.linkedin.com\/company\/galland-sas\" target=\"_blank\" rel=\"noreferrer noopener\"><img decoding=\"async\" srcset=\"https:\/\/galland-sas.com\/wp-content\/uploads\/2024\/07\/PICTO-LINKEDIN.svg ,https:\/\/galland-sas.com\/wp-content\/uploads\/2024\/07\/PICTO-LINKEDIN.svg 780w, https:\/\/galland-sas.com\/wp-content\/uploads\/2024\/07\/PICTO-LINKEDIN.svg 360w\" sizes=\"auto, (max-width: 480px) 150px\" src=\"https:\/\/galland-sas.com\/wp-content\/uploads\/2024\/07\/PICTO-LINKEDIN.svg\" alt=\"LinkedIn Galland\" class=\"uag-image-273\" width=\"36\" height=\"52\" title=\"PICTO-LINKEDIN\" loading=\"lazy\" role=\"img\"\/><\/a><\/figure><\/div>\n<\/div>\n<\/div>\n\n\n\n<div class=\"wp-block-uagb-container uagb-block-2bbef7e0\">\n<h4 class=\"wp-block-heading has-blanc-color has-text-color has-link-color has-large-font-size wp-elements-2288765ab25da10ccf634d63ad81c221\"><strong>S\u00e9 el primero en saber<br>las \u00faltimas novedades de Galland.<\/strong><br><strong>\u00a1Suscr\u00edbete a nuestro bolet\u00edn!<\/strong><\/h4>\n\n\n<form id=\"forminator-module-140\" class=\"forminator-custom-form forminator-custom-form-140\" method=\"post\" data-forminator-render=\"0\" data-uid=\"69d3b5a5688e8\" action=\"\"><div role=\"alert\" aria-live=\"polite\" class=\"forminator-response-message forminator-error\" aria-hidden=\"true\"><\/div><input type=\"hidden\" name=\"trp-form-language\" value=\"es\"\/><\/form>\n<\/div>\n<\/div><\/div>\n<\/div><\/div>\n\n\n\n<div style=\"height:0px\" aria-hidden=\"true\" class=\"wp-block-spacer\"><\/div>","protected":false},"excerpt":{"rendered":"<p>Acerca de Galland Su socio en soluciones de catenaria La empresa GALLAND tiene como objetivo ofrecer soluciones para catenarias, ya sean convencionales, de alta velocidad o destinadas al transporte urbano. Desde 1946, nuestra experiencia acumulada en el sector ferroviario nos posiciona como especialistas en el mercado. Esta especializaci\u00f3n es el resultado de muchas horas de investigaci\u00f3n y\u2026<\/p>","protected":false},"author":1,"featured_media":58684,"parent":0,"menu_order":1,"comment_status":"closed","ping_status":"closed","template":"","meta":{"_acf_changed":false,"_uag_custom_page_level_css":"","footnotes":""},"class_list":["post-58639","page","type-page","status-publish","has-post-thumbnail","hentry","entry"],"acf":[],"uagb_featured_image_src":{"full":["https:\/\/galland-sas.com\/wp-content\/uploads\/2024\/07\/presentation.jpg",1600,629,false],"thumbnail":["https:\/\/galland-sas.com\/wp-content\/uploads\/2024\/07\/presentation-150x150.jpg",150,150,true],"medium":["https:\/\/galland-sas.com\/wp-content\/uploads\/2024\/07\/presentation-300x118.jpg",300,118,true],"medium_large":["https:\/\/galland-sas.com\/wp-content\/uploads\/2024\/07\/presentation-768x302.jpg",768,302,true],"large":["https:\/\/galland-sas.com\/wp-content\/uploads\/2024\/07\/presentation-1024x403.jpg",1024,403,true],"1536x1536":["https:\/\/galland-sas.com\/wp-content\/uploads\/2024\/07\/presentation-1536x604.jpg",1536,604,true],"2048x2048":["https:\/\/galland-sas.com\/wp-content\/uploads\/2024\/07\/presentation.jpg",1600,629,false],"trp-custom-language-flag":["https:\/\/galland-sas.com\/wp-content\/uploads\/2024\/07\/presentation-18x7.jpg",18,7,true],"largexl":["https:\/\/galland-sas.com\/wp-content\/uploads\/2024\/07\/presentation-1220x480.jpg",1220,480,true],"post-thumbnail":["https:\/\/galland-sas.com\/wp-content\/uploads\/2024\/07\/presentation-1568x616.jpg",1568,616,true]},"uagb_author_info":{"display_name":"dfuzionadmin","author_link":"https:\/\/galland-sas.com\/es\/author\/dfuzionadmin\/"},"uagb_comment_info":0,"uagb_excerpt":"\u00c0 propos de Galland Votre partenaire en solutions cat\u00e9naires La soci\u00e9t\u00e9 GALLAND a pour vocation de proposer des solutions pour les cat\u00e9naires, qu&rsquo;elles soient conventionnelles, \u00e0 grande vitesse ou destin\u00e9es aux transports urbains. Depuis 1946, notre expertise accumul\u00e9e dans le secteur ferroviaire nous positionne en tant que sp\u00e9cialistes sur le march\u00e9. Cette sp\u00e9cialisation r\u00e9sulte de&hellip;","_links":{"self":[{"href":"https:\/\/galland-sas.com\/es\/wp-json\/wp\/v2\/pages\/58639","targetHints":{"allow":["GET"]}}],"collection":[{"href":"https:\/\/galland-sas.com\/es\/wp-json\/wp\/v2\/pages"}],"about":[{"href":"https:\/\/galland-sas.com\/es\/wp-json\/wp\/v2\/types\/page"}],"author":[{"embeddable":true,"href":"https:\/\/galland-sas.com\/es\/wp-json\/wp\/v2\/users\/1"}],"replies":[{"embeddable":true,"href":"https:\/\/galland-sas.com\/es\/wp-json\/wp\/v2\/comments?post=58639"}],"version-history":[{"count":145,"href":"https:\/\/galland-sas.com\/es\/wp-json\/wp\/v2\/pages\/58639\/revisions"}],"predecessor-version":[{"id":59665,"href":"https:\/\/galland-sas.com\/es\/wp-json\/wp\/v2\/pages\/58639\/revisions\/59665"}],"wp:featuredmedia":[{"embeddable":true,"href":"https:\/\/galland-sas.com\/es\/wp-json\/wp\/v2\/media\/58684"}],"wp:attachment":[{"href":"https:\/\/galland-sas.com\/es\/wp-json\/wp\/v2\/media?parent=58639"}],"curies":[{"name":"wp","href":"https:\/\/api.w.org\/{rel}","templated":true}]}}