{"id":58891,"date":"2024-08-15T07:31:30","date_gmt":"2024-08-15T07:31:30","guid":{"rendered":"https:\/\/galland-sas.com\/?page_id=58891"},"modified":"2024-09-04T06:33:52","modified_gmt":"2024-09-04T06:33:52","slug":"politique-de-confidentialite-des-donnees","status":"publish","type":"page","link":"https:\/\/galland-sas.com\/es\/politique-de-confidentialite-des-donnees\/","title":{"rendered":"Pol\u00edtica de privacidad de datos"},"content":{"rendered":"<p><em>\u00daltima actualizaci\u00f3n: 10 de agosto de 2024<\/em><\/p>\n\n\n\n<p>Galland SAS pretende ser una empresa ejemplar y contribuir a la protecci\u00f3n de sus datos personales. Damos gran valor a la honestidad y la claridad y estamos comprometidos a construir relaciones s\u00f3lidas y duraderas con nuestros clientes, basadas en la confianza y el inter\u00e9s mutuo. De acuerdo con esta filosof\u00eda, la protecci\u00f3n de sus datos personales es esencial para nosotros y nos gustar\u00eda informarle a trav\u00e9s de esta pol\u00edtica de protecci\u00f3n de datos personales de la forma en que recopilamos y procesamos estos datos. Esta pol\u00edtica de privacidad define y le informa de la forma en que Galland SAS utiliza y protege la informaci\u00f3n que usted nos transmite, en su caso, cuando utiliza este sitio accesible desde la siguiente URL: https:\/\/galland-sas.com\/ (en adelante el \u201cSitio\u201d). Tenga en cuenta que esta pol\u00edtica de confidencialidad puede ser modificada o completada en cualquier momento por Galland SAS, en particular con vistas a cumplir con cualquier evoluci\u00f3n legislativa, reglamentaria, jurisprudencial o tecnol\u00f3gica. En tal caso, la fecha de su actualizaci\u00f3n estar\u00e1 claramente identificada en la parte superior de esta pol\u00edtica. Estas modificaciones vinculan al Usuario desde su puesta en l\u00ednea. Por ello, el Usuario deber\u00e1 consultar peri\u00f3dicamente esta pol\u00edtica de confidencialidad y uso de cookies con el fin de estar al tanto de cualquier modificaci\u00f3n.<\/p>\n\n\n\n<h2 class=\"wp-block-heading\">Datos personales<\/h2>\n\n\n\n<p>En t\u00e9rminos generales, puede visitar el Sitio sin proporcionar ninguna informaci\u00f3n personal sobre usted. En cualquier caso, usted no est\u00e1 en ning\u00fan caso obligado a transmitir esta informaci\u00f3n a Galland SAS. Sin embargo, en caso de negativa, es posible que no pueda beneficiarse de determinada informaci\u00f3n o servicios que haya solicitado. Como tal, Galland SAS puede, en ciertos casos, solicitarle que proporcione (en adelante su \u201cInformaci\u00f3n personal\u201d): nombre y apellido; direcci\u00f3n de correo electr\u00f3nico; n\u00famero telef\u00f3nico; direcci\u00f3n postal; cualquier solicitud especial que pueda enviarnos (principalmente con fines de archivo); Al facilitar esta informaci\u00f3n, usted acepta expresamente que ser\u00e1 tratada por Galland SAS, para las finalidades indicadas en el punto 2 siguiente as\u00ed como para las finalidades que se indican al final de cada formulario. De conformidad con el Reglamento General de Protecci\u00f3n de Datos adoptado por el Parlamento Europeo el 14 de abril de 2016 y la Ley de Protecci\u00f3n de Datos del 6 de enero de 1978 modificada, Galland SAS le informa de los siguientes puntos:<\/p>\n\n\n\n<h3 class=\"wp-block-heading\">1.1. Identidad del responsable del tratamiento<\/h3>\n\n\n\n<p>El responsable del tratamiento es Galland SAS, en la direcci\u00f3n 255 Z.A. de l\u2019illot 33240 La Lande-de-Fronsac, France.<\/p>\n\n\n\n<p>Correo electr\u00f3nico: webcontact@galland-sas.com<\/p>\n\n\n\n<h3 class=\"wp-block-heading\">1.2. Finalidades del tratamiento<\/h3>\n\n\n\n<p>Galland SAS puede procesar su Informaci\u00f3n personal: (a) con el fin de proporcionarle la informaci\u00f3n o los servicios que ha solicitado recibir (enviar nuestros boletines despu\u00e9s de registrarse por su parte); y\/o (b) con el fin de recopilar informaci\u00f3n que nos permita mejorar nuestro sitio, nuestros productos y servicios (en particular a trav\u00e9s de cookies).<\/p>\n\n\n\n<h3 class=\"wp-block-heading\">1.3. Destinatarios<\/h3>\n\n\n\n<p>S\u00f3lo Galland SAS es el destinatario de su informaci\u00f3n personal. \u00c9stos, ya sean individuales o agregados, nunca se transmiten a terceros, independientemente de los proveedores de servicios utilizados por Galland SAS (encontrar\u00e1 m\u00e1s informaci\u00f3n sobre ellos en el punto 7 siguiente). Ni Galland SAS, ni ninguno de sus proveedores de servicios, vende los datos personales de los visitantes y Usuarios de su Sitio.<\/p>\n\n\n\n<h3 class=\"wp-block-heading\">1.4. Duraci\u00f3n<\/h3>\n\n\n\n<p>Galland SAS conserva su informaci\u00f3n personal \u00fanicamente durante el tiempo correspondiente al prop\u00f3sito de recopilaci\u00f3n como se indica en el punto 2 anterior, que en ning\u00fan caso puede exceder los 24 meses.<\/p>\n\n\n\n<h3 class=\"wp-block-heading\">1.5. Derechos y libertades inform\u00e1ticas<\/h3>\n\n\n\n<p>Tiene los siguientes derechos con respecto a su Informaci\u00f3n personal, que puede ejercer escribi\u00e9ndonos a la direcci\u00f3n de correo electr\u00f3nico (webcontact@galland-sas.com), a la direcci\u00f3n postal (ver punto 1) o utilizando el formulario de contacto presente en el Sitio en la siguiente URL: https:\/\/galland-sas.com\/contact<\/p>\n\n\n\n<h4 class=\"wp-block-heading\">Derecho de acceso y comunicaci\u00f3n de datos<\/h4>\n\n\n\n<p>Tiene derecho a acceder a la Informaci\u00f3n personal que le concierne. Sin embargo, debido a la obligaci\u00f3n de seguridad y confidencialidad en el procesamiento de datos personales que incumbe a Galland SAS, se le informa que su solicitud ser\u00e1 procesada siempre que acredite su identidad, en particular mediante la presentaci\u00f3n de un escaneo de su documento de identidad v\u00e1lido ( en el caso de una solicitud a trav\u00e9s de nuestro formulario electr\u00f3nico espec\u00edfico) o una fotocopia firmada de su documento de identidad v\u00e1lido (en el caso de una solicitud por escrito). Galland SAS le informa que tendr\u00e1 derecho, en su caso, a oponerse a las solicitudes que sean manifiestamente abusivas (por su n\u00famero, car\u00e1cter repetitivo o sistem\u00e1tico). Para ayudarle en su proceso, especialmente si desea ejercer su derecho de acceso mediante solicitud escrita a la direcci\u00f3n postal mencionada en el punto 1, encontrar\u00e1 haciendo clic en el siguiente enlace un modelo de carta elaborado por la Comisi\u00f3n Nacional de Tecnolog\u00edas de la Informaci\u00f3n y Libertades (la \u201cCNIL\u201d). https:\/\/www.cnil.fr\/fr\/modele\/courrier\/entreprises-son-droit-dacces<\/p>\n\n\n\n<h4 class=\"wp-block-heading\">Derecho a rectificaci\u00f3n de datos<\/h4>\n\n\n\n<p>En virtud de este derecho, la legislaci\u00f3n le autoriza a solicitar la rectificaci\u00f3n, actualizaci\u00f3n, bloqueo o incluso supresi\u00f3n de los datos que le conciernen que puedan resultar inexactos, err\u00f3neos, incompletos u obsoletos. Adem\u00e1s, podr\u00e1 definir instrucciones generales y espec\u00edficas relativas al destino de los datos personales despu\u00e9s de su fallecimiento. En su caso, los herederos de una persona fallecida podr\u00e1n exigir que se tome en consideraci\u00f3n el fallecimiento de su ser querido y\/o se realicen las actualizaciones necesarias. Para ayudarle en su proceso, especialmente si desea ejercer, en nombre propio o de uno de sus seres queridos fallecidos, su derecho de rectificaci\u00f3n mediante solicitud escrita a la direcci\u00f3n postal mencionada en el punto 1, deber\u00e1 Encuentre haciendo clic en el siguiente enlace un modelo de carta desarrollado por la CNIL. https:\/\/www.cnil.fr\/fr\/modele\/courrier\/rectifier-des-donnees-inexactes-obsoletes-ou-perimees<\/p>\n\n\n\n<h4 class=\"wp-block-heading\">Derecho a oponerse<\/h4>\n\n\n\n<p>El ejercicio de este derecho s\u00f3lo es posible en una de las dos situaciones siguientes: Cuando el ejercicio de este derecho se base en motivos leg\u00edtimos; o Cuando el ejercicio de este derecho tenga por objeto impedir que los datos recabados sean utilizados con fines de prospecci\u00f3n comercial. Para ayudarle en su proceso, en particular si desea ejercer su derecho de oposici\u00f3n mediante una solicitud escrita dirigida a la direcci\u00f3n postal indicada en el punto 1, encontrar\u00e1 haciendo clic en el siguiente enlace un modelo de carta desarrollado por la CNIL. https:\/\/www.cnil.fr\/fr\/modele\/courrier\/supprimer-des-information-vous-concernant-dun-site-internet Sin embargo, le ofrecemos herramientas para gestionar sus datos directamente en nuestro sitio. Los encontrar\u00e1s al final de la p\u00e1gina. Cont\u00e1ctanos si tienes alg\u00fan problema al usarlos.<\/p>\n\n\n\n<h3 class=\"wp-block-heading\">1.6. Tiempos de respuesta<\/h3>\n\n\n\n<p>Galland SAS se compromete a responder a su solicitud de acceso, rectificaci\u00f3n u oposici\u00f3n o cualquier otra solicitud adicional de informaci\u00f3n en un plazo razonable que no podr\u00e1 exceder de 1 mes desde la recepci\u00f3n de su solicitud.<\/p>\n\n\n\n<h3 class=\"wp-block-heading\">1.7. Prestadores de servicios autorizados y traslado a un tercer pa\u00eds de la Uni\u00f3n Europea<\/h3>\n\n\n\n<p>Galland SAS te informa que utiliza sus proveedores de servicios autorizados para facilitar la recogida y tratamiento de los datos que nos has comunicado. Estos proveedores de servicios pueden estar ubicados fuera de la Uni\u00f3n Europea y comunicar los datos recopilados a trav\u00e9s de los distintos formularios presentes en el Sitio (con excepci\u00f3n del formulario que le permite ejercer sus derechos de Protecci\u00f3n de Datos que ofrece y utiliza Galland SAS).<\/p>\n\n\n\n<h3 class=\"wp-block-heading\">1.8. Denuncia ante la autoridad competente<\/h3>\n\n\n\n<p>Si considera que Galland SAS no est\u00e1 respetando sus obligaciones con respecto a su Informaci\u00f3n Personal, puede enviar una queja o una solicitud a la autoridad competente. En France, la autoridad competente es la CNIL a la que se puede enviar una solicitud electr\u00f3nicamente haciendo clic en el siguiente enlace: https:\/\/www.cnil.fr\/fr\/plaintes\/internet.<\/p>","protected":false},"excerpt":{"rendered":"<p>\u00daltima actualizaci\u00f3n: 10 de agosto de 2024 Galland SAS pretende ser una empresa ejemplar y contribuir a la protecci\u00f3n de sus datos personales. Damos gran valor a la honestidad y la claridad y estamos comprometidos a construir relaciones s\u00f3lidas y duraderas con nuestros clientes, basadas en la confianza y el inter\u00e9s mutuo. De acuerdo\u2026<\/p>","protected":false},"author":1,"featured_media":58685,"parent":0,"menu_order":22,"comment_status":"closed","ping_status":"closed","template":"","meta":{"_acf_changed":false,"_uag_custom_page_level_css":"","footnotes":""},"class_list":["post-58891","page","type-page","status-publish","has-post-thumbnail","hentry","entry"],"acf":[],"uagb_featured_image_src":{"full":["https:\/\/galland-sas.com\/wp-content\/uploads\/2024\/07\/header-projets.jpg",1600,629,false],"thumbnail":["https:\/\/galland-sas.com\/wp-content\/uploads\/2024\/07\/header-projets-150x150.jpg",150,150,true],"medium":["https:\/\/galland-sas.com\/wp-content\/uploads\/2024\/07\/header-projets-300x118.jpg",300,118,true],"medium_large":["https:\/\/galland-sas.com\/wp-content\/uploads\/2024\/07\/header-projets-768x302.jpg",768,302,true],"large":["https:\/\/galland-sas.com\/wp-content\/uploads\/2024\/07\/header-projets-1024x403.jpg",1024,403,true],"1536x1536":["https:\/\/galland-sas.com\/wp-content\/uploads\/2024\/07\/header-projets-1536x604.jpg",1536,604,true],"2048x2048":["https:\/\/galland-sas.com\/wp-content\/uploads\/2024\/07\/header-projets.jpg",1600,629,false],"trp-custom-language-flag":["https:\/\/galland-sas.com\/wp-content\/uploads\/2024\/07\/header-projets-18x7.jpg",18,7,true],"largexl":["https:\/\/galland-sas.com\/wp-content\/uploads\/2024\/07\/header-projets-1220x480.jpg",1220,480,true],"post-thumbnail":["https:\/\/galland-sas.com\/wp-content\/uploads\/2024\/07\/header-projets-1568x616.jpg",1568,616,true]},"uagb_author_info":{"display_name":"dfuzionadmin","author_link":"https:\/\/galland-sas.com\/es\/author\/dfuzionadmin\/"},"uagb_comment_info":0,"uagb_excerpt":"Derni\u00e8re mise \u00e0 jour : 10 ao\u00fbt 2024 Galland SAS a pour ambition d\u2019\u00eatre une soci\u00e9t\u00e9 exemplaire et de contribuer \u00e0 la protection de vos donn\u00e9es personnelles. Nous accordons une grande valeur \u00e0 l\u2019honn\u00eatet\u00e9 et \u00e0 la clart\u00e9 et avons \u00e0 c\u0153ur de construire avec nos clients des relations fortes et durables, fond\u00e9es sur la&hellip;","_links":{"self":[{"href":"https:\/\/galland-sas.com\/es\/wp-json\/wp\/v2\/pages\/58891","targetHints":{"allow":["GET"]}}],"collection":[{"href":"https:\/\/galland-sas.com\/es\/wp-json\/wp\/v2\/pages"}],"about":[{"href":"https:\/\/galland-sas.com\/es\/wp-json\/wp\/v2\/types\/page"}],"author":[{"embeddable":true,"href":"https:\/\/galland-sas.com\/es\/wp-json\/wp\/v2\/users\/1"}],"replies":[{"embeddable":true,"href":"https:\/\/galland-sas.com\/es\/wp-json\/wp\/v2\/comments?post=58891"}],"version-history":[{"count":4,"href":"https:\/\/galland-sas.com\/es\/wp-json\/wp\/v2\/pages\/58891\/revisions"}],"predecessor-version":[{"id":59245,"href":"https:\/\/galland-sas.com\/es\/wp-json\/wp\/v2\/pages\/58891\/revisions\/59245"}],"wp:featuredmedia":[{"embeddable":true,"href":"https:\/\/galland-sas.com\/es\/wp-json\/wp\/v2\/media\/58685"}],"wp:attachment":[{"href":"https:\/\/galland-sas.com\/es\/wp-json\/wp\/v2\/media?parent=58891"}],"curies":[{"name":"wp","href":"https:\/\/api.w.org\/{rel}","templated":true}]}}