{"id":58893,"date":"2024-08-15T07:40:44","date_gmt":"2024-08-15T07:40:44","guid":{"rendered":"https:\/\/galland-sas.com\/?page_id=58893"},"modified":"2024-08-15T07:41:26","modified_gmt":"2024-08-15T07:41:26","slug":"mentions-legales","status":"publish","type":"page","link":"https:\/\/galland-sas.com\/es\/mentions-legales\/","title":{"rendered":"Avisos legales"},"content":{"rendered":"<div class=\"wp-block-uagb-container uagb-block-725d03a5 alignfull uagb-is-root-container\"><div class=\"uagb-container-inner-blocks-wrap\">\n<p><strong>Informaci\u00f3n sobre el editor del sitio.<\/strong><\/p>\n\n\n\n<p>El sitio galland-sas.com est\u00e1 editado por la empresa Galland SAS cuya sede social se encuentra en 255 ZA de l\u2019Illot 33240 La Lande-de-Fronsac \u2013 France<\/p>\n\n\n\n<p>\u2013 Responsable de redacci\u00f3n y publicaci\u00f3n: <\/p>\n\n\n\n<p><strong>Creaci\u00f3n y dise\u00f1o de sitios.<\/strong><\/p>\n\n\n\n<p><strong><a href=\"https:\/\/ka2com.fr\/\" target=\"_blank\" rel=\"noopener\">Comunicaci\u00f3n KA2<\/a>\u00a0<\/strong>lleva a cabo el dise\u00f1o gr\u00e1fico y funcional del sitio, su referenciaci\u00f3n y garantiza el seguimiento t\u00e9cnico de su alojamiento.<br>El sitio est\u00e1 alojado por la empresa. <strong>OVH<\/strong>, 2 rue Kellermann 59100 Roubaix.<\/p>\n\n\n\n<p><strong>Computadoras y libertades<\/strong><\/p>\n\n\n\n<p>No somos responsables de los datos que proporcione a otros sitios web que encuentre a trav\u00e9s de galland-sas.com.<\/p>\n\n\n\n<p><strong>Pol\u00edtica de privacidad de datos y cookies<\/strong><\/p>\n\n\n\n<p>La informaci\u00f3n que le concierne, transmitida mediante el env\u00edo de un correo electr\u00f3nico o mediante el formulario de la p\u00e1gina de contacto, se rige por la legislaci\u00f3n europea (GDPR). Est\u00e1n destinados exclusivamente para Galland SAS. Le invitamos a leer nuestra pol\u00edtica de privacidad de datos y ejercer sus derechos en nuestra p\u00e1gina de cookies utilizando las herramientas que se encuentran en la parte inferior de la p\u00e1gina.<\/p>\n\n\n\n<p><strong>Alcance de la informaci\u00f3n<\/strong><\/p>\n\n\n\n<p>La informaci\u00f3n contenida en este sitio web se proporciona \u00fanicamente con fines informativos. No tienen valor contractual ni valor exhaustivo. A pesar de todo el cuidado puesto por nuestros equipos editoriales y t\u00e9cnicos al escribir y publicar documentos en l\u00ednea, no se pueden excluir errores tipogr\u00e1ficos o imprecisiones t\u00e9cnicas. Galland SAS se reserva el derecho de corregirlos en cualquier momento tan pronto como sean puestos en su conocimiento. Asimismo, advierte al usuario del sitio que le corresponde verificar la informaci\u00f3n por cualquier medio que considere oportuno. La informaci\u00f3n y los documentos contenidos en el sitio galland-sas.com pueden actualizarse en cualquier momento. En particular, pueden estar sujetos a actualizaciones entre el momento en que son descargados por el internauta y el momento en que tiene conocimiento de ellos. Galland SAS no se hace responsable de ning\u00fan da\u00f1o directo o indirecto debido a una informaci\u00f3n mal utilizada y\/o que resulte inexacta o incompleta, o debido a una intrusi\u00f3n fraudulenta por parte de un tercero que haya provocado una modificaci\u00f3n de la informaci\u00f3n disponible en el sitio. De manera m\u00e1s general, Galland SAS declina toda responsabilidad por cualquier da\u00f1o, directo o indirecto, cualesquiera que sean las causas, los or\u00edgenes, la naturaleza o las consecuencias, causado por el acceso de cualquier persona al sitio o por la imposibilidad de acceder a \u00e9l, o debido al uso del sitio y\/o a la Cr\u00e9dito otorgado a cualquier informaci\u00f3n proveniente directa o indirectamente del sitio.<\/p>\n<\/div><\/div>\n\n\n\n<div style=\"height:100px\" aria-hidden=\"true\" class=\"wp-block-spacer\"><\/div>","protected":false},"excerpt":{"rendered":"<p>Informaci\u00f3n sobre el editor del sitio El sitio galland-sas.com es publicado por la empresa Galland SAS cuya sede se encuentra en 255 ZA de l&#039;Illot 33240 La Lande-de-Fronsac \u2013 France \u2013 Responsable de la redacci\u00f3n y publicaci\u00f3n: Creaci\u00f3n del sitio y dise\u00f1o KA2 Comunicaci\u00f3n realizada el dise\u00f1o gr\u00e1fico y funcional del sitio, su referenciaci\u00f3n, y asegura la\u2026<\/p>","protected":false},"author":1,"featured_media":58685,"parent":0,"menu_order":23,"comment_status":"closed","ping_status":"closed","template":"","meta":{"_acf_changed":false,"_uag_custom_page_level_css":"","footnotes":""},"class_list":["post-58893","page","type-page","status-publish","has-post-thumbnail","hentry","entry"],"acf":[],"uagb_featured_image_src":{"full":["https:\/\/galland-sas.com\/wp-content\/uploads\/2024\/07\/header-projets.jpg",1600,629,false],"thumbnail":["https:\/\/galland-sas.com\/wp-content\/uploads\/2024\/07\/header-projets-150x150.jpg",150,150,true],"medium":["https:\/\/galland-sas.com\/wp-content\/uploads\/2024\/07\/header-projets-300x118.jpg",300,118,true],"medium_large":["https:\/\/galland-sas.com\/wp-content\/uploads\/2024\/07\/header-projets-768x302.jpg",768,302,true],"large":["https:\/\/galland-sas.com\/wp-content\/uploads\/2024\/07\/header-projets-1024x403.jpg",1024,403,true],"1536x1536":["https:\/\/galland-sas.com\/wp-content\/uploads\/2024\/07\/header-projets-1536x604.jpg",1536,604,true],"2048x2048":["https:\/\/galland-sas.com\/wp-content\/uploads\/2024\/07\/header-projets.jpg",1600,629,false],"trp-custom-language-flag":["https:\/\/galland-sas.com\/wp-content\/uploads\/2024\/07\/header-projets-18x7.jpg",18,7,true],"largexl":["https:\/\/galland-sas.com\/wp-content\/uploads\/2024\/07\/header-projets-1220x480.jpg",1220,480,true],"post-thumbnail":["https:\/\/galland-sas.com\/wp-content\/uploads\/2024\/07\/header-projets-1568x616.jpg",1568,616,true]},"uagb_author_info":{"display_name":"dfuzionadmin","author_link":"https:\/\/galland-sas.com\/es\/author\/dfuzionadmin\/"},"uagb_comment_info":0,"uagb_excerpt":"Informations sur l\u2019\u00e9diteur du site Le site galland-sas.com est \u00e9dit\u00e9 par la soci\u00e9t\u00e9 Galland SAS dont le si\u00e8ge social est situ\u00e9 255 Z.A. de l\u2019Illot 33240 La Lande-de-Fronsac &#8211; France \u2013 Responsable de la r\u00e9daction et de la publication : R\u00e9alisation du site et conception KA2 Communication\u00a0a r\u00e9alis\u00e9 la conception graphique et fonctionnelle du site,&hellip;","_links":{"self":[{"href":"https:\/\/galland-sas.com\/es\/wp-json\/wp\/v2\/pages\/58893","targetHints":{"allow":["GET"]}}],"collection":[{"href":"https:\/\/galland-sas.com\/es\/wp-json\/wp\/v2\/pages"}],"about":[{"href":"https:\/\/galland-sas.com\/es\/wp-json\/wp\/v2\/types\/page"}],"author":[{"embeddable":true,"href":"https:\/\/galland-sas.com\/es\/wp-json\/wp\/v2\/users\/1"}],"replies":[{"embeddable":true,"href":"https:\/\/galland-sas.com\/es\/wp-json\/wp\/v2\/comments?post=58893"}],"version-history":[{"count":1,"href":"https:\/\/galland-sas.com\/es\/wp-json\/wp\/v2\/pages\/58893\/revisions"}],"predecessor-version":[{"id":58894,"href":"https:\/\/galland-sas.com\/es\/wp-json\/wp\/v2\/pages\/58893\/revisions\/58894"}],"wp:featuredmedia":[{"embeddable":true,"href":"https:\/\/galland-sas.com\/es\/wp-json\/wp\/v2\/media\/58685"}],"wp:attachment":[{"href":"https:\/\/galland-sas.com\/es\/wp-json\/wp\/v2\/media?parent=58893"}],"curies":[{"name":"wp","href":"https:\/\/api.w.org\/{rel}","templated":true}]}}