{"id":59463,"date":"2024-09-23T09:44:12","date_gmt":"2024-09-23T09:44:12","guid":{"rendered":"https:\/\/galland-sas.com\/?page_id=59463"},"modified":"2024-09-23T12:44:21","modified_gmt":"2024-09-23T12:44:21","slug":"gallands-quality-control-system-shown-to-be-impeccable-2-4901-2-2-2","status":"publish","type":"page","link":"https:\/\/galland-sas.com\/es\/gallands-quality-control-system-shown-to-be-impeccable-2-4901-2-2-2\/","title":{"rendered":"ISO 9001 y 14001"},"content":{"rendered":"<h2 class=\"wp-block-heading\">ISO 9001 y 14001<\/h2>\n\n\n<div class=\"wp-block-image\">\n<figure class=\"alignright size-full is-resized\"><img loading=\"lazy\" decoding=\"async\" width=\"1636\" height=\"838\" src=\"https:\/\/galland-sas.com\/wp-content\/uploads\/2024\/09\/ISO-14001-9001.png\" alt=\"\" class=\"wp-image-59472\" style=\"width:510px;height:auto\" srcset=\"https:\/\/galland-sas.com\/wp-content\/uploads\/2024\/09\/ISO-14001-9001.png 1636w, https:\/\/galland-sas.com\/wp-content\/uploads\/2024\/09\/ISO-14001-9001-300x154.png 300w, https:\/\/galland-sas.com\/wp-content\/uploads\/2024\/09\/ISO-14001-9001-1024x525.png 1024w, https:\/\/galland-sas.com\/wp-content\/uploads\/2024\/09\/ISO-14001-9001-768x393.png 768w, https:\/\/galland-sas.com\/wp-content\/uploads\/2024\/09\/ISO-14001-9001-1536x787.png 1536w, https:\/\/galland-sas.com\/wp-content\/uploads\/2024\/09\/ISO-14001-9001-18x9.png 18w, https:\/\/galland-sas.com\/wp-content\/uploads\/2024\/09\/ISO-14001-9001-1220x625.png 1220w, https:\/\/galland-sas.com\/wp-content\/uploads\/2024\/09\/ISO-14001-9001-1568x803.png 1568w\" sizes=\"auto, (max-width: 1636px) 100vw, 1636px\" \/><\/figure>\n<\/div>\n\n\n<p><strong>La satisfacci\u00f3n del cliente, que est\u00e1 escrita en nuestro ADN, siempre ha sido una fuente de inspiraci\u00f3n y un motor en Galland. Y podemos certificarlo.<\/strong><\/p>\n\n\n\n<p><strong><em>Descubra c\u00f3mo:<\/em><\/strong><\/p>\n\n\n\n<p>La satisfacci\u00f3n del cliente, que est\u00e1 escrita en nuestro ADN, siempre ha sido una fuente de inspiraci\u00f3n y un motor para la empresa Galland. Est\u00e1 en la conciencia de cada hombre y mujer que integramos la empresa, y nuestra pol\u00edtica es simplemente el reflejo de nuestro desarrollo en relaci\u00f3n a los problemas ambientales y nuestro constante af\u00e1n de mejora en nuestra organizaci\u00f3n.<\/p>\n\n\n\n<p>En el marco de esta pol\u00edtica, la organizaci\u00f3n SOCOTEC realiz\u00f3 en junio una auditor\u00eda en el marco de la renovaci\u00f3n de las certificaciones ISO 9001 y 14001.<\/p>\n\n\n\n<p>Se realiz\u00f3 una revisi\u00f3n global del proceso cubriendo todos los servicios de la empresa.<\/p>\n\n\n\n<p>Despu\u00e9s de dos d\u00edas de an\u00e1lisis en el seno de la organizaci\u00f3n, SOCOTEC emiti\u00f3 un dictamen favorable sobre la vigencia de los certificados.<\/p>\n\n\n\n<p>Continuaremos manteniendo con convicci\u00f3n nuestros compromisos en el \u00e1mbito SMQE: Sistema de Calidad y Control Ambiental.<\/p>\n\n\n\n<p><\/p>\n\n\n\n<p>Descargue nuestros certificados ISO:<\/p>\n\n\n\n<p><a href=\"https:\/\/galland-sas.com\/wp-content\/uploads\/2024\/09\/GALLAND_Certificat-ISO-9001-2015-FRA_valid-01042027.pdf\">Certificado ISO 9001 2024-2027 (franc\u00e9s)<\/a><\/p>\n\n\n\n<p><a href=\"https:\/\/galland-sas.com\/wp-content\/uploads\/2024\/09\/GALLAND_Certificat-ISO-14001-2015-FRA_valid-01042027.pdf\">Certificado ISO 140001 2024-2027 (franc\u00e9s)<\/a><\/p>\n\n\n\n<p><a href=\"https:\/\/galland-sas.com\/wp-content\/uploads\/2024\/09\/GALLAND_Certificat-ISO-9001-2015-ENG_valid-01042027.pdf\">Certificado ISO 9001 2024-2027 (ingl\u00e9s)<\/a><\/p>\n\n\n\n<p><a href=\"https:\/\/galland-sas.com\/wp-content\/uploads\/2024\/09\/GALLAND_Certificat-ISO-14001-2015-ENG_valid-01042027.pdf\">Certificado ISO 140001 2024-2027 (ingl\u00e9s)<\/a><\/p>\n\n\n\n<p><\/p>","protected":false},"excerpt":{"rendered":"<p>ISO 9001 &amp; 14001 La satisfacci\u00f3n del cliente, que est\u00e1 escrita en nuestro ADN, siempre ha sido una fuente de inspiraci\u00f3n y una fuerza impulsora en Galland. Y podemos certificarlo. Descubra c\u00f3mo: La satisfacci\u00f3n del cliente, que est\u00e1 escrita en nuestro ADN, siempre ha sido una fuente de inspiraci\u00f3n y un motor para la empresa Galland. Est\u00e1 en el\u2026<\/p>","protected":false},"author":3,"featured_media":0,"parent":0,"menu_order":0,"comment_status":"closed","ping_status":"closed","template":"","meta":{"_acf_changed":false,"_uag_custom_page_level_css":"","footnotes":""},"class_list":["post-59463","page","type-page","status-publish","hentry","entry"],"acf":[],"uagb_featured_image_src":{"full":false,"thumbnail":false,"medium":false,"medium_large":false,"large":false,"1536x1536":false,"2048x2048":false,"trp-custom-language-flag":false,"largexl":false,"post-thumbnail":false},"uagb_author_info":{"display_name":"Pierre Pellegrain","author_link":"https:\/\/galland-sas.com\/es\/author\/ppellegrain\/"},"uagb_comment_info":0,"uagb_excerpt":"ISO 9001 &amp; 14001 Client satisfaction, which is written into our DNA, has always been a source of inspiration and a driving force at Galland. And we can certify it. Find out how: Client satisfaction, which is written into our DNA, has always been a source of inspiration and a driving force for the Galland&hellip;","_links":{"self":[{"href":"https:\/\/galland-sas.com\/es\/wp-json\/wp\/v2\/pages\/59463","targetHints":{"allow":["GET"]}}],"collection":[{"href":"https:\/\/galland-sas.com\/es\/wp-json\/wp\/v2\/pages"}],"about":[{"href":"https:\/\/galland-sas.com\/es\/wp-json\/wp\/v2\/types\/page"}],"author":[{"embeddable":true,"href":"https:\/\/galland-sas.com\/es\/wp-json\/wp\/v2\/users\/3"}],"replies":[{"embeddable":true,"href":"https:\/\/galland-sas.com\/es\/wp-json\/wp\/v2\/comments?post=59463"}],"version-history":[{"count":6,"href":"https:\/\/galland-sas.com\/es\/wp-json\/wp\/v2\/pages\/59463\/revisions"}],"predecessor-version":[{"id":59511,"href":"https:\/\/galland-sas.com\/es\/wp-json\/wp\/v2\/pages\/59463\/revisions\/59511"}],"wp:attachment":[{"href":"https:\/\/galland-sas.com\/es\/wp-json\/wp\/v2\/media?parent=59463"}],"curies":[{"name":"wp","href":"https:\/\/api.w.org\/{rel}","templated":true}]}}