{"id":144,"date":"2024-05-03T12:55:17","date_gmt":"2024-05-03T12:55:17","guid":{"rendered":"https:\/\/galland-sas.com\/?page_id=144"},"modified":"2024-09-01T16:30:02","modified_gmt":"2024-09-01T16:30:02","slug":"accueil","status":"publish","type":"page","link":"https:\/\/galland-sas.com\/zh\/","title":{"rendered":"\u6b22\u8fce"},"content":{"rendered":"<div class=\"wp-block-uagb-container intro uagb-block-52d657fa alignfull uagb-is-root-container\"><div class=\"uagb-container-inner-blocks-wrap\">\n<div class=\"wp-block-uagb-container uagb-block-8dcb4918\">\n<div class=\"wp-block-uagb-image uagb-block-2689e481 wp-block-uagb-image--layout-default wp-block-uagb-image--effect-static wp-block-uagb-image--align-none uag-hide-mob\"><figure class=\"wp-block-uagb-image__figure\"><img decoding=\"async\" sizes=\"auto, (max-width: 480px) 150px\" src=\"https:\/\/galland-sas.com\/wp-content\/uploads\/2024\/10\/GALLAND-ELEMENT-TEXTE_988x584-CH.svg\" alt=\"depuis 1948\" class=\"uag-image-59215\" width=\"500\" height=\"227\" title=\"\u81ea1946\u5e74\u4ee5\u6765\" loading=\"lazy\" role=\"img\"\/><\/figure><\/div>\n\n\n\n<div class=\"wp-block-uagb-image uagb-block-41b9826c wp-block-uagb-image--layout-default wp-block-uagb-image--effect-static wp-block-uagb-image--align-none uag-hide-desktop uag-hide-tab\"><figure class=\"wp-block-uagb-image__figure\"><img decoding=\"async\" sizes=\"auto, (max-width: 480px) 150px\" src=\"https:\/\/galland-sas.com\/wp-content\/uploads\/2024\/10\/GALLAND-ELEMENT-TEXTE_1030x200-CH.svg\" alt=\"depuis 1948\" class=\"uag-image-59220\" width=\"473\" height=\"92\" title=\"\u81ea1946\u5e74\u4ee5\u6765\" loading=\"lazy\" role=\"img\"\/><\/figure><\/div>\n<\/div>\n\n\n\n<div class=\"wp-block-uagb-container uagb-block-521ec8eb\">\n<p class=\"has-color-2-color has-text-color has-link-color wp-elements-d3b5b7cc84ef023b11271eb043c51629\">\u5173\u4e8eGalland<\/p>\n\n\n\n<h1 class=\"wp-block-heading tw-lg-hidden tw-md-hidden tw-sm-hidden\">Galland SAS<\/h1>\n\n\n\n<h2 class=\"wp-block-heading has-color-1-color has-text-color has-link-color wp-elements-b6adda769ae7fbcde02c4c9223ea1b4c\"><strong>\u60a8\u7684\u63a5\u89e6\u7f51\u89e3\u51b3\u65b9\u6848\u5408\u4f5c\u4f19\u4f34<\/strong><\/h2>\n\n\n\n<p>Galland Catenary Suhzou (GCS) \u516c\u53f8\u7684\u4f7f\u547d\u662f\u751f\u4ea7\u63a5\u89e6\u7f51\u96f6\u90e8\u4ef6\uff0c\u65e0\u8bba\u662f\u4f20\u7edf\u3001\u9ad8\u901f\u8fd8\u662f\u57ce\u5e02\u4ea4\u901a\u3002<\/p>\n\n\n\n<div class=\"wp-block-buttons is-layout-flex wp-block-buttons-is-layout-flex\">\n<div class=\"wp-block-button\"><a class=\"wp-block-button__link wp-element-button\" href=\"https:\/\/galland-sas.com\/zh\/presentation\/\" style=\"padding-top:0;padding-bottom:0\">\u4e86\u89e3\u66f4\u591a\u5173\u4e8e\u516c\u53f8\u7684\u4fe1\u606f<\/a><\/div>\n<\/div>\n<\/div>\n<\/div><\/div>","protected":false},"excerpt":{"rendered":"<p>\u5173\u4e8e Galland Galland SAS \u60a8\u7684\u63a5\u89e6\u7f51\u89e3\u51b3\u65b9\u6848\u5408\u4f5c\u4f19\u4f34 GALLAND \u516c\u53f8\u7684\u4f7f\u547d\u662f\u751f\u4ea7\u63a5\u89e6\u7f51\u96f6\u4ef6\uff0c\u65e0\u8bba\u662f\u4f20\u7edf\u3001\u9ad8\u901f\u8fd8\u662f\u57ce\u5e02\u4ea4\u901a\u3002<\/p>","protected":false},"author":1,"featured_media":58815,"parent":0,"menu_order":0,"comment_status":"closed","ping_status":"closed","template":"templates\/template-accueil.php","meta":{"_acf_changed":false,"_uag_custom_page_level_css":"","footnotes":""},"class_list":["post-144","page","type-page","status-publish","has-post-thumbnail","hentry","entry"],"acf":[],"uagb_featured_image_src":{"full":["https:\/\/galland-sas.com\/wp-content\/uploads\/2024\/08\/HEADER-HOME2.jpg",1600,657,false],"thumbnail":["https:\/\/galland-sas.com\/wp-content\/uploads\/2024\/08\/HEADER-HOME2-150x150.jpg",150,150,true],"medium":["https:\/\/galland-sas.com\/wp-content\/uploads\/2024\/08\/HEADER-HOME2-300x123.jpg",300,123,true],"medium_large":["https:\/\/galland-sas.com\/wp-content\/uploads\/2024\/08\/HEADER-HOME2-768x315.jpg",768,315,true],"large":["https:\/\/galland-sas.com\/wp-content\/uploads\/2024\/08\/HEADER-HOME2-1024x420.jpg",1024,420,true],"1536x1536":["https:\/\/galland-sas.com\/wp-content\/uploads\/2024\/08\/HEADER-HOME2-1536x631.jpg",1536,631,true],"2048x2048":["https:\/\/galland-sas.com\/wp-content\/uploads\/2024\/08\/HEADER-HOME2.jpg",1600,657,false],"trp-custom-language-flag":["https:\/\/galland-sas.com\/wp-content\/uploads\/2024\/08\/HEADER-HOME2-18x7.jpg",18,7,true],"largexl":["https:\/\/galland-sas.com\/wp-content\/uploads\/2024\/08\/HEADER-HOME2-1220x501.jpg",1220,501,true],"post-thumbnail":["https:\/\/galland-sas.com\/wp-content\/uploads\/2024\/08\/HEADER-HOME2-1568x644.jpg",1568,644,true]},"uagb_author_info":{"display_name":"dfuzionadmin","author_link":"https:\/\/galland-sas.com\/zh\/author\/dfuzionadmin\/"},"uagb_comment_info":0,"uagb_excerpt":"\u00c0 propos de Galland Galland SAS Votre partenaire en solutions cat\u00e9naires La vocation de la soci\u00e9t\u00e9 GALLAND est de r\u00e9aliser des pi\u00e8ces pour les cat\u00e9naires, qu\u2019elles soient conventionnelles, grande vitesse ou pour les transports urbains.","_links":{"self":[{"href":"https:\/\/galland-sas.com\/zh\/wp-json\/wp\/v2\/pages\/144","targetHints":{"allow":["GET"]}}],"collection":[{"href":"https:\/\/galland-sas.com\/zh\/wp-json\/wp\/v2\/pages"}],"about":[{"href":"https:\/\/galland-sas.com\/zh\/wp-json\/wp\/v2\/types\/page"}],"author":[{"embeddable":true,"href":"https:\/\/galland-sas.com\/zh\/wp-json\/wp\/v2\/users\/1"}],"replies":[{"embeddable":true,"href":"https:\/\/galland-sas.com\/zh\/wp-json\/wp\/v2\/comments?post=144"}],"version-history":[{"count":33,"href":"https:\/\/galland-sas.com\/zh\/wp-json\/wp\/v2\/pages\/144\/revisions"}],"predecessor-version":[{"id":59766,"href":"https:\/\/galland-sas.com\/zh\/wp-json\/wp\/v2\/pages\/144\/revisions\/59766"}],"wp:featuredmedia":[{"embeddable":true,"href":"https:\/\/galland-sas.com\/zh\/wp-json\/wp\/v2\/media\/58815"}],"wp:attachment":[{"href":"https:\/\/galland-sas.com\/zh\/wp-json\/wp\/v2\/media?parent=144"}],"curies":[{"name":"\u53ef\u6e7f\u6027\u7c89\u5242","href":"https:\/\/api.w.org\/{rel}","templated":true}]}}