{"id":2,"date":"2024-05-03T10:20:49","date_gmt":"2024-05-03T10:20:49","guid":{"rendered":"https:\/\/galland-sas.com\/?page_id=2"},"modified":"2026-01-08T09:19:50","modified_gmt":"2026-01-08T09:19:50","slug":"produits","status":"publish","type":"page","link":"https:\/\/galland-sas.com\/zh\/produits\/","title":{"rendered":"\u4ea7\u54c1"},"content":{"rendered":"<div class=\"wp-block-uagb-container uagb-block-235866a2 alignwide uagb-is-root-container\">\n<h2 class=\"wp-block-heading\"><strong>\u4ea7\u54c1\u5217\u8868<\/strong><\/h2>\n\n\n\n<p>GALLAND \u7684\u4f7f\u547d\u662f\u4e3a\u67b6\u7a7a\u63a5\u89e6\u7f51\u751f\u4ea7\u5404\u79cd\u7ec4\u4ef6\uff0c\u5305\u62ec\u4f20\u7edf\u94c1\u8def\u3001\u9ad8\u901f\u94c1\u8def\u548c\u57ce\u5e02\u8f68\u9053\u4ea4\u901a\u7ebf\u8def\u3002GALLAND \u5728\u94c1\u8def\u9886\u57df\u79ef\u7d2f\u4e86 80 \u591a\u5e74\u7684\u7ecf\u9a8c\uff0c\u4f7f\u5176\u6210\u4e3a\u5e02\u573a\u4e0a\u7684\u4e13\u5bb6\u3002\u8fd9\u79cd\u4e13\u4e1a\u6027\u6e90\u4e8e\u65e0\u6570\u4e2a\u5c0f\u65f6\u7684\u7814\u53d1\u6295\u5165\uff0c\u4ee5\u53ca\u4e0e\u5ba2\u6237\u7d27\u5bc6\u5408\u4f5c\u5e76\u5bc6\u5207\u5173\u6ce8\u5ba2\u6237\u9700\u6c42\u3002\u5982\u4eca\uff0c\u94c1\u8def\u548c\u6709\u8f68\u7535\u8f66\u5e02\u573a\u7684\u6280\u672f\u7279\u6027\u8981\u6c42\u4f01\u4e1a\u9ad8\u5ea6\u6295\u5165\uff0c\u800c GALLAND \u4e5f\u59cb\u7ec8\u81f4\u529b\u4e8e\u8d28\u91cf\u3001\u521b\u65b0\u548c\u670d\u52a1\uff0c\u4e0d\u65ad\u63d0\u5347\u81ea\u8eab\u5b9e\u529b\u3002.<\/p>\n<\/div>","protected":false},"excerpt":{"rendered":"<p>Liste de produits La vocation de la soci\u00e9t\u00e9 GALLAND est de r\u00e9aliser des pi\u00e8ces pour les cat\u00e9naires, qu\u2019elles soient conventionnelles, grandes vitesses ou pour les transports urbains. L\u2019exp\u00e9rience accumul\u00e9e depuis 80 ans par la soci\u00e9t\u00e9 GALLAND dans le secteur ferroviaire nous positionne sur le march\u00e9 au titre de sp\u00e9cialiste. Cette sp\u00e9cialit\u00e9 est le fruit de longues heures de recherches et&hellip;<\/p>","protected":false},"author":1,"featured_media":142,"parent":0,"menu_order":2,"comment_status":"closed","ping_status":"closed","template":"templates\/template-page-produits.php","meta":{"_acf_changed":false,"_uag_custom_page_level_css":"","footnotes":""},"class_list":["post-2","page","type-page","status-publish","has-post-thumbnail","hentry","entry"],"acf":[],"uagb_featured_image_src":{"full":["https:\/\/galland-sas.com\/wp-content\/uploads\/2024\/05\/coverProduit.jpg",1920,600,false],"thumbnail":["https:\/\/galland-sas.com\/wp-content\/uploads\/2024\/05\/coverProduit-150x150.jpg",150,150,true],"medium":["https:\/\/galland-sas.com\/wp-content\/uploads\/2024\/05\/coverProduit-300x94.jpg",300,94,true],"medium_large":["https:\/\/galland-sas.com\/wp-content\/uploads\/2024\/05\/coverProduit-768x240.jpg",768,240,true],"large":["https:\/\/galland-sas.com\/wp-content\/uploads\/2024\/05\/coverProduit-1024x320.jpg",1024,320,true],"1536x1536":["https:\/\/galland-sas.com\/wp-content\/uploads\/2024\/05\/coverProduit-1536x480.jpg",1536,480,true],"2048x2048":["https:\/\/galland-sas.com\/wp-content\/uploads\/2024\/05\/coverProduit.jpg",1920,600,false],"trp-custom-language-flag":["https:\/\/galland-sas.com\/wp-content\/uploads\/2024\/05\/coverProduit.jpg",18,6,false],"largexl":["https:\/\/galland-sas.com\/wp-content\/uploads\/2024\/05\/coverProduit-1220x381.jpg",1220,381,true],"post-thumbnail":["https:\/\/galland-sas.com\/wp-content\/uploads\/2024\/05\/coverProduit-1568x490.jpg",1568,490,true]},"uagb_author_info":{"display_name":"dfuzionadmin","author_link":"https:\/\/galland-sas.com\/zh\/author\/dfuzionadmin\/"},"uagb_comment_info":0,"uagb_excerpt":"Liste de produits La vocation de la soci\u00e9t\u00e9 GALLAND est de r\u00e9aliser des pi\u00e8ces pour les cat\u00e9naires, qu\u2019elles soient conventionnelles, grandes vitesses ou pour les transports urbains. L\u2019exp\u00e9rience accumul\u00e9e depuis 80 ans par la soci\u00e9t\u00e9 GALLAND dans le secteur ferroviaire nous positionne sur le march\u00e9 au titre de sp\u00e9cialiste. Cette sp\u00e9cialit\u00e9 est le fruit de&hellip;","_links":{"self":[{"href":"https:\/\/galland-sas.com\/zh\/wp-json\/wp\/v2\/pages\/2","targetHints":{"allow":["GET"]}}],"collection":[{"href":"https:\/\/galland-sas.com\/zh\/wp-json\/wp\/v2\/pages"}],"about":[{"href":"https:\/\/galland-sas.com\/zh\/wp-json\/wp\/v2\/types\/page"}],"author":[{"embeddable":true,"href":"https:\/\/galland-sas.com\/zh\/wp-json\/wp\/v2\/users\/1"}],"replies":[{"embeddable":true,"href":"https:\/\/galland-sas.com\/zh\/wp-json\/wp\/v2\/comments?post=2"}],"version-history":[{"count":13,"href":"https:\/\/galland-sas.com\/zh\/wp-json\/wp\/v2\/pages\/2\/revisions"}],"predecessor-version":[{"id":59765,"href":"https:\/\/galland-sas.com\/zh\/wp-json\/wp\/v2\/pages\/2\/revisions\/59765"}],"wp:featuredmedia":[{"embeddable":true,"href":"https:\/\/galland-sas.com\/zh\/wp-json\/wp\/v2\/media\/142"}],"wp:attachment":[{"href":"https:\/\/galland-sas.com\/zh\/wp-json\/wp\/v2\/media?parent=2"}],"curies":[{"name":"\u53ef\u6e7f\u6027\u7c89\u5242","href":"https:\/\/api.w.org\/{rel}","templated":true}]}}