{"id":58577,"date":"2024-07-26T09:59:48","date_gmt":"2024-07-26T09:59:48","guid":{"rendered":"https:\/\/galland-sas.com\/?page_id=58577"},"modified":"2026-01-08T09:33:23","modified_gmt":"2026-01-08T09:33:23","slug":"projets","status":"publish","type":"page","link":"https:\/\/galland-sas.com\/zh\/projets\/","title":{"rendered":"\u9879\u76ee"},"content":{"rendered":"<div class=\"wp-block-uagb-container uagb-block-18a79411 alignfull uagb-is-root-container\"><div class=\"uagb-container-inner-blocks-wrap\">\n<div class=\"wp-block-uagb-container uagb-block-aa27a023\">\n<p class=\"has-color-2-color has-text-color has-link-color wp-elements-699f37d9a4ccd1251a41f09bc78aba0f\">\u516c\u53f8\u98ce\u91c7<\/p>\n\n\n\n<h2 class=\"wp-block-heading has-color-1-color has-text-color has-link-color wp-elements-43a7c0f4d2d4f22430bd66d54ffb0837\">Galland\uff0c\u904d\u5e03\u4e94\u5927\u6d32\uff01<\/h2>\n<\/div>\n\n\n\n<div class=\"wp-block-uagb-container uagb-block-2a12bef5\">\n<div class=\"wp-block-uagb-image uagb-block-027bce56 wp-block-uagb-image--layout-default wp-block-uagb-image--effect-static wp-block-uagb-image--align-none\"><figure class=\"wp-block-uagb-image__figure\"><img decoding=\"async\" srcset=\"https:\/\/galland-sas.com\/wp-content\/uploads\/2024\/12\/GALLAND-ELEMENT-TEXTE-SITE_40-850x372-CH.png 3542w, https:\/\/galland-sas.com\/wp-content\/uploads\/2024\/12\/GALLAND-ELEMENT-TEXTE-SITE_40-850x372-CH-300x131.png 300w, https:\/\/galland-sas.com\/wp-content\/uploads\/2024\/12\/GALLAND-ELEMENT-TEXTE-SITE_40-850x372-CH-1024x448.png 1024w, https:\/\/galland-sas.com\/wp-content\/uploads\/2024\/12\/GALLAND-ELEMENT-TEXTE-SITE_40-850x372-CH-768x336.png 768w, https:\/\/galland-sas.com\/wp-content\/uploads\/2024\/12\/GALLAND-ELEMENT-TEXTE-SITE_40-850x372-CH-1536x672.png 1536w, https:\/\/galland-sas.com\/wp-content\/uploads\/2024\/12\/GALLAND-ELEMENT-TEXTE-SITE_40-850x372-CH-2048x896.png 2048w, https:\/\/galland-sas.com\/wp-content\/uploads\/2024\/12\/GALLAND-ELEMENT-TEXTE-SITE_40-850x372-CH-18x8.png 18w, https:\/\/galland-sas.com\/wp-content\/uploads\/2024\/12\/GALLAND-ELEMENT-TEXTE-SITE_40-850x372-CH-1220x534.png 1220w, https:\/\/galland-sas.com\/wp-content\/uploads\/2024\/12\/GALLAND-ELEMENT-TEXTE-SITE_40-850x372-CH-1568x686.png 1568w\" sizes=\"auto, (max-width: 480px) 150px\" src=\"https:\/\/galland-sas.com\/wp-content\/uploads\/2024\/12\/GALLAND-ELEMENT-TEXTE-SITE_40-850x372-CH.png\" alt=\"Plus de 40 pays\" class=\"uag-image-58899\" width=\"407\" height=\"150\" title=\"\u622a\u56fe 2024-08-16 16.58.35\" loading=\"lazy\" role=\"img\"\/><\/figure><\/div>\n<\/div>\n<\/div><\/div>\n\n\n\n<div class=\"wp-block-uagb-container uagb-block-7c98dbc4 alignfull uagb-is-root-container\"><div class=\"uagb-container-inner-blocks-wrap\">\n<div class=\"wp-block-uagb-image uagb-block-edd14c79 wp-block-uagb-image--layout-default wp-block-uagb-image--effect-static wp-block-uagb-image--align-none\"><figure class=\"wp-block-uagb-image__figure\"><img decoding=\"async\" srcset=\"https:\/\/galland-sas.com\/wp-content\/uploads\/2024\/07\/CARTE-GALLAND-plaquette.svg ,https:\/\/galland-sas.com\/wp-content\/uploads\/2024\/07\/CARTE-GALLAND-plaquette.svg 780w, https:\/\/galland-sas.com\/wp-content\/uploads\/2024\/07\/CARTE-GALLAND-plaquette.svg 360w\" sizes=\"auto, (max-width: 480px) 150px\" src=\"https:\/\/galland-sas.com\/wp-content\/uploads\/2024\/07\/CARTE-GALLAND-plaquette.svg\" alt=\"\" class=\"uag-image-58579\" width=\"1214\" height=\"846\" title=\"CARD-GALLAND-\u5ba3\u4f20\u518c\" loading=\"lazy\" role=\"img\"\/><\/figure><\/div>\n<\/div><\/div>\n\n\n\n<div class=\"wp-block-uagb-container uagb-block-8cdbda4f alignfull uagb-is-root-container\"><div class=\"uagb-container-inner-blocks-wrap\">\n<div class=\"wp-block-uagb-container uagb-block-c6229ecd\">\n<h2 class=\"wp-block-heading\">\u91cf\u8eab\u5b9a\u5236\u7684\u9879\u76ee<\/h2>\n<\/div>\n\n\n\n<div class=\"wp-block-uagb-container uagb-block-16890117\">\n<div class=\"wp-block-uagb-container uagb-block-648db033\">\n<p>GALLAND \u516c\u53f8\u4e13\u95e8\u4ece\u4e8b\u94c1\u8def\u63a5\u89e6\u7f51\u7535\u529b\u8bbe\u5907\u7684\u8bbe\u8ba1\u3001\u5236\u9020\u548c\u8425\u9500\uff0c\u65e0\u8bba\u662f\u4f20\u7edf\u94c1\u8def\u3001\u9ad8\u901f\u94c1\u8def\u8fd8\u662f\u57ce\u5e02\u4ea4\u901a\uff0c\u662f\u6cd5\u56fd\u94c1\u8def\u884c\u4e1a\u7684\u652f\u67f1\u4e4b\u4e00\u3002<br>\u51ed\u501f 80 \u5e74\u7684\u4e13\u4e1a\u6280\u672f\u3001\u7814\u53d1\u548c\u5b9e\u8df5\uff0cGALLAND \u4e0d\u65ad\u6ee1\u8db3\u5ba2\u6237\u7684\u9700\u6c42\uff0c\u5982\u4eca\u6b63\u8f6c\u5411\u65b0\u7684\u6218\u7565\u65b9\u5411\uff0c\u8fd9\u662f\u94c1\u8def\u884c\u4e1a\u6280\u672f\u53d8\u9769\u7684\u4e00\u90e8\u5206\u3002.<\/p>\n<\/div>\n\n\n\n<div class=\"wp-block-uagb-container uagb-block-27963f38\">\n<p>\u901a\u8fc7\u751f\u6001\u8bbe\u8ba1\u3001\u8003\u8651\u73af\u5883\u5f71\u54cd\u3001\u4e0d\u65ad\u53d1\u5c55\u7684\u56fd\u9645\u5316\u548c\u6280\u672f\u8fdb\u6b65\uff0c\u6211\u4eec\u7684\u4e13\u5bb6\u548c\u4e13\u5bb6\u6bcf\u5929\u90fd\u81f4\u529b\u4e8e\u5e94\u5bf9\u6211\u4eec\u793e\u4f1a\u548c\u94c1\u8def\u90e8\u95e8\u8de8\u5883\u7684\u65b0\u6311\u6218\uff0c\u4ee5\u5b9e\u73b0\u66f4\u53ef\u6301\u7eed\u7684\u6d41\u52a8\u6027\u3002<br>GALLAND \u4e0e\u5408\u4f5c\u4f19\u4f34\u548c\u5ba2\u6237\u4e00\u8d77\u59cb\u7ec8\u81f4\u529b\u4e8e\u8d28\u91cf\u3001\u521b\u65b0\u548c\u670d\u52a1\u3002<\/p>\n<\/div>\n<\/div>\n<\/div><\/div>","protected":false},"excerpt":{"rendered":"<p>Galland\uff0c\u4e1a\u52a1\u904d\u53ca\u4e94\u5927\u6d32\uff01\u627f\u63a5\u5b9a\u5236\u9879\u76ee\u3002GALLAND \u4e13\u6ce8\u4e8e\u94c1\u8def\u884c\u4e1a\u67b6\u7a7a\u7ebf\u8def\u4f9b\u7535\u8bbe\u5907\u7684\u8bbe\u8ba1\u3001\u5236\u9020\u548c\u9500\u552e\uff0c\u6db5\u76d6\u4f20\u7edf\u94c1\u8def\u3001\u9ad8\u901f\u94c1\u8def\u548c\u57ce\u5e02\u4ea4\u901a\u7b49\u9886\u57df\uff0c\u662f\u6cd5\u56fd\u94c1\u8def\u884c\u4e1a\u7684\u652f\u67f1\u4f01\u4e1a\u3002\u51ed\u501f 80 \u5e74\u7684\u4e13\u4e1a\u7ecf\u9a8c\u3001\u7814\u53d1\u5b9e\u529b\u2026\u2026<\/p>","protected":false},"author":1,"featured_media":58685,"parent":0,"menu_order":3,"comment_status":"closed","ping_status":"closed","template":"templates\/template-page-projets.php","meta":{"_acf_changed":false,"_uag_custom_page_level_css":"","footnotes":""},"class_list":["post-58577","page","type-page","status-publish","has-post-thumbnail","hentry","entry"],"acf":[],"uagb_featured_image_src":{"full":["https:\/\/galland-sas.com\/wp-content\/uploads\/2024\/07\/header-projets.jpg",1600,629,false],"thumbnail":["https:\/\/galland-sas.com\/wp-content\/uploads\/2024\/07\/header-projets-150x150.jpg",150,150,true],"medium":["https:\/\/galland-sas.com\/wp-content\/uploads\/2024\/07\/header-projets-300x118.jpg",300,118,true],"medium_large":["https:\/\/galland-sas.com\/wp-content\/uploads\/2024\/07\/header-projets-768x302.jpg",768,302,true],"large":["https:\/\/galland-sas.com\/wp-content\/uploads\/2024\/07\/header-projets-1024x403.jpg",1024,403,true],"1536x1536":["https:\/\/galland-sas.com\/wp-content\/uploads\/2024\/07\/header-projets-1536x604.jpg",1536,604,true],"2048x2048":["https:\/\/galland-sas.com\/wp-content\/uploads\/2024\/07\/header-projets.jpg",1600,629,false],"trp-custom-language-flag":["https:\/\/galland-sas.com\/wp-content\/uploads\/2024\/07\/header-projets-18x7.jpg",18,7,true],"largexl":["https:\/\/galland-sas.com\/wp-content\/uploads\/2024\/07\/header-projets-1220x480.jpg",1220,480,true],"post-thumbnail":["https:\/\/galland-sas.com\/wp-content\/uploads\/2024\/07\/header-projets-1568x616.jpg",1568,616,true]},"uagb_author_info":{"display_name":"dfuzionadmin","author_link":"https:\/\/galland-sas.com\/zh\/author\/dfuzionadmin\/"},"uagb_comment_info":0,"uagb_excerpt":"Pr\u00e9sence de la soci\u00e9t\u00e9 Galland, pr\u00e9sent sur les 5 continents ! Des projets sur mesure Sp\u00e9cialis\u00e9e dans la conception, la fabrication et la commercialisation de mat\u00e9riel d\u2019alimentation \u00e9lectrique cat\u00e9naires pour le ferroviaire, qu\u2019elles soient conventionnelles, grandes vitesses ou pour les transports urbains, l\u2019entreprise GALLAND est l\u2019un des piliers du secteur ferroviaire fran\u00e7ais.Forte de 80 ann\u00e9es&hellip;","_links":{"self":[{"href":"https:\/\/galland-sas.com\/zh\/wp-json\/wp\/v2\/pages\/58577","targetHints":{"allow":["GET"]}}],"collection":[{"href":"https:\/\/galland-sas.com\/zh\/wp-json\/wp\/v2\/pages"}],"about":[{"href":"https:\/\/galland-sas.com\/zh\/wp-json\/wp\/v2\/types\/page"}],"author":[{"embeddable":true,"href":"https:\/\/galland-sas.com\/zh\/wp-json\/wp\/v2\/users\/1"}],"replies":[{"embeddable":true,"href":"https:\/\/galland-sas.com\/zh\/wp-json\/wp\/v2\/comments?post=58577"}],"version-history":[{"count":15,"href":"https:\/\/galland-sas.com\/zh\/wp-json\/wp\/v2\/pages\/58577\/revisions"}],"predecessor-version":[{"id":59767,"href":"https:\/\/galland-sas.com\/zh\/wp-json\/wp\/v2\/pages\/58577\/revisions\/59767"}],"wp:featuredmedia":[{"embeddable":true,"href":"https:\/\/galland-sas.com\/zh\/wp-json\/wp\/v2\/media\/58685"}],"wp:attachment":[{"href":"https:\/\/galland-sas.com\/zh\/wp-json\/wp\/v2\/media?parent=58577"}],"curies":[{"name":"\u53ef\u6e7f\u6027\u7c89\u5242","href":"https:\/\/api.w.org\/{rel}","templated":true}]}}