{"id":58891,"date":"2024-08-15T07:31:30","date_gmt":"2024-08-15T07:31:30","guid":{"rendered":"https:\/\/galland-sas.com\/?page_id=58891"},"modified":"2024-09-04T06:33:52","modified_gmt":"2024-09-04T06:33:52","slug":"politique-de-confidentialite-des-donnees","status":"publish","type":"page","link":"https:\/\/galland-sas.com\/zh\/politique-de-confidentialite-des-donnees\/","title":{"rendered":"\u6570\u636e\u9690\u79c1\u653f\u7b56"},"content":{"rendered":"<p><em>\u6700\u540e\u66f4\u65b0\u65f6\u95f4\uff1a2024 \u5e74 8 \u6708 10 \u65e5<\/em><\/p>\n\n\n\n<p>Galland SAS \u65e8\u5728\u6210\u4e3a\u6a21\u8303\u516c\u53f8\uff0c\u5e76\u4e3a\u4fdd\u62a4\u60a8\u7684\u4e2a\u4eba\u6570\u636e\u505a\u51fa\u8d21\u732e\u3002\u6211\u4eec\u975e\u5e38\u91cd\u89c6\u8bda\u5b9e\u548c\u6e05\u6670\uff0c\u5e76\u81f4\u529b\u4e8e\u5728\u4fe1\u4efb\u548c\u5171\u540c\u5229\u76ca\u7684\u57fa\u7840\u4e0a\u4e0e\u5ba2\u6237\u5efa\u7acb\u7262\u56fa\u3001\u6301\u4e45\u7684\u5173\u7cfb\u3002\u6839\u636e\u8fd9\u4e00\u7406\u5ff5\uff0c\u4fdd\u62a4\u60a8\u7684\u4e2a\u4eba\u6570\u636e\u5bf9\u6211\u4eec\u81f3\u5173\u91cd\u8981\uff0c\u6211\u4eec\u5e0c\u671b\u901a\u8fc7\u672c\u4e2a\u4eba\u6570\u636e\u4fdd\u62a4\u653f\u7b56\u544a\u77e5\u60a8\u6211\u4eec\u6536\u96c6\u548c\u5904\u7406\u8fd9\u4e9b\u6570\u636e\u7684\u65b9\u5f0f\u3002\u672c\u9690\u79c1\u653f\u7b56\u5b9a\u4e49\u5e76\u544a\u77e5\u60a8\u5f53\u60a8\u4f7f\u7528\u53ef\u901a\u8fc7\u4ee5\u4e0b URL \u8bbf\u95ee\u7684\u672c\u7f51\u7ad9\u65f6 Galland SAS \u4f7f\u7528\u548c\u4fdd\u62a4\u60a8\u4f20\u8f93\u7ed9\u6211\u4eec\u7684\u4fe1\u606f\uff08\u5982\u9002\u7528\uff09\u7684\u65b9\u5f0f\uff1ahttps:\/\/galland-sas .com\/\uff08\u4ee5\u4e0b\u7b80\u79f0\u201c\u7f51\u7ad9\u201d\uff09\u3002\u8bf7\u6ce8\u610f\uff0cGalland SAS \u53ef\u80fd\u968f\u65f6\u4fee\u6539\u6216\u8865\u5145\u672c\u4fdd\u5bc6\u653f\u7b56\uff0c\u7279\u522b\u662f\u4e3a\u4e86\u9075\u5b88\u4efb\u4f55\u7acb\u6cd5\u3001\u76d1\u7ba1\u3001\u6cd5\u7406\u5b66\u6216\u6280\u672f\u53d1\u5c55\u3002\u5728\u8fd9\u79cd\u60c5\u51b5\u4e0b\uff0c\u66f4\u65b0\u65e5\u671f\u5c06\u5728\u672c\u653f\u7b56\u7684\u9876\u90e8\u660e\u786e\u6807\u660e\u3002\u8fd9\u4e9b\u4fee\u6539\u4e00\u7ecf\u4e0a\u7ebf\u5373\u5bf9\u7528\u6237\u4ea7\u751f\u7ea6\u675f\u529b\u3002\u56e0\u6b64\uff0c\u7528\u6237\u5e94\u5b9a\u671f\u67e5\u9605\u672c\u4fdd\u5bc6\u548c cookie \u4f7f\u7528\u653f\u7b56\uff0c\u4ee5\u4e86\u89e3\u4efb\u4f55\u4fee\u6539\u3002<\/p>\n\n\n\n<h2 class=\"wp-block-heading\">\u4e2a\u4eba\u8d44\u6599<\/h2>\n\n\n\n<p>\u4e00\u822c\u6765\u8bf4\uff0c\u60a8\u65e0\u9700\u63d0\u4f9b\u4efb\u4f55\u4e2a\u4eba\u4fe1\u606f\u5373\u53ef\u8bbf\u95ee\u672c\u7f51\u7ad9\u3002\u65e0\u8bba\u5982\u4f55\uff0c\u60a8\u6ca1\u6709\u4e49\u52a1\u5c06\u6b64\u4fe1\u606f\u4f20\u8f93\u7ed9 Galland SAS\u3002\u4f46\u662f\uff0c\u5982\u679c\u62d2\u7edd\uff0c\u60a8\u53ef\u80fd\u65e0\u6cd5\u4ece\u60a8\u8bf7\u6c42\u7684\u67d0\u4e9b\u4fe1\u606f\u6216\u670d\u52a1\u4e2d\u53d7\u76ca\u3002\u56e0\u6b64\uff0c\u5728\u67d0\u4e9b\u60c5\u51b5\u4e0b\uff0cGalland SAS \u53ef\u80fd\u4f1a\u8981\u6c42\u60a8\u63d0\u4f9b\uff08\u4ee5\u4e0b\u7b80\u79f0\u201c\u4e2a\u4eba\u4fe1\u606f\u201d\uff09\uff1a \u540d\u5b57\u548c\u59d3\u6c0f\uff1b\u7535\u5b50\u90ae\u4ef6;\u7535\u8bdd\u53f7\u7801\uff1b\u90ae\u653f\u5730\u5740\uff1b\u60a8\u53ef\u80fd\u5411\u6211\u4eec\u53d1\u9001\u7684\u4efb\u4f55\u7279\u6b8a\u8bf7\u6c42\uff08\u4e3b\u8981\u7528\u4e8e\u5b58\u6863\u76ee\u7684\uff09\uff1b\u63d0\u4f9b\u6b64\u4fe1\u606f\u5373\u8868\u793a\u60a8\u660e\u786e\u540c\u610f Galland SAS \u5c06\u51fa\u4e8e\u4ee5\u4e0b\u7b2c 2 \u70b9\u4ee5\u53ca\u6bcf\u4efd\u8868\u683c\u672b\u5c3e\u6240\u8ff0\u7684\u76ee\u7684\u5bf9\u5176\u8fdb\u884c\u5904\u7406\u3002\u6839\u636e\u6b27\u6d32\u8bae\u4f1a2016\u5e744\u670814\u65e5\u901a\u8fc7\u7684\u300a\u901a\u7528\u6570\u636e\u4fdd\u62a4\u6761\u4f8b\u300b\u4ee5\u53ca1978\u5e741\u67086\u65e5\u4fee\u8ba2\u7684\u300a\u6570\u636e\u4fdd\u62a4\u6cd5\u300b\uff0cGalland SAS\u544a\u77e5\u60a8\u4ee5\u4e0b\u51e0\u70b9\uff1a<\/p>\n\n\n\n<h3 class=\"wp-block-heading\">1.1.\u6570\u636e\u63a7\u5236\u8005\u7684\u8eab\u4efd<\/h3>\n\n\n\n<p>\u6570\u636e\u63a7\u5236\u5668\u4e3aGalland SAS\uff0c\u5730\u5740\u4e3a255 Z.A. de l\u2019illot\u300133240 La Lande-de-Fronsac\u3001France\u3002<\/p>\n\n\n\n<p>\u7535\u5b50\u90ae\u4ef6\uff1awebcontact@galland-sas.com<\/p>\n\n\n\n<h3 class=\"wp-block-heading\">1.2.\u5904\u7406\u76ee\u7684<\/h3>\n\n\n\n<p>Galland SAS \u53ef\u80fd\u4f1a\u5904\u7406\u60a8\u7684\u4e2a\u4eba\u4fe1\u606f\uff1a (a) \u4e3a\u5411\u60a8\u63d0\u4f9b\u60a8\u8981\u6c42\u63a5\u6536\u7684\u4fe1\u606f\u6216\u670d\u52a1\uff08\u5728\u60a8\u6ce8\u518c\u540e\u53d1\u9001\u6211\u4eec\u7684\u65b0\u95fb\u901a\u8baf\uff09\uff1b\u548c\/\u6216 (b) \u51fa\u4e8e\u6536\u96c6\u4fe1\u606f\u7684\u76ee\u7684\uff0c\u4f7f\u6211\u4eec\u80fd\u591f\u6539\u8fdb\u6211\u4eec\u7684\u7f51\u7ad9\u3001\u6211\u4eec\u7684\u4ea7\u54c1\u548c\u670d\u52a1\uff08\u7279\u522b\u662f\u901a\u8fc7 cookie\uff09\u3002<\/p>\n\n\n\n<h3 class=\"wp-block-heading\">1.3.\u6536\u4ef6\u4eba<\/h3>\n\n\n\n<p>\u53ea\u6709 Galland SAS \u662f\u60a8\u4e2a\u4eba\u4fe1\u606f\u7684\u63a5\u6536\u8005\u3002\u5c3d\u7ba1 Galland SAS \u4f7f\u7528\u7684\u662f\u670d\u52a1\u63d0\u4f9b\u5546\uff0c\u4f46\u65e0\u8bba\u662f\u5355\u72ec\u8fd8\u662f\u6c47\u603b\u5f62\u5f0f\uff0c\u8fd9\u4e9b\u4fe1\u606f\u90fd\u4e0d\u4f1a\u4f20\u8f93\u7ed9\u7b2c\u4e09\u65b9\uff08\u60a8\u5c06\u5728\u4e0b\u9762\u7684\u7b2c 7 \u70b9\u4e2d\u627e\u5230\u6709\u5173\u5b83\u4eec\u7684\u66f4\u591a\u4fe1\u606f\uff09\u3002 Galland SAS \u53ca\u5176\u4efb\u4f55\u670d\u52a1\u63d0\u4f9b\u5546\u5747\u4e0d\u4f1a\u51fa\u552e\u5176\u7f51\u7ad9\u8bbf\u95ee\u8005\u548c\u7528\u6237\u7684\u4e2a\u4eba\u6570\u636e\u3002<\/p>\n\n\n\n<h3 class=\"wp-block-heading\">1.4.\u4fdd\u8d28\u671f<\/h3>\n\n\n\n<p>Galland SAS \u4ec5\u5728\u4e0e\u4e0a\u8ff0 2 \u4e2d\u6240\u793a\u7684\u6536\u96c6\u76ee\u7684\u76f8\u5bf9\u5e94\u7684\u65f6\u95f4\u5185\u4fdd\u7559\u60a8\u7684\u4e2a\u4eba\u4fe1\u606f\uff0c\u5728\u4efb\u4f55\u60c5\u51b5\u4e0b\u90fd\u4e0d\u80fd\u8d85\u8fc7 24 \u4e2a\u6708\u3002<\/p>\n\n\n\n<h3 class=\"wp-block-heading\">1.5.\u8ba1\u7b97\u673a\u6743\u5229\u548c\u81ea\u7531<\/h3>\n\n\n\n<p>\u60a8\u5bf9\u60a8\u7684\u4e2a\u4eba\u4fe1\u606f\u62e5\u6709\u4ee5\u4e0b\u6743\u5229\uff0c\u60a8\u53ef\u4ee5\u901a\u8fc7\u7535\u5b50\u90ae\u4ef6\u5730\u5740 (webcontact@galland-sas.com)\u3001\u90ae\u5bc4\u5730\u5740\uff08\u53c2\u89c1\u7b2c 1 \u70b9\uff09\u5199\u4fe1\u7ed9\u6211\u4eec\u6216\u4f7f\u7528\u7f51\u7ad9\u4e0a\u7684\u8054\u7cfb\u8868\u6765\u884c\u4f7f\u8fd9\u4e9b\u6743\u5229\u3002\u7ad9\u70b9\u4f4d\u4e8e\u4ee5\u4e0b URL\uff1ahttps:\/\/galland-sas.com\/contact<\/p>\n\n\n\n<h4 class=\"wp-block-heading\">\u6570\u636e\u8bbf\u95ee\u548c\u901a\u4fe1\u7684\u6743\u5229<\/h4>\n\n\n\n<p>\u60a8\u6709\u6743\u8bbf\u95ee\u4e0e\u60a8\u6709\u5173\u7684\u4e2a\u4eba\u4fe1\u606f\u3002\u7136\u800c\uff0c\u7531\u4e8e Galland SAS \u5728\u5904\u7406\u4e2a\u4eba\u6570\u636e\u65f6\u8d1f\u6709\u5b89\u5168\u548c\u4fdd\u5bc6\u4e49\u52a1\uff0c\u6211\u4eec\u901a\u77e5\u60a8\uff0c\u53ea\u8981\u60a8\u63d0\u4f9b\u8eab\u4efd\u8bc1\u660e\uff0c\u7279\u522b\u662f\u51fa\u793a\u60a8\u7684\u6709\u6548\u8eab\u4efd\u8bc1\u4ef6\u7684\u626b\u63cf\u4ef6\uff0c\u60a8\u7684\u8bf7\u6c42\u5c31\u4f1a\u5f97\u5230\u5904\u7406\uff08\u5982\u679c\u901a\u8fc7\u6211\u4eec\u4e13\u7528\u7684\u7535\u5b50\u8868\u683c\u63d0\u51fa\u8bf7\u6c42\uff09\u6216\u60a8\u6709\u6548\u8eab\u4efd\u8bc1\u4ef6\u7684\u7b7e\u540d\u590d\u5370\u4ef6\uff08\u5982\u679c\u662f\u4e66\u9762\u8bf7\u6c42\uff09\u3002 Galland SAS \u544a\u77e5\u60a8\uff0c\u5b83\u6709\u6743\u5728\u9002\u7528\u7684\u60c5\u51b5\u4e0b\u53cd\u5bf9\u660e\u663e\u6ee5\u7528\u7684\u8bf7\u6c42\uff08\u7531\u4e8e\u5176\u6570\u91cf\u3001\u91cd\u590d\u6027\u6216\u7cfb\u7edf\u6027\uff09\u3002\u4e3a\u4e86\u5728\u60a8\u7684\u8fc7\u7a0b\u4e2d\u4e3a\u60a8\u63d0\u4f9b\u5e2e\u52a9\uff0c\u7279\u522b\u662f\u5982\u679c\u60a8\u5e0c\u671b\u901a\u8fc7\u5411\u7b2c 1 \u70b9\u4e2d\u63d0\u5230\u7684\u90ae\u653f\u5730\u5740\u63d0\u51fa\u4e66\u9762\u8bf7\u6c42\u6765\u884c\u4f7f\u60a8\u7684\u8bbf\u95ee\u6743\uff0c\u60a8\u53ef\u4ee5\u901a\u8fc7\u5355\u51fb\u4ee5\u4e0b\u94fe\u63a5\u627e\u5230\u7531\u56fd\u5bb6\u59d4\u5458\u4f1a\u5236\u5b9a\u7684\u4fe1\u51fd\u8303\u672c\u3002\u4fe1\u606f\u6280\u672f\u548c\u81ea\u7531\uff08\u201cCNIL\u201d\uff09\u3002 https:\/\/www.cnil.fr\/fr\/modele\/courrier\/entreprises-son-droit-dacces<\/p>\n\n\n\n<h4 class=\"wp-block-heading\">\u6570\u636e\u66f4\u6b63\u6743<\/h4>\n\n\n\n<p>\u6839\u636e\u8fd9\u9879\u6743\u5229\uff0c\u7acb\u6cd5\u6388\u6743\u60a8\u8981\u6c42\u7ea0\u6b63\u3001\u66f4\u65b0\u3001\u963b\u6b62\u751a\u81f3\u5220\u9664\u4e0e\u60a8\u6709\u5173\u7684\u53ef\u80fd\u88ab\u8bc1\u660e\u4e0d\u51c6\u786e\u3001\u9519\u8bef\u3001\u4e0d\u5b8c\u6574\u6216\u8fc7\u65f6\u7684\u6570\u636e\u3002\u6b64\u5916\uff0c\u60a8\u8fd8\u53ef\u4ee5\u5b9a\u4e49\u4e0e\u60a8\u53bb\u4e16\u540e\u4e2a\u4eba\u6570\u636e\u7684\u547d\u8fd0\u76f8\u5173\u7684\u4e00\u822c\u548c\u5177\u4f53\u8bf4\u660e\u3002\u5982\u679c\u9002\u7528\uff0c\u6b7b\u8005\u7684\u7ee7\u627f\u4eba\u53ef\u4ee5\u8981\u6c42\u8003\u8651\u5176\u4eb2\u4eba\u7684\u6b7b\u4ea1\u548c\/\u6216\u8fdb\u884c\u5fc5\u8981\u7684\u66f4\u65b0\u3002\u4e3a\u4e86\u5728\u60a8\u7684\u8fc7\u7a0b\u4e2d\u4e3a\u60a8\u63d0\u4f9b\u5e2e\u52a9\uff0c\u7279\u522b\u662f\u5982\u679c\u60a8\u5e0c\u671b\u4ee3\u8868\u60a8\u81ea\u5df1\u6216\u4ee3\u8868\u60a8\u5df2\u6545\u4eb2\u4eba\u4e4b\u4e00\uff0c\u901a\u8fc7\u5411\u7b2c 1 \u70b9\u4e2d\u63d0\u5230\u7684\u90ae\u653f\u5730\u5740\u63d0\u51fa\u4e66\u9762\u8bf7\u6c42\u6765\u884c\u4f7f\u66f4\u6b63\u6743\uff0c\u60a8\u5c06\u5355\u51fb\u4ee5\u4e0b\u94fe\u63a5\u53ef\u627e\u5230 CNIL \u5236\u5b9a\u7684\u793a\u8303\u4fe1\u51fd\u3002 https:\/\/www.cnil.fr\/fr\/modele\/courrier\/rectifier-des-donnees-inexactes-obsoletes-ou-perimees<\/p>\n\n\n\n<h4 class=\"wp-block-heading\">\u53cd\u5bf9\u6743<\/h4>\n\n\n\n<p>\u53ea\u6709\u5728\u4ee5\u4e0b\u4e24\u79cd\u60c5\u51b5\u4e4b\u4e00\u7684\u60c5\u51b5\u4e0b\uff0c\u624d\u53ef\u4ee5\u884c\u4f7f\u8be5\u6743\u5229\uff1a \u884c\u4f7f\u8be5\u6743\u5229\u6709\u5408\u6cd5\u7406\u7531\u65f6\uff1b\u5f53\u884c\u4f7f\u8be5\u6743\u5229\u7684\u76ee\u7684\u662f\u9632\u6b62\u6536\u96c6\u7684\u6570\u636e\u88ab\u7528\u4e8e\u5546\u4e1a\u52d8\u63a2\u76ee\u7684\u65f6\u3002\u4e3a\u4e86\u5728\u60a8\u7684\u6d41\u7a0b\u4e2d\u4e3a\u60a8\u63d0\u4f9b\u5e2e\u52a9\uff0c\u7279\u522b\u662f\u5982\u679c\u60a8\u5e0c\u671b\u901a\u8fc7\u5411\u7b2c 1 \u70b9\u4e2d\u6240\u793a\u7684\u90ae\u653f\u5730\u5740\u53d1\u9001\u4e66\u9762\u8bf7\u6c42\u6765\u884c\u4f7f\u53cd\u5bf9\u6743\uff0c\u60a8\u53ef\u4ee5\u901a\u8fc7\u5355\u51fb\u4ee5\u4e0b\u94fe\u63a5\u627e\u5230 CNIL \u5236\u5b9a\u7684\u4fe1\u51fd\u8303\u672c\u3002 https:\/\/www.cnil.fr\/fr\/modele\/courrier\/supprimer-des-information-vous-concernant-dun-site-internet \u4f46\u662f\uff0c\u6211\u4eec\u4e3a\u60a8\u63d0\u4f9b\u76f4\u63a5\u5728\u6211\u4eec\u7f51\u7ad9\u4e0a\u7ba1\u7406\u6570\u636e\u7684\u5de5\u5177\u3002\u60a8\u5c06\u5728\u9875\u9762\u5e95\u90e8\u627e\u5230\u5b83\u4eec\u3002\u5982\u679c\u60a8\u5728\u4f7f\u7528\u65f6\u9047\u5230\u4efb\u4f55\u95ee\u9898\uff0c\u8bf7\u8054\u7cfb\u6211\u4eec\u3002<\/p>\n\n\n\n<h3 class=\"wp-block-heading\">1.6.\u54cd\u5e94\u65f6\u95f4<\/h3>\n\n\n\n<p>Galland SAS \u627f\u8bfa\u5728\u5408\u7406\u7684\u65f6\u95f4\u5185\uff08\u81ea\u6536\u5230\u60a8\u7684\u8bf7\u6c42\u540e\u4e0d\u8d85\u8fc7 1 \u4e2a\u6708\uff09\u56de\u590d\u60a8\u7684\u8bbf\u95ee\u3001\u66f4\u6b63\u6216\u53cd\u5bf9\u8bf7\u6c42\u6216\u4efb\u4f55\u5176\u4ed6\u989d\u5916\u7684\u4fe1\u606f\u8bf7\u6c42\u3002<\/p>\n\n\n\n<h3 class=\"wp-block-heading\">1.7.\u6388\u6743\u670d\u52a1\u63d0\u4f9b\u5546\u5e76\u8f6c\u79fb\u81f3\u6b27\u76df\u7b2c\u4e09\u56fd<\/h3>\n\n\n\n<p>Galland SAS \u901a\u77e5\u60a8\uff0c\u5b83\u4f7f\u7528\u5176\u6388\u6743\u670d\u52a1\u63d0\u4f9b\u5546\u6765\u4fc3\u8fdb\u60a8\u5411\u6211\u4eec\u4f20\u8fbe\u7684\u6570\u636e\u7684\u6536\u96c6\u548c\u5904\u7406\u3002\u8fd9\u4e9b\u670d\u52a1\u63d0\u4f9b\u5546\u53ef\u80fd\u4f4d\u4e8e\u6b27\u76df\u5883\u5916\uff0c\u5e76\u901a\u8fc7\u7f51\u7ad9\u4e0a\u7684\u5404\u79cd\u8868\u683c\uff08\u5141\u8bb8\u60a8\u884c\u4f7f Galland SAS \u63d0\u4f9b\u548c\u4f7f\u7528\u7684\u6570\u636e\u4fdd\u62a4\u6743\u5229\u7684\u8868\u683c\u9664\u5916\uff09\u6536\u96c6\u6570\u636e\u8fdb\u884c\u901a\u4fe1\u3002<\/p>\n\n\n\n<h3 class=\"wp-block-heading\">1.8.\u5411\u4e3b\u7ba1\u5f53\u5c40\u6295\u8bc9<\/h3>\n\n\n\n<p>\u5982\u679c\u60a8\u8ba4\u4e3aGalland SAS\u6ca1\u6709\u9075\u5b88\u5176\u5bf9\u60a8\u7684\u4e2a\u4eba\u4fe1\u606f\u7684\u4e49\u52a1\uff0c\u60a8\u53ef\u4ee5\u5411\u4e3b\u7ba1\u5f53\u5c40\u63d0\u51fa\u6295\u8bc9\u6216\u8bf7\u6c42\u3002\u5728 France \u4e2d\uff0c\u4e3b\u7ba1\u673a\u6784\u662f CNIL\uff0c\u60a8\u53ef\u4ee5\u901a\u8fc7\u70b9\u51fb\u4ee5\u4e0b\u94fe\u63a5\u4ee5\u7535\u5b50\u65b9\u5f0f\u5411\u5176\u53d1\u9001\u8bf7\u6c42\uff1ahttps:\/\/www.cnil.fr\/fr\/plaintes\/internet\u3002<\/p>","protected":false},"excerpt":{"rendered":"<p>\u6700\u540e\u66f4\u65b0\u65e5\u671f\uff1a2024 \u5e74 8 \u6708 10 \u65e5 Galland SAS \u65e8\u5728\u6210\u4e3a\u6a21\u8303\u516c\u53f8\uff0c\u5e76\u4e3a\u4fdd\u62a4\u60a8\u7684\u4e2a\u4eba\u6570\u636e\u505a\u51fa\u8d21\u732e\u3002\u6211\u4eec\u975e\u5e38\u91cd\u89c6\u8bda\u5b9e\u548c\u6e05\u6670\uff0c\u5e76\u81f4\u529b\u4e8e\u5728\u4fe1\u4efb\u548c\u5171\u540c\u5229\u76ca\u7684\u57fa\u7840\u4e0a\u4e0e\u5ba2\u6237\u5efa\u7acb\u7262\u56fa\u3001\u6301\u4e45\u7684\u5173\u7cfb\u3002\u6839\u636e\u2026<\/p>","protected":false},"author":1,"featured_media":58685,"parent":0,"menu_order":22,"comment_status":"closed","ping_status":"closed","template":"","meta":{"_acf_changed":false,"_uag_custom_page_level_css":"","footnotes":""},"class_list":["post-58891","page","type-page","status-publish","has-post-thumbnail","hentry","entry"],"acf":[],"uagb_featured_image_src":{"full":["https:\/\/galland-sas.com\/wp-content\/uploads\/2024\/07\/header-projets.jpg",1600,629,false],"thumbnail":["https:\/\/galland-sas.com\/wp-content\/uploads\/2024\/07\/header-projets-150x150.jpg",150,150,true],"medium":["https:\/\/galland-sas.com\/wp-content\/uploads\/2024\/07\/header-projets-300x118.jpg",300,118,true],"medium_large":["https:\/\/galland-sas.com\/wp-content\/uploads\/2024\/07\/header-projets-768x302.jpg",768,302,true],"large":["https:\/\/galland-sas.com\/wp-content\/uploads\/2024\/07\/header-projets-1024x403.jpg",1024,403,true],"1536x1536":["https:\/\/galland-sas.com\/wp-content\/uploads\/2024\/07\/header-projets-1536x604.jpg",1536,604,true],"2048x2048":["https:\/\/galland-sas.com\/wp-content\/uploads\/2024\/07\/header-projets.jpg",1600,629,false],"trp-custom-language-flag":["https:\/\/galland-sas.com\/wp-content\/uploads\/2024\/07\/header-projets-18x7.jpg",18,7,true],"largexl":["https:\/\/galland-sas.com\/wp-content\/uploads\/2024\/07\/header-projets-1220x480.jpg",1220,480,true],"post-thumbnail":["https:\/\/galland-sas.com\/wp-content\/uploads\/2024\/07\/header-projets-1568x616.jpg",1568,616,true]},"uagb_author_info":{"display_name":"dfuzionadmin","author_link":"https:\/\/galland-sas.com\/zh\/author\/dfuzionadmin\/"},"uagb_comment_info":0,"uagb_excerpt":"Derni\u00e8re mise \u00e0 jour : 10 ao\u00fbt 2024 Galland SAS a pour ambition d\u2019\u00eatre une soci\u00e9t\u00e9 exemplaire et de contribuer \u00e0 la protection de vos donn\u00e9es personnelles. Nous accordons une grande valeur \u00e0 l\u2019honn\u00eatet\u00e9 et \u00e0 la clart\u00e9 et avons \u00e0 c\u0153ur de construire avec nos clients des relations fortes et durables, fond\u00e9es sur la&hellip;","_links":{"self":[{"href":"https:\/\/galland-sas.com\/zh\/wp-json\/wp\/v2\/pages\/58891","targetHints":{"allow":["GET"]}}],"collection":[{"href":"https:\/\/galland-sas.com\/zh\/wp-json\/wp\/v2\/pages"}],"about":[{"href":"https:\/\/galland-sas.com\/zh\/wp-json\/wp\/v2\/types\/page"}],"author":[{"embeddable":true,"href":"https:\/\/galland-sas.com\/zh\/wp-json\/wp\/v2\/users\/1"}],"replies":[{"embeddable":true,"href":"https:\/\/galland-sas.com\/zh\/wp-json\/wp\/v2\/comments?post=58891"}],"version-history":[{"count":4,"href":"https:\/\/galland-sas.com\/zh\/wp-json\/wp\/v2\/pages\/58891\/revisions"}],"predecessor-version":[{"id":59245,"href":"https:\/\/galland-sas.com\/zh\/wp-json\/wp\/v2\/pages\/58891\/revisions\/59245"}],"wp:featuredmedia":[{"embeddable":true,"href":"https:\/\/galland-sas.com\/zh\/wp-json\/wp\/v2\/media\/58685"}],"wp:attachment":[{"href":"https:\/\/galland-sas.com\/zh\/wp-json\/wp\/v2\/media?parent=58891"}],"curies":[{"name":"\u53ef\u6e7f\u6027\u7c89\u5242","href":"https:\/\/api.w.org\/{rel}","templated":true}]}}