{"id":58893,"date":"2024-08-15T07:40:44","date_gmt":"2024-08-15T07:40:44","guid":{"rendered":"https:\/\/galland-sas.com\/?page_id=58893"},"modified":"2024-08-15T07:41:26","modified_gmt":"2024-08-15T07:41:26","slug":"mentions-legales","status":"publish","type":"page","link":"https:\/\/galland-sas.com\/zh\/mentions-legales\/","title":{"rendered":"\u6cd5\u5f8b\u58f0\u660e"},"content":{"rendered":"<div class=\"wp-block-uagb-container uagb-block-725d03a5 alignfull uagb-is-root-container\"><div class=\"uagb-container-inner-blocks-wrap\">\n<p><strong>\u6709\u5173\u7f51\u7ad9\u7f16\u8f91\u5668\u7684\u4fe1\u606f<\/strong><\/p>\n\n\n\n<p>galland-sas.com \u7f51\u7ad9\u7531 Galland SAS \u516c\u53f8\u53d1\u5e03\uff0c\u5176\u603b\u90e8\u4f4d\u4e8e 255 ZA de l\u2019Illot 33240 La Lande-de-Fronsac \u2013 France<\/p>\n\n\n\n<p>\u2013 \u8d1f\u8d23\u64b0\u5199\u548c\u51fa\u7248\uff1a <\/p>\n\n\n\n<p><strong>\u7f51\u7ad9\u521b\u5efa\u548c\u8bbe\u8ba1<\/strong><\/p>\n\n\n\n<p><strong><a href=\"https:\/\/ka2com.fr\/\" target=\"_blank\" rel=\"noopener\">KA2\u901a\u8baf<\/a>\u00a0<\/strong>\u8fdb\u884c\u4e86\u7f51\u7ad9\u7684\u56fe\u5f62\u548c\u529f\u80fd\u8bbe\u8ba1\u53ca\u5176\u53c2\u8003\uff0c\u5e76\u786e\u4fdd\u5176\u6258\u7ba1\u7684\u6280\u672f\u76d1\u63a7\u3002<br>\u8be5\u7f51\u7ad9\u7531\u8be5\u516c\u53f8\u6258\u7ba1 <strong>OVH<\/strong>, 2 rue Kellermann 59100 \u9c81\u8d1d\u3002<\/p>\n\n\n\n<p><strong>\u8ba1\u7b97\u673a\u4e0e\u81ea\u7531<\/strong><\/p>\n\n\n\n<p>\u6211\u4eec\u5bf9\u60a8\u901a\u8fc7 galland-sas.com \u627e\u5230\u7684\u5176\u4ed6\u7f51\u7ad9\u63d0\u4f9b\u7684\u6570\u636e\u4e0d\u627f\u62c5\u4efb\u4f55\u8d23\u4efb\u3002<\/p>\n\n\n\n<p><strong>Cookie \u548c\u6570\u636e\u9690\u79c1\u653f\u7b56<\/strong><\/p>\n\n\n\n<p>\u901a\u8fc7\u53d1\u9001\u7535\u5b50\u90ae\u4ef6\u6216\u4f7f\u7528\u8054\u7cfb\u9875\u9762\u4e0a\u7684\u8868\u683c\u4f20\u8f93\u7684\u6709\u5173\u60a8\u7684\u4fe1\u606f\u53d7\u6b27\u6d32\u6cd5\u5f8b (GDPR) \u7ba1\u8f96\u3002\u5b83\u4eec\u4e13\u95e8\u7528\u4e8e Galland SAS\u3002\u6211\u4eec\u9080\u8bf7\u60a8\u9605\u8bfb\u6211\u4eec\u7684\u6570\u636e\u9690\u79c1\u653f\u7b56\uff0c\u5e76\u4f7f\u7528\u9875\u9762\u5e95\u90e8\u7684\u5de5\u5177\u5728\u6211\u4eec\u7684 cookie \u9875\u9762\u4e0a\u884c\u4f7f\u60a8\u7684\u6743\u5229\u3002<\/p>\n\n\n\n<p><strong>\u4fe1\u606f\u8303\u56f4<\/strong><\/p>\n\n\n\n<p>\u672c\u7f51\u7ad9\u5305\u542b\u7684\u4fe1\u606f\u4ec5\u4f9b\u53c2\u8003\u3002\u5b83\u4eec\u65e2\u6ca1\u6709\u5408\u540c\u4ef7\u503c\uff0c\u4e5f\u6ca1\u6709\u8be6\u5c3d\u7684\u4ef7\u503c\u3002\u5c3d\u7ba1\u6211\u4eec\u7684\u7f16\u8f91\u548c\u6280\u672f\u56e2\u961f\u5728\u64b0\u5199\u548c\u5728\u7ebf\u53d1\u5e03\u6587\u6863\u65f6\u975e\u5e38\u5c0f\u5fc3\uff0c\u4f46\u4ecd\u4e0d\u80fd\u6392\u9664\u5370\u5237\u9519\u8bef\u6216\u6280\u672f\u4e0d\u51c6\u786e\u7684\u60c5\u51b5\u3002 Galland SAS \u4fdd\u7559\u5728\u6ce8\u610f\u5230\u8fd9\u4e9b\u95ee\u9898\u540e\u968f\u65f6\u4e88\u4ee5\u66f4\u6b63\u7684\u6743\u5229\u3002\u6b64\u5916\uff0c\u5b83\u8fd8\u8b66\u544a\u7f51\u7ad9\u7528\u6237\uff0c\u4ed6\u4eec\u6709\u8d23\u4efb\u901a\u8fc7\u4ed6\u4eec\u8ba4\u4e3a\u9002\u5f53\u7684\u4efb\u4f55\u65b9\u5f0f\u9a8c\u8bc1\u4fe1\u606f\u3002 galland-sas.com \u7f51\u7ad9\u4e0a\u5305\u542b\u7684\u4fe1\u606f\u548c\u6587\u6863\u53ef\u80fd\u968f\u65f6\u66f4\u65b0\u3002\u7279\u522b\u662f\uff0c\u5b83\u4eec\u53ef\u80fd\u4f1a\u5728\u4e92\u8054\u7f51\u7528\u6237\u4e0b\u8f7d\u5b83\u4eec\u7684\u65f6\u95f4\u548c\u4ed6\u4eec\u610f\u8bc6\u5230\u5b83\u4eec\u7684\u65f6\u95f4\u4e4b\u95f4\u8fdb\u884c\u66f4\u65b0\u3002 Galland SAS \u5bf9\u7531\u4e8e\u4fe1\u606f\u88ab\u6ee5\u7528\u548c\/\u6216\u88ab\u8bc1\u660e\u4e0d\u51c6\u786e\u6216\u4e0d\u5b8c\u6574\uff0c\u6216\u7531\u4e8e\u7b2c\u4e09\u65b9\u7684\u6b3a\u8bc8\u6027\u4fb5\u5165\u5bfc\u81f4\u7f51\u7ad9\u4e0a\u63d0\u4f9b\u7684\u4fe1\u606f\u88ab\u4fee\u6539\u800c\u9020\u6210\u7684\u4efb\u4f55\u76f4\u63a5\u6216\u95f4\u63a5\u635f\u5931\u4e0d\u627f\u62c5\u4efb\u4f55\u8d23\u4efb\u3002\u66f4\u4e00\u822c\u800c\u8a00\uff0cGalland SAS \u5bf9\u56e0\u4efb\u4f55\u4eba\u8bbf\u95ee\u672c\u7f51\u7ad9\u6216\u65e0\u6cd5\u8bbf\u95ee\u672c\u7f51\u7ad9\u3001\u6216\u7531\u4e8e\u4f7f\u7528\u672c\u7f51\u7ad9\u548c\/\u6216\u7ed9\u4e88\u76f4\u63a5\u6216\u95f4\u63a5\u6765\u81ea\u8be5\u7f51\u7ad9\u7684\u4efb\u4f55\u4fe1\u606f\u7684\u4fe1\u7528\u3002<\/p>\n<\/div><\/div>\n\n\n\n<div style=\"height:100px\" aria-hidden=\"true\" class=\"wp-block-spacer\"><\/div>","protected":false},"excerpt":{"rendered":"<p>\u6709\u5173\u7f51\u7ad9\u53d1\u5e03\u8005\u7684\u4fe1\u606f galland-sas.com \u7f51\u7ad9\u7531 Galland SAS \u516c\u53f8\u53d1\u5e03\uff0c\u5176\u603b\u90e8\u4f4d\u4e8e 255 ZA de l&#039;Illot 33240 La Lande-de-Fronsac \u2013 France \u2013 \u8d1f\u8d23\u64b0\u5199\u548c\u53d1\u5e03\uff1a\u7f51\u7ad9\u521b\u5efa\u548c\u8bbe\u8ba1 KA2 \u8fdb\u884c\u6c9f\u901a\u7f51\u7ad9\u7684\u56fe\u5f62\u548c\u529f\u80fd\u8bbe\u8ba1\u3001\u5176\u53c2\u8003\uff0c\u5e76\u786e\u4fdd\u2026\u2026<\/p>","protected":false},"author":1,"featured_media":58685,"parent":0,"menu_order":23,"comment_status":"closed","ping_status":"closed","template":"","meta":{"_acf_changed":false,"_uag_custom_page_level_css":"","footnotes":""},"class_list":["post-58893","page","type-page","status-publish","has-post-thumbnail","hentry","entry"],"acf":[],"uagb_featured_image_src":{"full":["https:\/\/galland-sas.com\/wp-content\/uploads\/2024\/07\/header-projets.jpg",1600,629,false],"thumbnail":["https:\/\/galland-sas.com\/wp-content\/uploads\/2024\/07\/header-projets-150x150.jpg",150,150,true],"medium":["https:\/\/galland-sas.com\/wp-content\/uploads\/2024\/07\/header-projets-300x118.jpg",300,118,true],"medium_large":["https:\/\/galland-sas.com\/wp-content\/uploads\/2024\/07\/header-projets-768x302.jpg",768,302,true],"large":["https:\/\/galland-sas.com\/wp-content\/uploads\/2024\/07\/header-projets-1024x403.jpg",1024,403,true],"1536x1536":["https:\/\/galland-sas.com\/wp-content\/uploads\/2024\/07\/header-projets-1536x604.jpg",1536,604,true],"2048x2048":["https:\/\/galland-sas.com\/wp-content\/uploads\/2024\/07\/header-projets.jpg",1600,629,false],"trp-custom-language-flag":["https:\/\/galland-sas.com\/wp-content\/uploads\/2024\/07\/header-projets-18x7.jpg",18,7,true],"largexl":["https:\/\/galland-sas.com\/wp-content\/uploads\/2024\/07\/header-projets-1220x480.jpg",1220,480,true],"post-thumbnail":["https:\/\/galland-sas.com\/wp-content\/uploads\/2024\/07\/header-projets-1568x616.jpg",1568,616,true]},"uagb_author_info":{"display_name":"dfuzionadmin","author_link":"https:\/\/galland-sas.com\/zh\/author\/dfuzionadmin\/"},"uagb_comment_info":0,"uagb_excerpt":"Informations sur l\u2019\u00e9diteur du site Le site galland-sas.com est \u00e9dit\u00e9 par la soci\u00e9t\u00e9 Galland SAS dont le si\u00e8ge social est situ\u00e9 255 Z.A. de l\u2019Illot 33240 La Lande-de-Fronsac &#8211; France \u2013 Responsable de la r\u00e9daction et de la publication : R\u00e9alisation du site et conception KA2 Communication\u00a0a r\u00e9alis\u00e9 la conception graphique et fonctionnelle du site,&hellip;","_links":{"self":[{"href":"https:\/\/galland-sas.com\/zh\/wp-json\/wp\/v2\/pages\/58893","targetHints":{"allow":["GET"]}}],"collection":[{"href":"https:\/\/galland-sas.com\/zh\/wp-json\/wp\/v2\/pages"}],"about":[{"href":"https:\/\/galland-sas.com\/zh\/wp-json\/wp\/v2\/types\/page"}],"author":[{"embeddable":true,"href":"https:\/\/galland-sas.com\/zh\/wp-json\/wp\/v2\/users\/1"}],"replies":[{"embeddable":true,"href":"https:\/\/galland-sas.com\/zh\/wp-json\/wp\/v2\/comments?post=58893"}],"version-history":[{"count":1,"href":"https:\/\/galland-sas.com\/zh\/wp-json\/wp\/v2\/pages\/58893\/revisions"}],"predecessor-version":[{"id":58894,"href":"https:\/\/galland-sas.com\/zh\/wp-json\/wp\/v2\/pages\/58893\/revisions\/58894"}],"wp:featuredmedia":[{"embeddable":true,"href":"https:\/\/galland-sas.com\/zh\/wp-json\/wp\/v2\/media\/58685"}],"wp:attachment":[{"href":"https:\/\/galland-sas.com\/zh\/wp-json\/wp\/v2\/media?parent=58893"}],"curies":[{"name":"\u53ef\u6e7f\u6027\u7c89\u5242","href":"https:\/\/api.w.org\/{rel}","templated":true}]}}